{"id":132075,"date":"2024-02-12T16:21:03","date_gmt":"2024-02-12T15:21:03","guid":{"rendered":"https:\/\/bleu-minuit.com\/?page_id=132075"},"modified":"2025-05-28T14:22:06","modified_gmt":"2025-05-28T12:22:06","slug":"eine-ecolodge-buchen","status":"publish","type":"page","link":"https:\/\/bleu-minuit.com\/de\/eine-ecolodge-buchen\/","title":{"rendered":"Eine Ecolodge buchen"},"content":{"rendered":"<div class=\"wpb-content-wrapper\"><p>[vc_row row_height_percent=&#8220;0&#8243; back_color=&#8220;color-210407&#8243; overlay_alpha=&#8220;50&#8243; gutter_size=&#8220;3&#8243; column_width_percent=&#8220;100&#8243; shift_y=&#8220;0&#8243; z_index=&#8220;0&#8243; uncode_shortcode_id=&#8220;131434&#8243; back_color_type=&#8220;uncode-palette&#8220;][vc_column column_width_percent=&#8220;100&#8243; gutter_size=&#8220;3&#8243; overlay_alpha=&#8220;50&#8243; shift_x=&#8220;0&#8243; shift_y=&#8220;1&#8243; shift_y_down=&#8220;0&#8243; z_index=&#8220;0&#8243; medium_width=&#8220;0&#8243; mobile_width=&#8220;0&#8243; width=&#8220;1\/1&#8243; uncode_shortcode_id=&#8220;207399&#8243;][vc_single_image media=&#8220;80738&#8243; media_width_use_pixel=&#8220;yes&#8220; alignment=&#8220;center&#8220; uncode_shortcode_id=&#8220;199708&#8243; media_width_pixel=&#8220;240&#8243; media_link=&#8220;url:https%3A%2F%2Fbleu-minuit.com%2F|title:V3%20%E2%80%93%20Home%20page&#8220;][\/vc_column][\/vc_row][vc_row unlock_row_content=&#8220;yes&#8220; row_height_percent=&#8220;0&#8243; override_padding=&#8220;yes&#8220; h_padding=&#8220;2&#8243; top_padding=&#8220;2&#8243; bottom_padding=&#8220;4&#8243; back_color=&#8220;color-210407&#8243; overlay_alpha=&#8220;50&#8243; equal_height=&#8220;yes&#8220; gutter_size=&#8220;3&#8243; column_width_percent=&#8220;100&#8243; shift_y=&#8220;0&#8243; z_index=&#8220;0&#8243; uncode_shortcode_id=&#8220;360227&#8243; back_color_type=&#8220;uncode-palette&#8220;][vc_column column_width_percent=&#8220;100&#8243; gutter_size=&#8220;2&#8243; override_padding=&#8220;yes&#8220; column_padding=&#8220;3&#8243; style=&#8220;light&#8220; back_color=&#8220;color-xsdn&#8220; overlay_alpha=&#8220;50&#8243; shift_x=&#8220;0&#8243; shift_y=&#8220;0&#8243; shift_y_down=&#8220;0&#8243; z_index=&#8220;0&#8243; medium_width=&#8220;0&#8243; mobile_width=&#8220;0&#8243; width=&#8220;1\/3&#8243; uncode_shortcode_id=&#8220;142153&#8243; back_color_type=&#8220;uncode-palette&#8220;][vc_row_inner row_inner_height_percent=&#8220;0&#8243; overlay_alpha=&#8220;50&#8243; equal_height=&#8220;yes&#8220; gutter_size=&#8220;3&#8243; shift_y=&#8220;0&#8243; z_index=&#8220;0&#8243; limit_content=&#8220;&#8220; uncode_shortcode_id=&#8220;850844&#8243; row_height_pixel=&#8220;240&#8243;][vc_column_inner column_width_percent=&#8220;100&#8243; gutter_size=&#8220;3&#8243; back_image=&#8220;92727&#8243; overlay_alpha=&#8220;50&#8243; shadow=&#8220;std&#8220; shift_x=&#8220;0&#8243; shift_y=&#8220;0&#8243; shift_y_down=&#8220;0&#8243; z_index=&#8220;0&#8243; medium_width=&#8220;0&#8243; mobile_width=&#8220;0&#8243; width=&#8220;1\/1&#8243; uncode_shortcode_id=&#8220;170452&#8243; mobile_height=&#8220;200&#8243;][\/vc_column_inner][\/vc_row_inner][vc_empty_space empty_h=&#8220;1&#8243;][vc_custom_heading heading_semantic=&#8220;h5&#8243; text_size=&#8220;&#8220; badge_style=&#8220;yes&#8220; radius=&#8220;xs&#8220; uncode_shortcode_id=&#8220;810874&#8243; back_color_type=&#8220;uncode-solid&#8220; back_color_solid=&#8220;rgba(194,154,110,0.27)&#8220;]Gastronomisch[\/vc_custom_heading][vc_custom_heading text_size=&#8220;&#8220; uncode_shortcode_id=&#8220;782350&#8243;]L&#8217;Arche<span style=\"color: #c29a6e;\">.<\/span>[\/vc_custom_heading][vc_custom_heading heading_semantic=&#8220;h3&#8243; text_size=&#8220;h4&#8243; text_weight=&#8220;400&#8243; text_height=&#8220;fontheight-167865&#8243; text_space=&#8220;fontspace-167942&#8243; uncode_shortcode_id=&#8220;969067&#8243;]G\u00f6nnen Sie sich im Herzen des Naturparks der Nordvogesen einen <strong>Aufenthalt mit einem gastronomischen Abendessen<\/strong> bei unserem Partner, dem Restaurant Anthon.[\/vc_custom_heading][uncode_list icon=&#8220;fa fa-circle-check&#8220; icon_color=&#8220;accent&#8220; uncode_shortcode_id=&#8220;180435&#8243; icon_color_type=&#8220;uncode-palette&#8220;]<\/p>\n<h3><strong>Obersteinbach &#8211; 1 Stunde von Stra\u00dfburg entfernt<\/strong><\/h3>\n<ul>\n<li><span style=\"font-weight: 400;\">Die ungew\u00f6hnliche \u00dcbernachtung in einer Ecolodge mit zenithischem Glasdach, um die Sterne zu bewundern<\/span><\/li>\n<li><span style=\"font-weight: 400;\">Die Halbpension mit Fr\u00fchst\u00fccksbuffet mit Bio-Produkten und Abendessen mit gastronomischer Option<\/span><\/li>\n<li><span style=\"font-weight: 400;\">Zugang zu Sauna und nordischem Bad<\/span><\/li>\n<\/ul>\n<p>[\/uncode_list][vc_empty_space empty_h=&#8220;0&#8243;][vc_button button_color=&#8220;accent&#8220; size=&#8220;btn-lg&#8220; hover_fx=&#8220;full-colored&#8220; border_width=&#8220;0&#8243; scale_mobile=&#8220;no&#8220; link=&#8220;url:https%3A%2F%2Fbleu-minuit.com%2Freserver-un-lodge%2F%23de|title:R%C3%A9server&#8220; button_color_type=&#8220;uncode-palette&#8220; uncode_shortcode_id=&#8220;165590&#8243;]Buchen[\/vc_button][\/vc_column][vc_column column_width_percent=&#8220;100&#8243; gutter_size=&#8220;2&#8243; override_padding=&#8220;yes&#8220; column_padding=&#8220;3&#8243; style=&#8220;dark&#8220; back_color=&#8220;color-210407&#8243; overlay_alpha=&#8220;50&#8243; preserve_border=&#8220;yes&#8220; preserve_border_tablet=&#8220;yes&#8220; border_style=&#8220;solid&#8220; shift_x=&#8220;0&#8243; shift_y=&#8220;0&#8243; shift_y_down=&#8220;0&#8243; z_index=&#8220;0&#8243; medium_width=&#8220;0&#8243; mobile_width=&#8220;0&#8243; width=&#8220;1\/3&#8243; uncode_shortcode_id=&#8220;115850&#8243; back_color_type=&#8220;uncode-palette&#8220; css=&#8220;.vc_custom_1697804495648{border-top-width: 1px !important;border-right-width: 1px !important;border-bottom-width: 1px !important;border-left-width: 1px !important;}&#8220; border_color_type=&#8220;uncode-solid&#8220; border_color_solid=&#8220;#50467f&#8220;][vc_row_inner row_inner_height_percent=&#8220;0&#8243; overlay_alpha=&#8220;50&#8243; equal_height=&#8220;yes&#8220; gutter_size=&#8220;3&#8243; shift_y=&#8220;0&#8243; z_index=&#8220;0&#8243; limit_content=&#8220;&#8220; uncode_shortcode_id=&#8220;204427&#8243; row_height_pixel=&#8220;240&#8243;][vc_column_inner column_width_percent=&#8220;100&#8243; gutter_size=&#8220;3&#8243; back_image=&#8220;133253&#8243; overlay_alpha=&#8220;50&#8243; shadow=&#8220;std&#8220; shift_x=&#8220;0&#8243; shift_y=&#8220;0&#8243; shift_y_down=&#8220;0&#8243; z_index=&#8220;0&#8243; medium_width=&#8220;0&#8243; mobile_width=&#8220;0&#8243; width=&#8220;1\/1&#8243; uncode_shortcode_id=&#8220;338090&#8243; mobile_height=&#8220;200&#8243;][\/vc_column_inner][\/vc_row_inner][vc_empty_space empty_h=&#8220;1&#8243;][vc_custom_heading heading_semantic=&#8220;h5&#8243; text_size=&#8220;&#8220; badge_style=&#8220;yes&#8220; radius=&#8220;xs&#8220; uncode_shortcode_id=&#8220;148660&#8243; back_color_type=&#8220;uncode-solid&#8220; back_color_solid=&#8220;#9095b3&#8243;]Wohlbefinden[\/vc_custom_heading][vc_custom_heading text_size=&#8220;&#8220; uncode_shortcode_id=&#8220;202461&#8243;]La Source<span style=\"color: #c29a6e;\">.<\/span>[\/vc_custom_heading][vc_custom_heading heading_semantic=&#8220;h3&#8243; text_size=&#8220;h4&#8243; text_weight=&#8220;400&#8243; text_height=&#8220;fontheight-167865&#8243; text_space=&#8220;fontspace-167942&#8243; uncode_shortcode_id=&#8220;829882&#8243;]Genie\u00dfen Sie an der mythischen els\u00e4ssischen Weinstra\u00dfe einen <strong>Wellness-Aufenthalt mit wohltuendem Quellwasser<\/strong> bei unserem Partner, den Bains de Sulzbad.[\/vc_custom_heading][uncode_list icon=&#8220;fa fa-circle-check&#8220; icon_color=&#8220;accent&#8220; uncode_shortcode_id=&#8220;165432&#8243; icon_color_type=&#8220;uncode-palette&#8220;]<\/p>\n<h3><strong>Wolxheim &#8211; 20 min von Stra\u00dfburg entfernt<\/strong><\/h3>\n<ul>\n<li><span style=\"font-weight: 400;\">Eine ungew\u00f6hnliche Nacht in einer Ecolodge mit Tageslichtverglasung, um die Sterne zu bewundern (inbegriffen)<\/span><\/li>\n<li><span style=\"font-weight: 400;\">Ein Pflegepaket nach Wahl (inklusive)<br \/>\n<\/span><\/li>\n<li><span style=\"font-weight: 400;\">Ein Fr\u00fchst\u00fcckskorb mit biologischen und lokalen Produkten, der vor der Lodge abgestellt wird<br \/>\n<\/span><\/li>\n<li><span style=\"font-weight: 400;\">Ein Essensvorschlag vor Ort oder mit einem unserer Partnerrestaurants<\/span><\/li>\n<\/ul>\n<p>[\/uncode_list][vc_empty_space empty_h=&#8220;0&#8243;][vc_button button_color=&#8220;accent&#8220; size=&#8220;btn-lg&#8220; hover_fx=&#8220;full-colored&#8220; border_width=&#8220;0&#8243; scale_mobile=&#8220;no&#8220; link=&#8220;url:https%3A%2F%2Fapp.mews.com%2Fdistributor%2Fd1f26a5a-7a38-4a45-be72-b2d4008432b0|title:R%C3%A9server|target:_blank&#8220; button_color_type=&#8220;uncode-palette&#8220; uncode_shortcode_id=&#8220;494981&#8243;]Buchen[\/vc_button][\/vc_column][vc_column column_width_percent=&#8220;100&#8243; gutter_size=&#8220;2&#8243; override_padding=&#8220;yes&#8220; column_padding=&#8220;2&#8243; back_color=&#8220;color-xsdn&#8220; overlay_alpha=&#8220;50&#8243; shift_x=&#8220;0&#8243; shift_y=&#8220;0&#8243; shift_y_down=&#8220;0&#8243; z_index=&#8220;0&#8243; medium_width=&#8220;0&#8243; mobile_width=&#8220;0&#8243; width=&#8220;1\/3&#8243; uncode_shortcode_id=&#8220;254089&#8243; back_color_type=&#8220;uncode-palette&#8220;][vc_row_inner row_inner_height_percent=&#8220;0&#8243; overlay_alpha=&#8220;50&#8243; equal_height=&#8220;yes&#8220; gutter_size=&#8220;3&#8243; shift_y=&#8220;0&#8243; z_index=&#8220;0&#8243; limit_content=&#8220;&#8220; uncode_shortcode_id=&#8220;850844&#8243; row_height_pixel=&#8220;240&#8243;][vc_column_inner column_width_percent=&#8220;100&#8243; gutter_size=&#8220;3&#8243; back_image=&#8220;132886&#8243; overlay_alpha=&#8220;50&#8243; shadow=&#8220;std&#8220; shift_x=&#8220;0&#8243; shift_y=&#8220;0&#8243; shift_y_down=&#8220;0&#8243; z_index=&#8220;0&#8243; medium_width=&#8220;0&#8243; mobile_width=&#8220;0&#8243; width=&#8220;1\/1&#8243; uncode_shortcode_id=&#8220;121831&#8243; mobile_height=&#8220;200&#8243;][\/vc_column_inner][\/vc_row_inner][vc_empty_space empty_h=&#8220;1&#8243;][vc_custom_heading heading_semantic=&#8220;h5&#8243; text_size=&#8220;&#8220; badge_style=&#8220;yes&#8220; radius=&#8220;xs&#8220; uncode_shortcode_id=&#8220;856851&#8243; back_color_type=&#8220;uncode-solid&#8220; back_color_solid=&#8220;rgba(194,154,110,0.27)&#8220;]Am Wasser[\/vc_custom_heading][vc_custom_heading text_size=&#8220;&#8220; uncode_shortcode_id=&#8220;165723&#8243;]La Rive \u00c9toil\u00e9e<span style=\"color: #c29a6e;\">.<\/span>[\/vc_custom_heading][vc_custom_heading heading_semantic=&#8220;h3&#8243; text_size=&#8220;h4&#8243; text_weight=&#8220;400&#8243; text_height=&#8220;fontheight-167865&#8243; text_space=&#8220;fontspace-167942&#8243; uncode_shortcode_id=&#8220;998883&#8243;]Im Herzen des Juramassivs k\u00f6nnen Sie am Ufer des Teichs von Genevray ein einzigartiges Erlebnis genie\u00dfen. Erleben Sie einen ungew\u00f6hnlichen Aufenthalt inmitten einer nat\u00fcrlichen gr\u00fcnen Berg- und Waldlandschaf<span style=\"color: #c29a6e;\">.<\/span>[\/vc_custom_heading][uncode_list icon=&#8220;fa fa-circle-check&#8220; icon_color=&#8220;accent&#8220; uncode_shortcode_id=&#8220;139755&#8243; icon_color_type=&#8220;uncode-palette&#8220;]<\/p>\n<h3><strong>Th\u00e9zillieu &#8211; 1,5 Stunden von Lyon entfernt<\/strong><\/h3>\n<ul>\n<li>Eine ungew\u00f6hnliche \u00dcbernachtung in einer \u00d6kolodge mit zenithischem Glasdach, um die Sterne zu bewundern (astronomische Brillen stehen zur Verf\u00fcgung) und integrierter K\u00fcchenzeile<\/li>\n<li>Ein Fr\u00fchst\u00fcckskorb mit biologischen und lokalen Produkten, der vor der Lodge abgestellt wird<\/li>\n<li>Zugang zu einem privaten nordischen Bad<\/li>\n<\/ul>\n<p>[\/uncode_list][uncode_list icon=&#8220;fa fa-circle-plus&#8220; icon_color=&#8220;accent&#8220; uncode_shortcode_id=&#8220;645649&#8243; icon_color_type=&#8220;uncode-palette&#8220;]<\/p>\n<ul>\n<li>In Erg\u00e4nzung dazu :<\/li>\n<\/ul>\n<p>[\/uncode_list][uncode_list uncode_shortcode_id=&#8220;110011&#8243;]<\/p>\n<ul>\n<li style=\"list-style-type: none;\">\n<ul>\n<li>Ein Fr\u00fchst\u00fcckskorb mit biologischen und lokalen Produkten, der vor der Lodge abgestellt wird.<\/li>\n<\/ul>\n<\/li>\n<\/ul>\n<p>ODER<\/p>\n<ul>\n<li style=\"list-style-type: none;\">\n<ul>\n<li>Ein Brunch aus biologischen und lokalen Produkten, der vor der Lodge deponiert wird, mit Ihrer sp\u00e4ten Abreise (13 Uhr)<\/li>\n<\/ul>\n<\/li>\n<\/ul>\n<p>[\/uncode_list][vc_empty_space empty_h=&#8220;0&#8243;][vc_button button_color=&#8220;accent&#8220; size=&#8220;btn-lg&#8220; hover_fx=&#8220;full-colored&#8220; border_width=&#8220;0&#8243; scale_mobile=&#8220;no&#8220; link=&#8220;url:https%3A%2F%2Fapp.mews.com%2Fdistributor%2F871d4ab5-edc3-4548-8b05-b176008778bd|title:Buchen&#8220; button_color_type=&#8220;uncode-palette&#8220; uncode_shortcode_id=&#8220;204274&#8243;]Buchen[\/vc_button][\/vc_column][\/vc_row]<\/p>\n<\/div>","protected":false},"excerpt":{"rendered":"<p>[vc_row row_height_percent=&#8220;0&#8243; back_color=&#8220;color-210407&#8243; overlay_alpha=&#8220;50&#8243; gutter_size=&#8220;3&#8243; column_width_percent=&#8220;100&#8243; shift_y=&#8220;0&#8243; z_index=&#8220;0&#8243; uncode_shortcode_id=&#8220;131434&#8243; back_color_type=&#8220;uncode-palette&#8220;][vc_column column_width_percent=&#8220;100&#8243; gutter_size=&#8220;3&#8243; overlay_alpha=&#8220;50&#8243; shift_x=&#8220;0&#8243; shift_y=&#8220;1&#8243; shift_y_down=&#8220;0&#8243; z_index=&#8220;0&#8243; medium_width=&#8220;0&#8243; mobile_width=&#8220;0&#8243; width=&#8220;1\/1&#8243; [&hellip;]<\/p>\n","protected":false},"author":5,"featured_media":0,"parent":0,"menu_order":0,"comment_status":"closed","ping_status":"closed","template":"","meta":{"footnotes":""},"class_list":["post-132075","page","type-page","status-publish","hentry"],"yoast_head":"<!-- This site is optimized with the Yoast SEO plugin v27.4 - https:\/\/yoast.com\/product\/yoast-seo-wordpress\/ -->\n<title>Eine Ecolodge buchen - Bleu Minuit<\/title>\n<meta name=\"robots\" content=\"noindex, nofollow\" \/>\n<meta property=\"og:locale\" content=\"de_DE\" \/>\n<meta property=\"og:type\" content=\"article\" \/>\n<meta property=\"og:title\" content=\"Eine Ecolodge buchen - Bleu Minuit\" \/>\n<meta property=\"og:description\" content=\"[vc_row row_height_percent=&#8220;0&#8243; back_color=&#8220;color-210407&#8243; overlay_alpha=&#8220;50&#8243; gutter_size=&#8220;3&#8243; column_width_percent=&#8220;100&#8243; shift_y=&#8220;0&#8243; z_index=&#8220;0&#8243; uncode_shortcode_id=&#8220;131434&#8243; back_color_type=&#8220;uncode-palette&#8220;][vc_column column_width_percent=&#8220;100&#8243; gutter_size=&#8220;3&#8243; overlay_alpha=&#8220;50&#8243; shift_x=&#8220;0&#8243; shift_y=&#8220;1&#8243; shift_y_down=&#8220;0&#8243; z_index=&#8220;0&#8243; medium_width=&#8220;0&#8243; mobile_width=&#8220;0&#8243; width=&#8220;1\/1&#8243; [&hellip;]\" \/>\n<meta property=\"og:url\" content=\"https:\/\/bleu-minuit.com\/de\/eine-ecolodge-buchen\/\" \/>\n<meta property=\"og:site_name\" content=\"Bleu Minuit\" \/>\n<meta property=\"article:modified_time\" content=\"2025-05-28T12:22:06+00:00\" \/>\n<meta name=\"twitter:card\" content=\"summary_large_image\" \/>\n<meta name=\"twitter:label1\" content=\"Gesch\u00e4tzte Lesezeit\" \/>\n\t<meta name=\"twitter:data1\" content=\"3\u00a0Minuten\" \/>\n<script type=\"application\/ld+json\" class=\"yoast-schema-graph\">{\"@context\":\"https:\\\/\\\/schema.org\",\"@graph\":[{\"@type\":\"WebPage\",\"@id\":\"https:\\\/\\\/bleu-minuit.com\\\/de\\\/eine-ecolodge-buchen\\\/\",\"url\":\"https:\\\/\\\/bleu-minuit.com\\\/de\\\/eine-ecolodge-buchen\\\/\",\"name\":\"Eine Ecolodge buchen - Bleu Minuit\",\"isPartOf\":{\"@id\":\"https:\\\/\\\/bleu-minuit.com\\\/de\\\/#website\"},\"datePublished\":\"2024-02-12T15:21:03+00:00\",\"dateModified\":\"2025-05-28T12:22:06+00:00\",\"breadcrumb\":{\"@id\":\"https:\\\/\\\/bleu-minuit.com\\\/de\\\/eine-ecolodge-buchen\\\/#breadcrumb\"},\"inLanguage\":\"de\",\"potentialAction\":[{\"@type\":\"ReadAction\",\"target\":[\"https:\\\/\\\/bleu-minuit.com\\\/de\\\/eine-ecolodge-buchen\\\/\"]}]},{\"@type\":\"BreadcrumbList\",\"@id\":\"https:\\\/\\\/bleu-minuit.com\\\/de\\\/eine-ecolodge-buchen\\\/#breadcrumb\",\"itemListElement\":[{\"@type\":\"ListItem\",\"position\":1,\"name\":\"Accueil\",\"item\":\"https:\\\/\\\/bleu-minuit.com\\\/de\\\/\"},{\"@type\":\"ListItem\",\"position\":2,\"name\":\"Eine Ecolodge buchen\"}]},{\"@type\":\"WebSite\",\"@id\":\"https:\\\/\\\/bleu-minuit.com\\\/de\\\/#website\",\"url\":\"https:\\\/\\\/bleu-minuit.com\\\/de\\\/\",\"name\":\"Bleu Minuit\",\"description\":\"Ecolodges \u00e0 la belle \u00e9toile\",\"potentialAction\":[{\"@type\":\"SearchAction\",\"target\":{\"@type\":\"EntryPoint\",\"urlTemplate\":\"https:\\\/\\\/bleu-minuit.com\\\/de\\\/?s={search_term_string}\"},\"query-input\":{\"@type\":\"PropertyValueSpecification\",\"valueRequired\":true,\"valueName\":\"search_term_string\"}}],\"inLanguage\":\"de\"}]}<\/script>\n<!-- \/ Yoast SEO plugin. -->","yoast_head_json":{"title":"Eine Ecolodge buchen - Bleu Minuit","robots":{"index":"noindex","follow":"nofollow"},"og_locale":"de_DE","og_type":"article","og_title":"Eine Ecolodge buchen - Bleu Minuit","og_description":"[vc_row row_height_percent=&#8220;0&#8243; back_color=&#8220;color-210407&#8243; overlay_alpha=&#8220;50&#8243; gutter_size=&#8220;3&#8243; column_width_percent=&#8220;100&#8243; shift_y=&#8220;0&#8243; z_index=&#8220;0&#8243; uncode_shortcode_id=&#8220;131434&#8243; back_color_type=&#8220;uncode-palette&#8220;][vc_column column_width_percent=&#8220;100&#8243; gutter_size=&#8220;3&#8243; overlay_alpha=&#8220;50&#8243; shift_x=&#8220;0&#8243; shift_y=&#8220;1&#8243; shift_y_down=&#8220;0&#8243; z_index=&#8220;0&#8243; medium_width=&#8220;0&#8243; mobile_width=&#8220;0&#8243; width=&#8220;1\/1&#8243; [&hellip;]","og_url":"https:\/\/bleu-minuit.com\/de\/eine-ecolodge-buchen\/","og_site_name":"Bleu Minuit","article_modified_time":"2025-05-28T12:22:06+00:00","twitter_card":"summary_large_image","twitter_misc":{"Gesch\u00e4tzte Lesezeit":"3\u00a0Minuten"},"schema":{"@context":"https:\/\/schema.org","@graph":[{"@type":"WebPage","@id":"https:\/\/bleu-minuit.com\/de\/eine-ecolodge-buchen\/","url":"https:\/\/bleu-minuit.com\/de\/eine-ecolodge-buchen\/","name":"Eine Ecolodge buchen - Bleu Minuit","isPartOf":{"@id":"https:\/\/bleu-minuit.com\/de\/#website"},"datePublished":"2024-02-12T15:21:03+00:00","dateModified":"2025-05-28T12:22:06+00:00","breadcrumb":{"@id":"https:\/\/bleu-minuit.com\/de\/eine-ecolodge-buchen\/#breadcrumb"},"inLanguage":"de","potentialAction":[{"@type":"ReadAction","target":["https:\/\/bleu-minuit.com\/de\/eine-ecolodge-buchen\/"]}]},{"@type":"BreadcrumbList","@id":"https:\/\/bleu-minuit.com\/de\/eine-ecolodge-buchen\/#breadcrumb","itemListElement":[{"@type":"ListItem","position":1,"name":"Accueil","item":"https:\/\/bleu-minuit.com\/de\/"},{"@type":"ListItem","position":2,"name":"Eine Ecolodge buchen"}]},{"@type":"WebSite","@id":"https:\/\/bleu-minuit.com\/de\/#website","url":"https:\/\/bleu-minuit.com\/de\/","name":"Bleu Minuit","description":"Ecolodges \u00e0 la belle \u00e9toile","potentialAction":[{"@type":"SearchAction","target":{"@type":"EntryPoint","urlTemplate":"https:\/\/bleu-minuit.com\/de\/?s={search_term_string}"},"query-input":{"@type":"PropertyValueSpecification","valueRequired":true,"valueName":"search_term_string"}}],"inLanguage":"de"}]}},"_links":{"self":[{"href":"https:\/\/bleu-minuit.com\/de\/wp-json\/wp\/v2\/pages\/132075","targetHints":{"allow":["GET"]}}],"collection":[{"href":"https:\/\/bleu-minuit.com\/de\/wp-json\/wp\/v2\/pages"}],"about":[{"href":"https:\/\/bleu-minuit.com\/de\/wp-json\/wp\/v2\/types\/page"}],"author":[{"embeddable":true,"href":"https:\/\/bleu-minuit.com\/de\/wp-json\/wp\/v2\/users\/5"}],"replies":[{"embeddable":true,"href":"https:\/\/bleu-minuit.com\/de\/wp-json\/wp\/v2\/comments?post=132075"}],"version-history":[{"count":10,"href":"https:\/\/bleu-minuit.com\/de\/wp-json\/wp\/v2\/pages\/132075\/revisions"}],"predecessor-version":[{"id":134175,"href":"https:\/\/bleu-minuit.com\/de\/wp-json\/wp\/v2\/pages\/132075\/revisions\/134175"}],"wp:attachment":[{"href":"https:\/\/bleu-minuit.com\/de\/wp-json\/wp\/v2\/media?parent=132075"}],"curies":[{"name":"wp","href":"https:\/\/api.w.org\/{rel}","templated":true}]}}