{"id":132077,"date":"2024-02-12T16:53:39","date_gmt":"2024-02-12T15:53:39","guid":{"rendered":"https:\/\/bleu-minuit.com\/?page_id=132077"},"modified":"2025-06-20T18:15:12","modified_gmt":"2025-06-20T16:15:12","slug":"geschenkkarten","status":"publish","type":"page","link":"https:\/\/bleu-minuit.com\/de\/geschenkkarten\/","title":{"rendered":"Geschenkkarten"},"content":{"rendered":"<div class=\"wpb-content-wrapper\"><p>[vc_row unlock_row_content=&#8220;yes&#8220; row_height_percent=&#8220;0&#8243; override_padding=&#8220;yes&#8220; h_padding=&#8220;0&#8243; top_padding=&#8220;0&#8243; bottom_padding=&#8220;0&#8243; overlay_alpha=&#8220;50&#8243; equal_height=&#8220;yes&#8220; gutter_size=&#8220;0&#8243; column_width_percent=&#8220;100&#8243; shift_y=&#8220;0&#8243; z_index=&#8220;0&#8243; uncode_shortcode_id=&#8220;605808&#8243; row_height_pixel=&#8220;700&#8243;][vc_column column_width_percent=&#8220;100&#8243; position_vertical=&#8220;middle&#8220; align_horizontal=&#8220;align_center&#8220; gutter_size=&#8220;1&#8243; style=&#8220;dark&#8220; back_image=&#8220;92116&#8243; back_position=&#8220;center bottom&#8220; kburns=&#8220;magnetic&#8220; overlay_color=&#8220;color-jevc&#8220; overlay_alpha=&#8220;20&#8243; shift_x=&#8220;0&#8243; shift_y=&#8220;0&#8243; shift_y_down=&#8220;0&#8243; z_index=&#8220;0&#8243; medium_width=&#8220;0&#8243; mobile_width=&#8220;0&#8243; width=&#8220;1\/3&#8243; uncode_shortcode_id=&#8220;199574&#8243; overlay_color_type=&#8220;uncode-palette&#8220; mobile_height=&#8220;400&#8243;][vc_single_image media=&#8220;79398&#8243; media_width_use_pixel=&#8220;yes&#8220; alignment=&#8220;center&#8220; uncode_shortcode_id=&#8220;166272&#8243; media_width_pixel=&#8220;80&#8243; el_class=&#8220;overflow-visible&#8220;][vc_empty_space empty_h=&#8220;2&#8243;][vc_custom_heading text_color=&#8220;color-xsdn&#8220; text_weight=&#8220;700&#8243; text_transform=&#8220;uppercase&#8220; uncode_shortcode_id=&#8220;439289&#8243; text_color_type=&#8220;uncode-palette&#8220;]L&#8217;arche[\/vc_custom_heading][vc_column_text text_color=&#8220;color-xsdn&#8220; uncode_shortcode_id=&#8220;214072&#8243; text_color_type=&#8220;uncode-palette&#8220;]<strong>Obersteinbach<\/strong>, Bas-Rhin (67)[\/vc_column_text][vc_empty_space empty_h=&#8220;2&#8243;][vc_column_text text_color=&#8220;color-xsdn&#8220; uncode_shortcode_id=&#8220;614880&#8243; text_color_type=&#8220;uncode-palette&#8220;]1 Stunde von Stra\u00dfburg entfernt<br \/>\nGastronomisches Erlebnis (Aufenthalt mit Halbpension Option Gourmet-Dinner)<br \/>\nIm Herzen des Naturparks der Nordvogesen[\/vc_column_text][vc_empty_space empty_h=&#8220;2&#8243;][vc_button button_color=&#8220;accent&#8220; size=&#8220;btn-lg&#8220; hover_fx=&#8220;full-colored&#8220; shadow=&#8220;yes&#8220; shadow_weight=&#8220;std&#8220; border_width=&#8220;0&#8243; button_color_type=&#8220;uncode-palette&#8220; uncode_shortcode_id=&#8220;740502&#8243; link=&#8220;url:https%3A%2F%2Fbleu-minuit.com%2Fproduit%2Fcarte-cadeau%2F|title:Lodges&#8220;]Eine Geschenkkarte f\u00fcr L&#8217;Arche verschenken[\/vc_button][\/vc_column][vc_column column_width_percent=&#8220;100&#8243; position_vertical=&#8220;middle&#8220; align_horizontal=&#8220;align_center&#8220; gutter_size=&#8220;1&#8243; style=&#8220;dark&#8220; back_image=&#8220;93295&#8243; back_position=&#8220;center bottom&#8220; kburns=&#8220;magnetic&#8220; overlay_color=&#8220;color-jevc&#8220; overlay_alpha=&#8220;20&#8243; shift_x=&#8220;0&#8243; shift_y=&#8220;0&#8243; shift_y_down=&#8220;0&#8243; z_index=&#8220;0&#8243; medium_width=&#8220;0&#8243; mobile_width=&#8220;0&#8243; width=&#8220;1\/3&#8243; uncode_shortcode_id=&#8220;448986&#8243; overlay_color_type=&#8220;uncode-palette&#8220; mobile_height=&#8220;400&#8243;][vc_single_image media=&#8220;79398&#8243; media_width_use_pixel=&#8220;yes&#8220; alignment=&#8220;center&#8220; uncode_shortcode_id=&#8220;166272&#8243; media_width_pixel=&#8220;80&#8243; el_class=&#8220;overflow-visible&#8220;][vc_empty_space empty_h=&#8220;2&#8243;][vc_custom_heading text_color=&#8220;color-xsdn&#8220; text_weight=&#8220;700&#8243; text_transform=&#8220;uppercase&#8220; uncode_shortcode_id=&#8220;161373&#8243; text_color_type=&#8220;uncode-palette&#8220;]La source[\/vc_custom_heading][vc_column_text text_color=&#8220;color-xsdn&#8220; uncode_shortcode_id=&#8220;123477&#8243; text_color_type=&#8220;uncode-palette&#8220;]<strong>Wolxheim<\/strong>, Bas-Rhin (67)[\/vc_column_text][vc_empty_space empty_h=&#8220;2&#8243;][vc_column_text text_color=&#8220;color-xsdn&#8220; uncode_shortcode_id=&#8220;768751&#8243; text_color_type=&#8220;uncode-palette&#8220;]20 min von Stra\u00dfburg entfernt<br \/>\nWellness-Erlebnis (Aufenthalt mit eingeschlossenen Behandlungen)<br \/>\nIm Herzen der els\u00e4ssischen Weinberge[\/vc_column_text][vc_empty_space empty_h=&#8220;2&#8243;][vc_button button_color=&#8220;accent&#8220; size=&#8220;btn-lg&#8220; hover_fx=&#8220;full-colored&#8220; shadow=&#8220;yes&#8220; shadow_weight=&#8220;std&#8220; border_width=&#8220;0&#8243; button_color_type=&#8220;uncode-palette&#8220; uncode_shortcode_id=&#8220;176636&#8243; link=&#8220;url:https%3A%2F%2Fapp.mews.com%2Fdistributor%2Fd1f26a5a-7a38-4a45-be72-b2d4008432b0|title:Lodges%20La%20Source|target:_blank&#8220;]Eine Geschenkkarte f\u00fcr La Source verschenken[\/vc_button][\/vc_column][vc_column column_width_percent=&#8220;100&#8243; position_vertical=&#8220;middle&#8220; align_horizontal=&#8220;align_center&#8220; gutter_size=&#8220;1&#8243; style=&#8220;dark&#8220; back_image=&#8220;132729&#8243; back_position=&#8220;center bottom&#8220; kburns=&#8220;magnetic&#8220; overlay_color=&#8220;color-jevc&#8220; overlay_alpha=&#8220;20&#8243; shift_x=&#8220;0&#8243; shift_y=&#8220;0&#8243; shift_y_down=&#8220;0&#8243; z_index=&#8220;0&#8243; medium_width=&#8220;0&#8243; mobile_width=&#8220;0&#8243; width=&#8220;1\/3&#8243; uncode_shortcode_id=&#8220;193903&#8243; overlay_color_type=&#8220;uncode-palette&#8220; mobile_height=&#8220;400&#8243;][vc_single_image media=&#8220;79398&#8243; media_width_use_pixel=&#8220;yes&#8220; alignment=&#8220;center&#8220; uncode_shortcode_id=&#8220;103314&#8243; media_width_pixel=&#8220;80&#8243; el_class=&#8220;overflow-visible&#8220;][vc_empty_space empty_h=&#8220;2&#8243;][vc_custom_heading text_color=&#8220;color-xsdn&#8220; text_weight=&#8220;700&#8243; text_transform=&#8220;uppercase&#8220; uncode_shortcode_id=&#8220;208885&#8243; text_color_type=&#8220;uncode-palette&#8220;]La Rive \u00c9toil\u00e9e[\/vc_custom_heading][vc_column_text text_color=&#8220;color-xsdn&#8220; uncode_shortcode_id=&#8220;182553&#8243; text_color_type=&#8220;uncode-palette&#8220;]<strong>Th\u00e9zillieu<\/strong>, Ain (01)[\/vc_column_text][vc_empty_space empty_h=&#8220;2&#8243;][vc_column_text text_color=&#8220;color-xsdn&#8220; uncode_shortcode_id=&#8220;119671&#8243; text_color_type=&#8220;uncode-palette&#8220;]1,5 Stunden von Lyon entfernt.<br \/>\nEinzigartige Erfahrung am Wasser.<br \/>\nIm Herzen des Juramassivs[\/vc_column_text][vc_empty_space empty_h=&#8220;2&#8243;][vc_button button_color=&#8220;accent&#8220; size=&#8220;btn-lg&#8220; hover_fx=&#8220;full-colored&#8220; shadow=&#8220;yes&#8220; shadow_weight=&#8220;std&#8220; border_width=&#8220;0&#8243; link=&#8220;url:https%3A%2F%2Fbleu-minuit-la-rive-etoile.vouchercart.com%2Fapp%2F&#8220; button_color_type=&#8220;uncode-palette&#8220; uncode_shortcode_id=&#8220;190436&#8243;]Eine Geschenkkarte f\u00fcr La Rive \u00c9toil\u00e9e verschenken[\/vc_button][\/vc_column][\/vc_row]<\/p>\n<\/div>","protected":false},"excerpt":{"rendered":"<p>[vc_row unlock_row_content=&#8220;yes&#8220; row_height_percent=&#8220;0&#8243; override_padding=&#8220;yes&#8220; h_padding=&#8220;0&#8243; top_padding=&#8220;0&#8243; bottom_padding=&#8220;0&#8243; overlay_alpha=&#8220;50&#8243; equal_height=&#8220;yes&#8220; gutter_size=&#8220;0&#8243; column_width_percent=&#8220;100&#8243; shift_y=&#8220;0&#8243; z_index=&#8220;0&#8243; uncode_shortcode_id=&#8220;605808&#8243; row_height_pixel=&#8220;700&#8243;][vc_column column_width_percent=&#8220;100&#8243; position_vertical=&#8220;middle&#8220; align_horizontal=&#8220;align_center&#8220; gutter_size=&#8220;1&#8243; style=&#8220;dark&#8220; [&hellip;]<\/p>\n","protected":false},"author":5,"featured_media":0,"parent":0,"menu_order":0,"comment_status":"closed","ping_status":"closed","template":"","meta":{"footnotes":""},"class_list":["post-132077","page","type-page","status-publish","hentry"],"yoast_head":"<!-- This site is optimized with the Yoast SEO plugin v27.4 - https:\/\/yoast.com\/product\/yoast-seo-wordpress\/ -->\n<title>Geschenkkarten - Bleu Minuit<\/title>\n<meta name=\"robots\" content=\"noindex, nofollow\" \/>\n<meta property=\"og:locale\" content=\"de_DE\" \/>\n<meta property=\"og:type\" content=\"article\" \/>\n<meta property=\"og:title\" content=\"Geschenkkarten - Bleu Minuit\" \/>\n<meta property=\"og:description\" content=\"[vc_row unlock_row_content=&#8220;yes&#8220; row_height_percent=&#8220;0&#8243; override_padding=&#8220;yes&#8220; h_padding=&#8220;0&#8243; top_padding=&#8220;0&#8243; bottom_padding=&#8220;0&#8243; overlay_alpha=&#8220;50&#8243; equal_height=&#8220;yes&#8220; gutter_size=&#8220;0&#8243; column_width_percent=&#8220;100&#8243; shift_y=&#8220;0&#8243; z_index=&#8220;0&#8243; uncode_shortcode_id=&#8220;605808&#8243; row_height_pixel=&#8220;700&#8243;][vc_column column_width_percent=&#8220;100&#8243; position_vertical=&#8220;middle&#8220; align_horizontal=&#8220;align_center&#8220; gutter_size=&#8220;1&#8243; style=&#8220;dark&#8220; [&hellip;]\" \/>\n<meta property=\"og:url\" content=\"https:\/\/bleu-minuit.com\/de\/geschenkkarten\/\" \/>\n<meta property=\"og:site_name\" content=\"Bleu Minuit\" \/>\n<meta property=\"article:modified_time\" content=\"2025-06-20T16:15:12+00:00\" \/>\n<meta name=\"twitter:card\" content=\"summary_large_image\" \/>\n<meta name=\"twitter:label1\" content=\"Gesch\u00e4tzte Lesezeit\" \/>\n\t<meta name=\"twitter:data1\" content=\"2\u00a0Minuten\" \/>\n<script type=\"application\/ld+json\" class=\"yoast-schema-graph\">{\"@context\":\"https:\\\/\\\/schema.org\",\"@graph\":[{\"@type\":\"WebPage\",\"@id\":\"https:\\\/\\\/bleu-minuit.com\\\/de\\\/geschenkkarten\\\/\",\"url\":\"https:\\\/\\\/bleu-minuit.com\\\/de\\\/geschenkkarten\\\/\",\"name\":\"Geschenkkarten - Bleu Minuit\",\"isPartOf\":{\"@id\":\"https:\\\/\\\/bleu-minuit.com\\\/de\\\/#website\"},\"datePublished\":\"2024-02-12T15:53:39+00:00\",\"dateModified\":\"2025-06-20T16:15:12+00:00\",\"breadcrumb\":{\"@id\":\"https:\\\/\\\/bleu-minuit.com\\\/de\\\/geschenkkarten\\\/#breadcrumb\"},\"inLanguage\":\"de\",\"potentialAction\":[{\"@type\":\"ReadAction\",\"target\":[\"https:\\\/\\\/bleu-minuit.com\\\/de\\\/geschenkkarten\\\/\"]}]},{\"@type\":\"BreadcrumbList\",\"@id\":\"https:\\\/\\\/bleu-minuit.com\\\/de\\\/geschenkkarten\\\/#breadcrumb\",\"itemListElement\":[{\"@type\":\"ListItem\",\"position\":1,\"name\":\"Accueil\",\"item\":\"https:\\\/\\\/bleu-minuit.com\\\/de\\\/\"},{\"@type\":\"ListItem\",\"position\":2,\"name\":\"Geschenkkarten\"}]},{\"@type\":\"WebSite\",\"@id\":\"https:\\\/\\\/bleu-minuit.com\\\/de\\\/#website\",\"url\":\"https:\\\/\\\/bleu-minuit.com\\\/de\\\/\",\"name\":\"Bleu Minuit\",\"description\":\"Ecolodges \u00e0 la belle \u00e9toile\",\"potentialAction\":[{\"@type\":\"SearchAction\",\"target\":{\"@type\":\"EntryPoint\",\"urlTemplate\":\"https:\\\/\\\/bleu-minuit.com\\\/de\\\/?s={search_term_string}\"},\"query-input\":{\"@type\":\"PropertyValueSpecification\",\"valueRequired\":true,\"valueName\":\"search_term_string\"}}],\"inLanguage\":\"de\"}]}<\/script>\n<!-- \/ Yoast SEO plugin. -->","yoast_head_json":{"title":"Geschenkkarten - Bleu Minuit","robots":{"index":"noindex","follow":"nofollow"},"og_locale":"de_DE","og_type":"article","og_title":"Geschenkkarten - Bleu Minuit","og_description":"[vc_row unlock_row_content=&#8220;yes&#8220; row_height_percent=&#8220;0&#8243; override_padding=&#8220;yes&#8220; h_padding=&#8220;0&#8243; top_padding=&#8220;0&#8243; bottom_padding=&#8220;0&#8243; overlay_alpha=&#8220;50&#8243; equal_height=&#8220;yes&#8220; gutter_size=&#8220;0&#8243; column_width_percent=&#8220;100&#8243; shift_y=&#8220;0&#8243; z_index=&#8220;0&#8243; uncode_shortcode_id=&#8220;605808&#8243; row_height_pixel=&#8220;700&#8243;][vc_column column_width_percent=&#8220;100&#8243; position_vertical=&#8220;middle&#8220; align_horizontal=&#8220;align_center&#8220; gutter_size=&#8220;1&#8243; style=&#8220;dark&#8220; [&hellip;]","og_url":"https:\/\/bleu-minuit.com\/de\/geschenkkarten\/","og_site_name":"Bleu Minuit","article_modified_time":"2025-06-20T16:15:12+00:00","twitter_card":"summary_large_image","twitter_misc":{"Gesch\u00e4tzte Lesezeit":"2\u00a0Minuten"},"schema":{"@context":"https:\/\/schema.org","@graph":[{"@type":"WebPage","@id":"https:\/\/bleu-minuit.com\/de\/geschenkkarten\/","url":"https:\/\/bleu-minuit.com\/de\/geschenkkarten\/","name":"Geschenkkarten - Bleu Minuit","isPartOf":{"@id":"https:\/\/bleu-minuit.com\/de\/#website"},"datePublished":"2024-02-12T15:53:39+00:00","dateModified":"2025-06-20T16:15:12+00:00","breadcrumb":{"@id":"https:\/\/bleu-minuit.com\/de\/geschenkkarten\/#breadcrumb"},"inLanguage":"de","potentialAction":[{"@type":"ReadAction","target":["https:\/\/bleu-minuit.com\/de\/geschenkkarten\/"]}]},{"@type":"BreadcrumbList","@id":"https:\/\/bleu-minuit.com\/de\/geschenkkarten\/#breadcrumb","itemListElement":[{"@type":"ListItem","position":1,"name":"Accueil","item":"https:\/\/bleu-minuit.com\/de\/"},{"@type":"ListItem","position":2,"name":"Geschenkkarten"}]},{"@type":"WebSite","@id":"https:\/\/bleu-minuit.com\/de\/#website","url":"https:\/\/bleu-minuit.com\/de\/","name":"Bleu Minuit","description":"Ecolodges \u00e0 la belle \u00e9toile","potentialAction":[{"@type":"SearchAction","target":{"@type":"EntryPoint","urlTemplate":"https:\/\/bleu-minuit.com\/de\/?s={search_term_string}"},"query-input":{"@type":"PropertyValueSpecification","valueRequired":true,"valueName":"search_term_string"}}],"inLanguage":"de"}]}},"_links":{"self":[{"href":"https:\/\/bleu-minuit.com\/de\/wp-json\/wp\/v2\/pages\/132077","targetHints":{"allow":["GET"]}}],"collection":[{"href":"https:\/\/bleu-minuit.com\/de\/wp-json\/wp\/v2\/pages"}],"about":[{"href":"https:\/\/bleu-minuit.com\/de\/wp-json\/wp\/v2\/types\/page"}],"author":[{"embeddable":true,"href":"https:\/\/bleu-minuit.com\/de\/wp-json\/wp\/v2\/users\/5"}],"replies":[{"embeddable":true,"href":"https:\/\/bleu-minuit.com\/de\/wp-json\/wp\/v2\/comments?post=132077"}],"version-history":[{"count":4,"href":"https:\/\/bleu-minuit.com\/de\/wp-json\/wp\/v2\/pages\/132077\/revisions"}],"predecessor-version":[{"id":134219,"href":"https:\/\/bleu-minuit.com\/de\/wp-json\/wp\/v2\/pages\/132077\/revisions\/134219"}],"wp:attachment":[{"href":"https:\/\/bleu-minuit.com\/de\/wp-json\/wp\/v2\/media?parent=132077"}],"curies":[{"name":"wp","href":"https:\/\/api.w.org\/{rel}","templated":true}]}}