{"id":86107,"date":"2020-01-24T11:34:16","date_gmt":"2020-01-24T10:34:16","guid":{"rendered":"http:\/\/bleu-minuit.com\/?page_id=86107"},"modified":"2024-10-10T11:44:54","modified_gmt":"2024-10-10T09:44:54","slug":"allgemeine-verkaufsbedingungen","status":"publish","type":"page","link":"https:\/\/bleu-minuit.com\/de\/allgemeine-verkaufsbedingungen\/","title":{"rendered":"Allgemeine Verkaufsbedingungen"},"content":{"rendered":"<div class=\"wpb-content-wrapper\"><p>[vc_row row_height_percent=&#8220;0&#8243; back_color=&#8220;color-210407&#8243; overlay_alpha=&#8220;50&#8243; gutter_size=&#8220;3&#8243; column_width_percent=&#8220;100&#8243; shift_y=&#8220;0&#8243; z_index=&#8220;0&#8243;][vc_column column_width_percent=&#8220;100&#8243; gutter_size=&#8220;3&#8243; override_padding=&#8220;yes&#8220; column_padding=&#8220;5&#8243; back_color=&#8220;color-xsdn&#8220; overlay_alpha=&#8220;50&#8243; shadow=&#8220;sm&#8220; shift_x=&#8220;0&#8243; shift_y=&#8220;0&#8243; shift_y_down=&#8220;0&#8243; z_index=&#8220;0&#8243; medium_width=&#8220;0&#8243; mobile_width=&#8220;0&#8243; width=&#8220;1\/1&#8243;][vc_custom_heading text_weight=&#8220;700&#8243; text_transform=&#8220;uppercase&#8220;]<span style=\"font-weight: 400;\">Allgemeine Verkaufsbedingungen<\/span>[\/vc_custom_heading][vc_separator sep_color=&#8220;,Default&#8220;][vc_column_text uncode_shortcode_id=&#8220;210225&#8243;]<strong>1. Regeln und Vorschriften<\/strong><br \/>\nBei Buchungen \u00fcber unser Online-Buchungssystem mit sicherer Bezahlung www.bleu-minuit.com wird der Aufenthaltsbetrag zum Zeitpunkt der Buchung vollst\u00e4ndig von Ihrer Kreditkarte abgebucht.<br \/>\nBei Buchungen per Telefon oder E-Mail \u00fcber unseren Buchungsservice wird der Gesamtbetrag des Aufenthalts bei der Buchung per Bank\u00fcberweisung vollst\u00e4ndig bezahlt. In diesem Fall wird die Reservierung f\u00fcr 15 Tage gesperrt. Der Zahlungseingang innerhalb dieser Frist best\u00e4tigt die Reservierung.<br \/>\nAchtung: Ihre Buchungsoption kann bei versp\u00e4teter Bezahlung des Aufenthaltes aufgehoben werden, wobei der Optionszeitraum auf 15 Tage festgelegt wird.<\/p>\n<p><strong>2. Widerruf<\/strong><br \/>\nEine Frist von 7 Tagen ab dem Datum der Buchung oder des Kaufs eines Geschenkgutscheins wird unabh\u00e4ngig von der Buchungsmethode gew\u00e4hrt. Je nach Art der R\u00fcckerstattung kann eine Bearbeitungsgeb\u00fchr in H\u00f6he von 5 \u20ac f\u00fcr eine R\u00fcckerstattung per Bank\u00fcberweisung erhoben werden.<\/p>\n<p><strong>3. Akzeptierte Zahlungswege<\/strong><br \/>\nBank\u00fcberweisung an den Cr\u00e9dit Mutuel, Bankverbindung auf Anfrage zum Zeitpunkt der Buchung.<br \/>\nDer Betrag muss vollst\u00e4ndig auf unser Bankkonto \u00fcberwiesen werden. Die \u00dcberweisungsgeb\u00fchren gehen zu Ihren Lasten.<br \/>\nKreditkarte: Mastercard, Visa und American Express.<\/p>\n<p><strong>4. \u00c4nderung oder Stornierung<\/strong><br \/>\nF\u00fcr jede \u00c4nderung oder Stornierung wird immer eine schriftliche Anfrage, vorzugsweise per E-Mail, verlangt. Ihr Aktenzeichen muss in der Betreffzeile angegeben werden.<br \/>\na. Stornierung Ihrerseits vor Ihrem Aufenthalt<br \/>\nIm Falle einer schweren Erkrankung, eines schweren Unfalls oder Todes eines registrierten Gastes wird durch ein \u00e4rztliches Attest oder eine Sterbeurkunde der Aufenthalt vollst\u00e4ndig erstattet.<br \/>\nIm Falle einer schweren Erkrankung, eines schweren Unfalls oder Todes eines Familienmitglieds, das nicht als Gast registriert ist (in der Lodge wohnt), kann bei Vorlage eines \u00e4rztlichen Attests oder einer Sterbeurkunde der Aufenthalt auf einen sp\u00e4teren Zeitpunkt innerhalb von 12 Monaten nach der Stornierung kostenlos verschoben werden. Es kann keine R\u00fcckerstattung beantragt werden.<br \/>\nF\u00fcr jeden stornierten Aufenthalt, der nicht unter die oben genannten Stornoklauseln f\u00e4llt, gelten die folgenden Bedingungen:<br \/>\n&#8211; mehr als 30 Tage vor dem Ankunftstag werden 10% des Betrages der Unterkunft einbehalten.<br \/>\n&#8211; zwischen 30 und 8 Tagen vor dem Aufenthalt werden 50% des Betrages der Unterkunft einbehalten.<br \/>\n&#8211; f\u00fcr jeden Aufenthalt, der in den 7 Tagen vor dem Anreisedatum storniert, unterbrochen oder nicht in Anspruch genommen wird, wird der Gesamtbetrag des gebuchten Aufenthalts f\u00e4llig oder bleibt gegen\u00fcber Bleu Minuit bestehen.<\/p>\n<p>b. \u00c4nderung vor Ihrem Aufenthalt<br \/>\nMehr als 15 Tage vor dem Aufenthalt kann die \u00c4nderung je nach Verf\u00fcgbarkeit nur im laufenden Kalenderjahr kostenlos erfolgen (mit m\u00f6glicher Anpassung des Tarifs an die Tarifkategorie). Im Falle einer Verschiebung auf das folgende Kalenderjahr wird eine Verwaltungsgeb\u00fchr von 10% auf die Unterkunft einbehalten.<br \/>\nZwischen 8 und 15 Tagen vor dem Aufenthalt kann die \u00c4nderung je nach Verf\u00fcgbarkeit im laufenden Kalenderjahr erfolgen. Bleu Minuit beh\u00e4lt 10% des Betrages der Unterkunft. Im Falle einer Verschiebung auf das folgende Kalenderjahr wird eine Verwaltungsgeb\u00fchr von 20% auf die Unterkunft einbehalten.<br \/>\nWeniger als 7 Tage vor Ihrem Aufenthalt kann das Datum Ihres Aufenthalts nicht ge\u00e4ndert werden.<\/p>\n<p>c. \u00c4nderung oder Stornierung Ihres Aufenthaltes durch Bleu Minuit vor Ihrer Ankunft<br \/>\nIm Falle einer Unwetterwarnung der Stufe \u201eorange\u201c, bei der externe Ereignisse angek\u00fcndigt werden, die au\u00dferhalb unserer Kontrolle liegen, wie z.B. schlechtes Wetter, Gewitter oder St\u00fcrme, beh\u00e4lt sich das Bleu Minuit Management das Recht vor, Ihren Aufenthalt aus Sicherheitsgr\u00fcnden zu stornieren. In diesem Fall haben Sie die M\u00f6glichkeit, Ihren Aufenthalt in einer Lodge innerhalb der folgenden 12 Monate auf einen sp\u00e4teren Zeitpunkt zu verschieben. Wenn Sie Ihre Reise bereits angetreten haben sollten, bieten wir Ihnen die M\u00f6glichkeit, ohne Aufpreis in eine andere Unterkunftsart zu wechseln. Und nur in diesem Fall profitieren Sie von einem Rabatt von 25% bei Ihrer n\u00e4chsten Buchung eines gleichwertigen Aufenthalts in der Bleu Minuit Domain innerhalb der folgenden 12 Monate.<br \/>\nWenn Sie mit keinem dieser Angebote zufrieden sind, erhalten Sie den vollen bezahlten Betrag zur\u00fcck; ein weiterer Schadenersatz kann nicht geltend gemacht werden.<br \/>\nHaben Sie Ihren Aufenthalt mit einem Geschenkgutschein reserviert, gelten die Allgemeinen Verkaufsbedingungen f\u00fcr Geschenkgutscheine (5.): Geschenkgutscheine werden nicht erstattet. Ihre Reservierung kann innerhalb von 12 Monaten kostenlos verschoben werden.<\/p>\n<p>d. \u00c4nderung oder Stornierung Ihres Aufenthalts durch die Domain Bleu Minuit vor Ort<br \/>\nIm Falle einer Unwetterwarnung der Stufe \u201eorange\u201c, bei der externe Ereignisse angek\u00fcndigt werden, die au\u00dferhalb unserer Kontrolle liegen, wie z.B. schlechtes Wetter, Gewitter oder St\u00fcrme, beh\u00e4lt sich das Bleu Minuit Management das Recht vor, Ihren Aufenthalt aus Sicherheitsgr\u00fcnden zu stornieren. Der Umzug in andere Unterkunftsart wird nach unserer Verf\u00fcgbarkeit und ohne Aufpreis angeboten. Nur in diesem Fall erhalten Sie 25% Rabatt auf einen n\u00e4chsten gleichwertigen Aufenthalt in einer Lodge innerhalb der folgenden 12 Monate. Ein weiterer Schadenersatzanspruch besteht nicht. Nur wenn das Bleu Minuit Management keine andere Unterkunft zur Verf\u00fcgung stellen kann, werden alle gezahlten Betr\u00e4ge zur\u00fcckerstattet oder Ihnen innerhalb der folgenden 12 Monate eine Terminverschiebung vorgeschlagen.<\/p>\n<p>e. \u00c4nderung oder Stornierung Ihres Aufenthalts Ihrerseits vor Ort<br \/>\nFalls Sie sich weigern sollten, Ihre Lodge zu beziehen, k\u00f6nnen keine Entsch\u00e4digungsforderungen Ihrerseits gestellt werden.<\/p>\n<p><strong>5. Kauf eines Geschenkgutscheins und Buchung mit einem Geschenkgutschein<\/strong><\/p>\n<p>a. G\u00fcltigkeit der Geschenkgutscheine:<br \/>\nGeschenkgutscheine sind ein Jahr lang g\u00fcltig. Sie k\u00f6nnen nur an den im Geschenkgutschein angegebenen Tagen verwendet werden.<br \/>\nEine vorherige Reservierung ist erforderlich, in der Regel zwischen 6 Monaten und 1 Jahr vor dem Datum des Aufenthalts, je nach Reisezeit.<\/p>\n<p>b. Stornierung vor Ihrem Aufenthalt:<br \/>\nIm Falle einer schweren Erkrankung, eines schweren Unfalls oder Todes eines Gastes oder Familienmitglieds, das nicht in der Lodge wohnt, wird bei Vorlage eines \u00e4rztlichen Attests oder einer Sterbeurkunde der Aufenthalt innerhalb von 12 Monaten nach der K\u00fcndigung kostenlos verschoben. Es kann keine R\u00fcckerstattung beantragt werden.<br \/>\nF\u00fcr jeden stornierten Aufenthalt, der nicht unter die oben genannten Stornierungsklauseln f\u00e4llt, wird der gesamte Betrag des reservierten Aufenthalts f\u00e4llig oder bleibt Eigentum von Bleu Minuit.<\/p>\n<p>c. \u00c4nderung vor Ihrem Aufenthalt:<br \/>\nEs gelten die gleichen Bedingungen wie bei einer klassischen Reservierung, jedoch unter Beachtung des G\u00fcltigkeitsdatums Ihres Geschenkgutscheins (siehe 5.a).<\/p>\n<p>d. \u00c4nderung oder Stornierung Ihres Aufenthaltes durch Bleu Minuit vor Ihrer Ankunft<br \/>\nEs gelten die gleichen Bedingungen wie bei einer klassischen Reservierung, jedoch unter Beachtung des G\u00fcltigkeitsdatums Ihres Geschenkgutscheins (siehe 5.a).<\/p>\n<p>e. \u00c4nderung oder Stornierung Ihres Aufenthalts durch die Bleu Minuit SUR SITE<br \/>\nEs gelten die gleichen Bedingungen wie bei einer klassischen Reservierung, jedoch unter Beachtung des G\u00fcltigkeitsdatums Ihres Geschenkgutscheins (siehe 5.a).<\/p>\n<p>f. \u00c4nderung oder Stornierung Ihres Aufenthalts durch Sie selbst VOR ORT<br \/>\nEs gelten die gleichen Bedingungen wie bei einer klassischen Reservierung, jedoch unter Beachtung des G\u00fcltigkeitsdatums Ihres Geschenkgutscheins (siehe 5.a).<\/p>\n<p><strong>6. Belegungskapazit\u00e4t<\/strong><br \/>\nDie in unseren Preisen angegebene Personenzahl pro Lodge entspricht der maximal zul\u00e4ssigen Belegung unter Ber\u00fccksichtigung der verf\u00fcgbaren Ausstattung. Sie darf aus Sicherheits- und Versicherungsgr\u00fcnden nicht \u00fcberschritten werden.<\/p>\n<p><strong>7. Preise<\/strong><br \/>\nUnsere Preise verstehen sich inklusive aller Steuern. Es gelten nur die auf unserer Website angegebenen Preise. Auf diesen Preis kann die Kurtaxe aufgeschlagen werden.<\/p>\n<p><strong>8. Inklusivleistungen<\/strong><br \/>\nIhr Wellness-Paket steht Ihnen in Ihrer Lodge zur Verf\u00fcgung: Badem\u00e4ntel und Handt\u00fccher. Ein Regenschirm, eine \u00f6kologische Lautsprecherbox und ein Teleskop stehen Ihnen ebenfalls als Leihgabe zur Verf\u00fcgung. Am Tag Ihrer Abreise lassen Sie diese Gegenst\u00e4nde bitte in Ihrer Lodge zur\u00fcck. Andernfalls werden sie Ihnen in Rechnung gestellt.<\/p>\n<p><strong>9. Tiere<\/strong><br \/>\nUnsere Freunde die Haustiere sind in unseren Lodges nicht erlaubt.<\/p>\n<p><strong>10. Wertgegenst\u00e4nde<\/strong><br \/>\nEs wird empfohlen, keine Wertsachen in den Lodges zu lassen. An der Hotelrezeption steht Ihnen ein Safe zur Verf\u00fcgung. Das Management kann f\u00fcr Diebst\u00e4hle in den Lodges nicht haftbar gemacht werden.<\/p>\n<p><strong>11. Reklamationen und Beschwerden<\/strong><br \/>\nJede Reklamation im Zusammenhang mit einem Aufenthalt ist innerhalb von 30 Tagen nach dem Aufenthalt per Einschreiben mit R\u00fcckschein an folgende Adresse zu richten:<br \/>\nEph\u00e8le Gesellschaft<br \/>\nDomaine Bleu Minuit<br \/>\n104 Allee Victor Hugo<br \/>\n75.116 Paris<\/p>\n<p><strong>12. Konsum von Alkohol und Zigaretten<\/strong><br \/>\nEs ist strengstens verboten, in betrunkenem Zustand die Lodges zu betreten.<br \/>\nIn den Lodges ist das Rauchen nicht gestattet.<\/p>\n<p>13. Rechtsstreitigkeiten<br \/>\nIm Streitfall wird entweder die Zust\u00e4ndigkeit des Gerichts Ihres Wohnsitzes zum Zeitpunkt der Vertragsunterzeichnung oder die Zust\u00e4ndigkeit des Tribunal de Paris anerkannt.<\/p>\n<p>Ihr Aufenthalt:<br \/>\n48 Stunden vor Ihrer Ankunft bitten wir Sie, eine Ankunftszeit zu vereinbaren, die um 15 Uhr beginnt (nur per E-Mail).<br \/>\nAm Tag Ihrer Abreise m\u00fcssen die Lodges vor 11 Uhr ger\u00e4umt sein. Sie werden gebeten, die Lodges so sauber wie m\u00f6glich zu verlassen.<br \/>\nDurch die Annahme dieser Allgemeinen Verkaufsbedingungen bin ich mir bewusst, dass mein Aufenthalt im Herzen der Natur stattfindet, mit den Gefahren, die die Natur mit sich bringen kann: unstetiges Wetter, Vorhandensein von Insekten, V\u00f6geln und S\u00e4ugetieren in der N\u00e4he der Lodges und dass es auch m\u00f6glich ist, Tieren im Haus zu begegnen.<\/p>\n<p>Aktualisiert am Dezember 2021.[\/vc_column_text][\/vc_column][\/vc_row]<\/p>\n<\/div>","protected":false},"excerpt":{"rendered":"<p>[vc_row row_height_percent=&#8220;0&#8243; back_color=&#8220;color-210407&#8243; overlay_alpha=&#8220;50&#8243; gutter_size=&#8220;3&#8243; column_width_percent=&#8220;100&#8243; shift_y=&#8220;0&#8243; z_index=&#8220;0&#8243;][vc_column column_width_percent=&#8220;100&#8243; gutter_size=&#8220;3&#8243; override_padding=&#8220;yes&#8220; column_padding=&#8220;5&#8243; back_color=&#8220;color-xsdn&#8220; overlay_alpha=&#8220;50&#8243; shadow=&#8220;sm&#8220; shift_x=&#8220;0&#8243; shift_y=&#8220;0&#8243; shift_y_down=&#8220;0&#8243; z_index=&#8220;0&#8243; medium_width=&#8220;0&#8243; [&hellip;]<\/p>\n","protected":false},"author":1,"featured_media":0,"parent":0,"menu_order":0,"comment_status":"closed","ping_status":"closed","template":"","meta":{"footnotes":""},"class_list":["post-86107","page","type-page","status-publish","hentry"],"yoast_head":"<!-- This site is optimized with the Yoast SEO plugin v27.4 - https:\/\/yoast.com\/product\/yoast-seo-wordpress\/ -->\n<title>Allgemeine Verkaufsbedingungen - Bleu Minuit<\/title>\n<meta name=\"robots\" content=\"index, follow, max-snippet:-1, max-image-preview:large, max-video-preview:-1\" \/>\n<link rel=\"canonical\" href=\"https:\/\/bleu-minuit.com\/de\/allgemeine-verkaufsbedingungen\/\" \/>\n<meta property=\"og:locale\" content=\"de_DE\" \/>\n<meta property=\"og:type\" content=\"article\" \/>\n<meta property=\"og:title\" content=\"Allgemeine Verkaufsbedingungen - Bleu Minuit\" \/>\n<meta property=\"og:description\" content=\"[vc_row row_height_percent=&#8220;0&#8243; back_color=&#8220;color-210407&#8243; overlay_alpha=&#8220;50&#8243; gutter_size=&#8220;3&#8243; column_width_percent=&#8220;100&#8243; shift_y=&#8220;0&#8243; z_index=&#8220;0&#8243;][vc_column column_width_percent=&#8220;100&#8243; gutter_size=&#8220;3&#8243; override_padding=&#8220;yes&#8220; column_padding=&#8220;5&#8243; back_color=&#8220;color-xsdn&#8220; overlay_alpha=&#8220;50&#8243; shadow=&#8220;sm&#8220; shift_x=&#8220;0&#8243; shift_y=&#8220;0&#8243; shift_y_down=&#8220;0&#8243; z_index=&#8220;0&#8243; medium_width=&#8220;0&#8243; [&hellip;]\" \/>\n<meta property=\"og:url\" content=\"https:\/\/bleu-minuit.com\/de\/allgemeine-verkaufsbedingungen\/\" \/>\n<meta property=\"og:site_name\" content=\"Bleu Minuit\" \/>\n<meta property=\"article:modified_time\" content=\"2024-10-10T09:44:54+00:00\" \/>\n<meta name=\"twitter:card\" content=\"summary_large_image\" \/>\n<meta name=\"twitter:label1\" content=\"Gesch\u00e4tzte Lesezeit\" \/>\n\t<meta name=\"twitter:data1\" content=\"9\u00a0Minuten\" \/>\n<script type=\"application\/ld+json\" class=\"yoast-schema-graph\">{\"@context\":\"https:\\\/\\\/schema.org\",\"@graph\":[{\"@type\":\"WebPage\",\"@id\":\"https:\\\/\\\/bleu-minuit.com\\\/de\\\/allgemeine-verkaufsbedingungen\\\/\",\"url\":\"https:\\\/\\\/bleu-minuit.com\\\/de\\\/allgemeine-verkaufsbedingungen\\\/\",\"name\":\"Allgemeine Verkaufsbedingungen - Bleu Minuit\",\"isPartOf\":{\"@id\":\"https:\\\/\\\/bleu-minuit.com\\\/de\\\/#website\"},\"datePublished\":\"2020-01-24T10:34:16+00:00\",\"dateModified\":\"2024-10-10T09:44:54+00:00\",\"breadcrumb\":{\"@id\":\"https:\\\/\\\/bleu-minuit.com\\\/de\\\/allgemeine-verkaufsbedingungen\\\/#breadcrumb\"},\"inLanguage\":\"de\",\"potentialAction\":[{\"@type\":\"ReadAction\",\"target\":[\"https:\\\/\\\/bleu-minuit.com\\\/de\\\/allgemeine-verkaufsbedingungen\\\/\"]}]},{\"@type\":\"BreadcrumbList\",\"@id\":\"https:\\\/\\\/bleu-minuit.com\\\/de\\\/allgemeine-verkaufsbedingungen\\\/#breadcrumb\",\"itemListElement\":[{\"@type\":\"ListItem\",\"position\":1,\"name\":\"Accueil\",\"item\":\"https:\\\/\\\/bleu-minuit.com\\\/de\\\/\"},{\"@type\":\"ListItem\",\"position\":2,\"name\":\"Allgemeine Verkaufsbedingungen\"}]},{\"@type\":\"WebSite\",\"@id\":\"https:\\\/\\\/bleu-minuit.com\\\/de\\\/#website\",\"url\":\"https:\\\/\\\/bleu-minuit.com\\\/de\\\/\",\"name\":\"Bleu Minuit\",\"description\":\"Ecolodges \u00e0 la belle \u00e9toile\",\"potentialAction\":[{\"@type\":\"SearchAction\",\"target\":{\"@type\":\"EntryPoint\",\"urlTemplate\":\"https:\\\/\\\/bleu-minuit.com\\\/de\\\/?s={search_term_string}\"},\"query-input\":{\"@type\":\"PropertyValueSpecification\",\"valueRequired\":true,\"valueName\":\"search_term_string\"}}],\"inLanguage\":\"de\"}]}<\/script>\n<!-- \/ Yoast SEO plugin. -->","yoast_head_json":{"title":"Allgemeine Verkaufsbedingungen - Bleu Minuit","robots":{"index":"index","follow":"follow","max-snippet":"max-snippet:-1","max-image-preview":"max-image-preview:large","max-video-preview":"max-video-preview:-1"},"canonical":"https:\/\/bleu-minuit.com\/de\/allgemeine-verkaufsbedingungen\/","og_locale":"de_DE","og_type":"article","og_title":"Allgemeine Verkaufsbedingungen - Bleu Minuit","og_description":"[vc_row row_height_percent=&#8220;0&#8243; back_color=&#8220;color-210407&#8243; overlay_alpha=&#8220;50&#8243; gutter_size=&#8220;3&#8243; column_width_percent=&#8220;100&#8243; shift_y=&#8220;0&#8243; z_index=&#8220;0&#8243;][vc_column column_width_percent=&#8220;100&#8243; gutter_size=&#8220;3&#8243; override_padding=&#8220;yes&#8220; column_padding=&#8220;5&#8243; back_color=&#8220;color-xsdn&#8220; overlay_alpha=&#8220;50&#8243; shadow=&#8220;sm&#8220; shift_x=&#8220;0&#8243; shift_y=&#8220;0&#8243; shift_y_down=&#8220;0&#8243; z_index=&#8220;0&#8243; medium_width=&#8220;0&#8243; [&hellip;]","og_url":"https:\/\/bleu-minuit.com\/de\/allgemeine-verkaufsbedingungen\/","og_site_name":"Bleu Minuit","article_modified_time":"2024-10-10T09:44:54+00:00","twitter_card":"summary_large_image","twitter_misc":{"Gesch\u00e4tzte Lesezeit":"9\u00a0Minuten"},"schema":{"@context":"https:\/\/schema.org","@graph":[{"@type":"WebPage","@id":"https:\/\/bleu-minuit.com\/de\/allgemeine-verkaufsbedingungen\/","url":"https:\/\/bleu-minuit.com\/de\/allgemeine-verkaufsbedingungen\/","name":"Allgemeine Verkaufsbedingungen - Bleu Minuit","isPartOf":{"@id":"https:\/\/bleu-minuit.com\/de\/#website"},"datePublished":"2020-01-24T10:34:16+00:00","dateModified":"2024-10-10T09:44:54+00:00","breadcrumb":{"@id":"https:\/\/bleu-minuit.com\/de\/allgemeine-verkaufsbedingungen\/#breadcrumb"},"inLanguage":"de","potentialAction":[{"@type":"ReadAction","target":["https:\/\/bleu-minuit.com\/de\/allgemeine-verkaufsbedingungen\/"]}]},{"@type":"BreadcrumbList","@id":"https:\/\/bleu-minuit.com\/de\/allgemeine-verkaufsbedingungen\/#breadcrumb","itemListElement":[{"@type":"ListItem","position":1,"name":"Accueil","item":"https:\/\/bleu-minuit.com\/de\/"},{"@type":"ListItem","position":2,"name":"Allgemeine Verkaufsbedingungen"}]},{"@type":"WebSite","@id":"https:\/\/bleu-minuit.com\/de\/#website","url":"https:\/\/bleu-minuit.com\/de\/","name":"Bleu Minuit","description":"Ecolodges \u00e0 la belle \u00e9toile","potentialAction":[{"@type":"SearchAction","target":{"@type":"EntryPoint","urlTemplate":"https:\/\/bleu-minuit.com\/de\/?s={search_term_string}"},"query-input":{"@type":"PropertyValueSpecification","valueRequired":true,"valueName":"search_term_string"}}],"inLanguage":"de"}]}},"_links":{"self":[{"href":"https:\/\/bleu-minuit.com\/de\/wp-json\/wp\/v2\/pages\/86107","targetHints":{"allow":["GET"]}}],"collection":[{"href":"https:\/\/bleu-minuit.com\/de\/wp-json\/wp\/v2\/pages"}],"about":[{"href":"https:\/\/bleu-minuit.com\/de\/wp-json\/wp\/v2\/types\/page"}],"author":[{"embeddable":true,"href":"https:\/\/bleu-minuit.com\/de\/wp-json\/wp\/v2\/users\/1"}],"replies":[{"embeddable":true,"href":"https:\/\/bleu-minuit.com\/de\/wp-json\/wp\/v2\/comments?post=86107"}],"version-history":[{"count":5,"href":"https:\/\/bleu-minuit.com\/de\/wp-json\/wp\/v2\/pages\/86107\/revisions"}],"predecessor-version":[{"id":133201,"href":"https:\/\/bleu-minuit.com\/de\/wp-json\/wp\/v2\/pages\/86107\/revisions\/133201"}],"wp:attachment":[{"href":"https:\/\/bleu-minuit.com\/de\/wp-json\/wp\/v2\/media?parent=86107"}],"curies":[{"name":"wp","href":"https:\/\/api.w.org\/{rel}","templated":true}]}}