{"id":87557,"date":"2019-07-30T16:41:45","date_gmt":"2019-07-30T14:41:45","guid":{"rendered":"https:\/\/bleu-minuit.com\/presse\/"},"modified":"2021-05-13T23:53:29","modified_gmt":"2021-05-13T21:53:29","slug":"der-pressebereich","status":"publish","type":"page","link":"https:\/\/bleu-minuit.com\/de\/der-pressebereich\/","title":{"rendered":"Der Pressebereich"},"content":{"rendered":"<div class=\"wpb-content-wrapper\"><p>[vc_row unlock_row_content=&#8220;yes&#8220; row_height_percent=&#8220;0&#8243; override_padding=&#8220;yes&#8220; h_padding=&#8220;0&#8243; top_padding=&#8220;0&#8243; bottom_padding=&#8220;0&#8243; overlay_alpha=&#8220;50&#8243; equal_height=&#8220;yes&#8220; gutter_size=&#8220;0&#8243; column_width_percent=&#8220;100&#8243; shift_y=&#8220;0&#8243; z_index=&#8220;0&#8243; el_class=&#8220;inverted-device-order&#8220;][vc_column column_width_use_pixel=&#8220;yes&#8220; gutter_size=&#8220;3&#8243; override_padding=&#8220;yes&#8220; column_padding=&#8220;5&#8243; overlay_alpha=&#8220;50&#8243; shift_x=&#8220;0&#8243; shift_y=&#8220;0&#8243; shift_y_down=&#8220;0&#8243; z_index=&#8220;0&#8243; medium_width=&#8220;0&#8243; mobile_width=&#8220;0&#8243; width=&#8220;1\/2&#8243; column_width_pixel=&#8220;528&#8243;][vc_custom_heading text_weight=&#8220;700&#8243;]Mitternachtsblau und dar\u00fcber hinaus[\/vc_custom_heading][vc_column_text text_lead=&#8220;yes&#8220;]Diese Rubrik richtet sich an alle Kommunikationsprofis (Journalisten, Blogger, Verschreiber &#8230;), die mehr \u00fcber die Neuigkeiten der Marke Eph\u00e8le oder einer Bleu Minuit-Domain erfahren m\u00f6chten.<br \/>\nWir stehen Ihnen zur Verf\u00fcgung, um Sie bei der Vorbereitung Ihrer Artikel, Interviews, Berichte und vieles mehr zu unterst\u00fctzen und zu begleiten.<br \/>\nBitte kontaktieren Sie uns!<br \/>\n[\/vc_column_text][vc_empty_space empty_h=&#8220;1&#8243;][vc_row_inner][vc_column_inner column_width_percent=&#8220;100&#8243; gutter_size=&#8220;3&#8243; overlay_alpha=&#8220;50&#8243; shift_x=&#8220;0&#8243; shift_y=&#8220;0&#8243; shift_y_down=&#8220;0&#8243; z_index=&#8220;0&#8243; medium_width=&#8220;4&#8243; mobile_width=&#8220;0&#8243; width=&#8220;1\/2&#8243;][vc_custom_heading heading_semantic=&#8220;h3&#8243; text_size=&#8220;h4&#8243; text_weight=&#8220;700&#8243; subheading=&#8220;presse@bleu-minuit.com&#8220;]E-mail[\/vc_custom_heading][\/vc_column_inner][vc_column_inner column_width_percent=&#8220;100&#8243; gutter_size=&#8220;3&#8243; overlay_alpha=&#8220;50&#8243; shift_x=&#8220;0&#8243; shift_y=&#8220;0&#8243; shift_y_down=&#8220;0&#8243; z_index=&#8220;0&#8243; medium_width=&#8220;4&#8243; mobile_width=&#8220;0&#8243; width=&#8220;1\/2&#8243;][vc_custom_heading heading_semantic=&#8220;h3&#8243; text_size=&#8220;h4&#8243; text_weight=&#8220;700&#8243; subheading=&#8220;+ 33 6 30 24 68 95&#8243;]Telefon[\/vc_custom_heading][\/vc_column_inner][\/vc_row_inner][\/vc_column][vc_column column_width_percent=&#8220;100&#8243; gutter_size=&#8220;3&#8243; back_image=&#8220;79739&#8243; overlay_alpha=&#8220;50&#8243; shift_x=&#8220;0&#8243; shift_y=&#8220;0&#8243; shift_y_down=&#8220;0&#8243; z_index=&#8220;0&#8243; medium_width=&#8220;0&#8243; mobile_width=&#8220;0&#8243; width=&#8220;1\/2&#8243; mobile_height=&#8220;340&#8243;][\/vc_column][\/vc_row]<\/p>\n<\/div>","protected":false},"excerpt":{"rendered":"<p>[vc_row unlock_row_content=&#8220;yes&#8220; row_height_percent=&#8220;0&#8243; override_padding=&#8220;yes&#8220; h_padding=&#8220;0&#8243; top_padding=&#8220;0&#8243; bottom_padding=&#8220;0&#8243; overlay_alpha=&#8220;50&#8243; equal_height=&#8220;yes&#8220; gutter_size=&#8220;0&#8243; column_width_percent=&#8220;100&#8243; shift_y=&#8220;0&#8243; z_index=&#8220;0&#8243; el_class=&#8220;inverted-device-order&#8220;][vc_column column_width_use_pixel=&#8220;yes&#8220; gutter_size=&#8220;3&#8243; override_padding=&#8220;yes&#8220; column_padding=&#8220;5&#8243; overlay_alpha=&#8220;50&#8243; shift_x=&#8220;0&#8243; [&hellip;]<\/p>\n","protected":false},"author":1,"featured_media":0,"parent":0,"menu_order":0,"comment_status":"closed","ping_status":"closed","template":"","meta":{"footnotes":""},"class_list":["post-87557","page","type-page","status-publish","hentry"],"yoast_head":"<!-- This site is optimized with the Yoast SEO plugin v27.4 - https:\/\/yoast.com\/product\/yoast-seo-wordpress\/ -->\n<title>Der Pressebereich - Bleu Minuit<\/title>\n<meta name=\"robots\" content=\"index, follow, max-snippet:-1, max-image-preview:large, max-video-preview:-1\" \/>\n<link rel=\"canonical\" href=\"https:\/\/bleu-minuit.com\/de\/der-pressebereich\/\" \/>\n<meta property=\"og:locale\" content=\"de_DE\" \/>\n<meta property=\"og:type\" content=\"article\" \/>\n<meta property=\"og:title\" content=\"Der Pressebereich - Bleu Minuit\" \/>\n<meta property=\"og:description\" content=\"[vc_row unlock_row_content=&#8220;yes&#8220; row_height_percent=&#8220;0&#8243; override_padding=&#8220;yes&#8220; h_padding=&#8220;0&#8243; top_padding=&#8220;0&#8243; bottom_padding=&#8220;0&#8243; overlay_alpha=&#8220;50&#8243; equal_height=&#8220;yes&#8220; gutter_size=&#8220;0&#8243; column_width_percent=&#8220;100&#8243; shift_y=&#8220;0&#8243; z_index=&#8220;0&#8243; el_class=&#8220;inverted-device-order&#8220;][vc_column column_width_use_pixel=&#8220;yes&#8220; gutter_size=&#8220;3&#8243; override_padding=&#8220;yes&#8220; column_padding=&#8220;5&#8243; overlay_alpha=&#8220;50&#8243; shift_x=&#8220;0&#8243; [&hellip;]\" \/>\n<meta property=\"og:url\" content=\"https:\/\/bleu-minuit.com\/de\/der-pressebereich\/\" \/>\n<meta property=\"og:site_name\" content=\"Bleu Minuit\" \/>\n<meta property=\"article:modified_time\" content=\"2021-05-13T21:53:29+00:00\" \/>\n<meta name=\"twitter:card\" content=\"summary_large_image\" \/>\n<meta name=\"twitter:label1\" content=\"Gesch\u00e4tzte Lesezeit\" \/>\n\t<meta name=\"twitter:data1\" content=\"1\u00a0Minute\" \/>\n<script type=\"application\/ld+json\" class=\"yoast-schema-graph\">{\"@context\":\"https:\\\/\\\/schema.org\",\"@graph\":[{\"@type\":\"WebPage\",\"@id\":\"https:\\\/\\\/bleu-minuit.com\\\/de\\\/der-pressebereich\\\/\",\"url\":\"https:\\\/\\\/bleu-minuit.com\\\/de\\\/der-pressebereich\\\/\",\"name\":\"Der Pressebereich - Bleu Minuit\",\"isPartOf\":{\"@id\":\"https:\\\/\\\/bleu-minuit.com\\\/de\\\/#website\"},\"datePublished\":\"2019-07-30T14:41:45+00:00\",\"dateModified\":\"2021-05-13T21:53:29+00:00\",\"breadcrumb\":{\"@id\":\"https:\\\/\\\/bleu-minuit.com\\\/de\\\/der-pressebereich\\\/#breadcrumb\"},\"inLanguage\":\"de\",\"potentialAction\":[{\"@type\":\"ReadAction\",\"target\":[\"https:\\\/\\\/bleu-minuit.com\\\/de\\\/der-pressebereich\\\/\"]}]},{\"@type\":\"BreadcrumbList\",\"@id\":\"https:\\\/\\\/bleu-minuit.com\\\/de\\\/der-pressebereich\\\/#breadcrumb\",\"itemListElement\":[{\"@type\":\"ListItem\",\"position\":1,\"name\":\"Accueil\",\"item\":\"https:\\\/\\\/bleu-minuit.com\\\/de\\\/\"},{\"@type\":\"ListItem\",\"position\":2,\"name\":\"Der Pressebereich\"}]},{\"@type\":\"WebSite\",\"@id\":\"https:\\\/\\\/bleu-minuit.com\\\/de\\\/#website\",\"url\":\"https:\\\/\\\/bleu-minuit.com\\\/de\\\/\",\"name\":\"Bleu Minuit\",\"description\":\"Ecolodges \u00e0 la belle \u00e9toile\",\"potentialAction\":[{\"@type\":\"SearchAction\",\"target\":{\"@type\":\"EntryPoint\",\"urlTemplate\":\"https:\\\/\\\/bleu-minuit.com\\\/de\\\/?s={search_term_string}\"},\"query-input\":{\"@type\":\"PropertyValueSpecification\",\"valueRequired\":true,\"valueName\":\"search_term_string\"}}],\"inLanguage\":\"de\"}]}<\/script>\n<!-- \/ Yoast SEO plugin. -->","yoast_head_json":{"title":"Der Pressebereich - Bleu Minuit","robots":{"index":"index","follow":"follow","max-snippet":"max-snippet:-1","max-image-preview":"max-image-preview:large","max-video-preview":"max-video-preview:-1"},"canonical":"https:\/\/bleu-minuit.com\/de\/der-pressebereich\/","og_locale":"de_DE","og_type":"article","og_title":"Der Pressebereich - Bleu Minuit","og_description":"[vc_row unlock_row_content=&#8220;yes&#8220; row_height_percent=&#8220;0&#8243; override_padding=&#8220;yes&#8220; h_padding=&#8220;0&#8243; top_padding=&#8220;0&#8243; bottom_padding=&#8220;0&#8243; overlay_alpha=&#8220;50&#8243; equal_height=&#8220;yes&#8220; gutter_size=&#8220;0&#8243; column_width_percent=&#8220;100&#8243; shift_y=&#8220;0&#8243; z_index=&#8220;0&#8243; el_class=&#8220;inverted-device-order&#8220;][vc_column column_width_use_pixel=&#8220;yes&#8220; gutter_size=&#8220;3&#8243; override_padding=&#8220;yes&#8220; column_padding=&#8220;5&#8243; overlay_alpha=&#8220;50&#8243; shift_x=&#8220;0&#8243; [&hellip;]","og_url":"https:\/\/bleu-minuit.com\/de\/der-pressebereich\/","og_site_name":"Bleu Minuit","article_modified_time":"2021-05-13T21:53:29+00:00","twitter_card":"summary_large_image","twitter_misc":{"Gesch\u00e4tzte Lesezeit":"1\u00a0Minute"},"schema":{"@context":"https:\/\/schema.org","@graph":[{"@type":"WebPage","@id":"https:\/\/bleu-minuit.com\/de\/der-pressebereich\/","url":"https:\/\/bleu-minuit.com\/de\/der-pressebereich\/","name":"Der Pressebereich - Bleu Minuit","isPartOf":{"@id":"https:\/\/bleu-minuit.com\/de\/#website"},"datePublished":"2019-07-30T14:41:45+00:00","dateModified":"2021-05-13T21:53:29+00:00","breadcrumb":{"@id":"https:\/\/bleu-minuit.com\/de\/der-pressebereich\/#breadcrumb"},"inLanguage":"de","potentialAction":[{"@type":"ReadAction","target":["https:\/\/bleu-minuit.com\/de\/der-pressebereich\/"]}]},{"@type":"BreadcrumbList","@id":"https:\/\/bleu-minuit.com\/de\/der-pressebereich\/#breadcrumb","itemListElement":[{"@type":"ListItem","position":1,"name":"Accueil","item":"https:\/\/bleu-minuit.com\/de\/"},{"@type":"ListItem","position":2,"name":"Der Pressebereich"}]},{"@type":"WebSite","@id":"https:\/\/bleu-minuit.com\/de\/#website","url":"https:\/\/bleu-minuit.com\/de\/","name":"Bleu Minuit","description":"Ecolodges \u00e0 la belle \u00e9toile","potentialAction":[{"@type":"SearchAction","target":{"@type":"EntryPoint","urlTemplate":"https:\/\/bleu-minuit.com\/de\/?s={search_term_string}"},"query-input":{"@type":"PropertyValueSpecification","valueRequired":true,"valueName":"search_term_string"}}],"inLanguage":"de"}]}},"_links":{"self":[{"href":"https:\/\/bleu-minuit.com\/de\/wp-json\/wp\/v2\/pages\/87557","targetHints":{"allow":["GET"]}}],"collection":[{"href":"https:\/\/bleu-minuit.com\/de\/wp-json\/wp\/v2\/pages"}],"about":[{"href":"https:\/\/bleu-minuit.com\/de\/wp-json\/wp\/v2\/types\/page"}],"author":[{"embeddable":true,"href":"https:\/\/bleu-minuit.com\/de\/wp-json\/wp\/v2\/users\/1"}],"replies":[{"embeddable":true,"href":"https:\/\/bleu-minuit.com\/de\/wp-json\/wp\/v2\/comments?post=87557"}],"version-history":[{"count":3,"href":"https:\/\/bleu-minuit.com\/de\/wp-json\/wp\/v2\/pages\/87557\/revisions"}],"predecessor-version":[{"id":89960,"href":"https:\/\/bleu-minuit.com\/de\/wp-json\/wp\/v2\/pages\/87557\/revisions\/89960"}],"wp:attachment":[{"href":"https:\/\/bleu-minuit.com\/de\/wp-json\/wp\/v2\/media?parent=87557"}],"curies":[{"name":"wp","href":"https:\/\/api.w.org\/{rel}","templated":true}]}}