{"id":90889,"date":"2022-06-27T15:40:23","date_gmt":"2022-06-27T13:40:23","guid":{"rendered":"https:\/\/bleu-minuit.com\/?page_id=90889"},"modified":"2025-06-26T15:37:09","modified_gmt":"2025-06-26T13:37:09","slug":"infos-faq","status":"publish","type":"page","link":"https:\/\/bleu-minuit.com\/de\/infos-faq\/","title":{"rendered":"Infos &#038; FAQ L&#8217;Arche"},"content":{"rendered":"<div class=\"wpb-content-wrapper\"><p>[vc_row row_height_percent=&#8220;0&#8243; override_padding=&#8220;yes&#8220; h_padding=&#8220;2&#8243; top_padding=&#8220;0&#8243; bottom_padding=&#8220;3&#8243; back_color=&#8220;color-lxmt&#8220; overlay_alpha=&#8220;50&#8243; gutter_size=&#8220;3&#8243; column_width_percent=&#8220;100&#8243; shift_y=&#8220;0&#8243; z_index=&#8220;0&#8243;][vc_column column_width_use_pixel=&#8220;yes&#8220; gutter_size=&#8220;3&#8243; override_padding=&#8220;yes&#8220; column_padding=&#8220;3&#8243; back_color=&#8220;color-xsdn&#8220; overlay_alpha=&#8220;50&#8243; shadow=&#8220;sm&#8220; shift_x=&#8220;0&#8243; shift_y=&#8220;-2&#8243; shift_y_down=&#8220;0&#8243; z_index=&#8220;0&#8243; medium_width=&#8220;0&#8243; mobile_width=&#8220;0&#8243; width=&#8220;1\/1&#8243; column_width_pixel=&#8220;900&#8243; uncode_shortcode_id=&#8220;456568&#8243; back_color_type=&#8220;uncode-palette&#8220;][vc_row_inner limit_content=&#8220;&#8220;][vc_column_inner column_width_percent=&#8220;100&#8243; align_horizontal=&#8220;align_center&#8220; gutter_size=&#8220;3&#8243; overlay_alpha=&#8220;50&#8243; shift_x=&#8220;0&#8243; shift_y=&#8220;0&#8243; shift_y_down=&#8220;0&#8243; z_index=&#8220;0&#8243; medium_width=&#8220;0&#8243; mobile_width=&#8220;0&#8243; width=&#8220;1\/1&#8243; uncode_shortcode_id=&#8220;251946&#8243;][vc_custom_heading text_size=&#8220;h4&#8243; text_weight=&#8220;600&#8243; uncode_shortcode_id=&#8220;162616&#8243;]Hier findest du bestimmt die Antworten auf all deine Fragen! Falls nicht, k\u00f6nnen Sie uns <a href=\"https:\/\/bleu-minuit.com\/de\/contacter-bleu-minuit\/\">hier kontaktieren.<\/a>[\/vc_custom_heading][\/vc_column_inner][\/vc_row_inner][vc_custom_heading text_color=&#8220;color-210407&#8243; text_size=&#8220;h4&#8243; text_weight=&#8220;600&#8243; separator_color=&#8220;yes&#8220; separator=&#8220;yes&#8220; sub_reduced=&#8220;yes&#8220; uncode_shortcode_id=&#8220;263751&#8243; text_color_type=&#8220;uncode-palette&#8220;]UNS FINDEN[\/vc_custom_heading][vc_accordion active_tab=&#8220;0&#8243;][vc_accordion_tab gutter_size=&#8220;2&#8243; column_padding=&#8220;2&#8243; title=&#8220;Wo befindet sich Bleu Minuit?&#8220; tab_id=&#8220;1656337503-1-781664384027332&#8243;][vc_column_text uncode_shortcode_id=&#8220;474494&#8243;]Bleu Minuit befindet sich auf dem Gel\u00e4nde des Hotel-Restaurants Anthon: 40 rue principale, 67510 Obersteinbach[\/vc_column_text][vc_column_text uncode_shortcode_id=&#8220;789260&#8243;]<iframe style=\"border: 0;\" data-src=\"https:\/\/www.google.com\/maps\/embed?pb=!1m18!1m12!1m3!1d42140.764522596284!2d7.632017795769332!3d49.037122455463646!2m3!1f0!2f0!3f0!3m2!1i1024!2i768!4f13.1!3m3!1m2!1s0x479688cefcbed911%3A0x40a5fb99a394d60!2sObersteinbach!5e0!3m2!1sfr!2sfr!4v1564478409264!5m2!1sfr!2sfr\" width=\"600\" height=\"350\" frameborder=\"0\" allowfullscreen=\"allowfullscreen\" data-mce-fragment=\"1\" src=\"data:image\/svg+xml;base64,PHN2ZyB3aWR0aD0iMSIgaGVpZ2h0PSIxIiB4bWxucz0iaHR0cDovL3d3dy53My5vcmcvMjAwMC9zdmciPjwvc3ZnPg==\" class=\"lazyload\" data-load-mode=\"1\"><\/iframe>[\/vc_column_text][\/vc_accordion_tab][vc_accordion_tab gutter_size=&#8220;2&#8243; column_padding=&#8220;2&#8243; title=&#8220;Wie komme ich zum Weingut?&#8220; tab_id=&#8220;1656337503-2-851664384027332&#8243;][vc_column_text uncode_shortcode_id=&#8220;450712&#8243;]Entdecken Sie hier Ihre Route f\u00fcr sanfte <a href=\"https:\/\/bleu-minuit.com\/evenement-sejour-bien-etre-detox-25-26-mars-2\/\">Mobilit\u00e4t.<\/a>.[\/vc_column_text][\/vc_accordion_tab][\/vc_accordion][vc_custom_heading text_color=&#8220;color-210407&#8243; text_size=&#8220;h4&#8243; text_weight=&#8220;600&#8243; text_transform=&#8220;uppercase&#8220; separator_color=&#8220;yes&#8220; separator=&#8220;yes&#8220; sub_reduced=&#8220;yes&#8220; uncode_shortcode_id=&#8220;135219&#8243; text_color_type=&#8220;uncode-palette&#8220;]Ankunfts- &amp; Abflugzeiten[\/vc_custom_heading][vc_accordion active_tab=&#8220;0&#8243;][vc_accordion_tab gutter_size=&#8220;2&#8243; column_padding=&#8220;2&#8243; title=&#8220;Um wie viel Uhr k\u00f6nnen wir ankommen?&#8220; tab_id=&#8220;1656337779-1-891664384027332&#8243;][vc_column_text uncode_shortcode_id=&#8220;210046&#8243;]Unsere Lodges sind ab 15:00 Uhr verf\u00fcgbar.<br \/>\nM\u00f6chten Sie fr\u00fcher ankommen?<br \/>\nSie k\u00f6nnen Ihr Auto auf dem Parkplatz abstellen und einen Spaziergang rund um das Anwesen genie\u00dfen, w\u00e4hrend Sie darauf warten, dass Ihre Lodge fertig ist![\/vc_column_text][\/vc_accordion_tab][vc_accordion_tab gutter_size=&#8220;2&#8243; column_padding=&#8220;2&#8243; title=&#8220;Wo findet die Begr\u00fc\u00dfung vor Ort statt?&#8220; tab_id=&#8220;1656337779-2-811664384027332&#8243;][vc_column_text uncode_shortcode_id=&#8220;979553&#8243;]Der Empfang erfolgt direkt bei unseren Partnern, dem Hotel-Restaurant Anthon, die sich freuen, Sie willkommen zu hei\u00dfen! Sie k\u00f6nnen sie direkt unter der Nummer <a href=\"tel:\/\/+33388095501\">+33 3 88 09 55 01<\/a> kontaktieren.[\/vc_column_text][\/vc_accordion_tab][vc_accordion_tab gutter_size=&#8220;2&#8243; column_padding=&#8220;2&#8243; title=&#8220;Wann ist die Abreise?&#8220; tab_id=&#8220;5a461757-82f6-71664384027332&#8243;][vc_column_text uncode_shortcode_id=&#8220;974680&#8243;]Die Schl\u00fcsselr\u00fcckgabe erfolgt am Tag Ihrer Abreise bis sp\u00e4testens 11:00 Uhr. M\u00f6chten Sie das Anwesen danach verlassen? Sie k\u00f6nnen Ihr Auto auf dem Parkplatz abstellen und einen Spaziergang rund um das Anwesen genie\u00dfen, w\u00e4hrend Sie darauf warten, dass Ihre Lodge fertig ist![\/vc_column_text][\/vc_accordion_tab][\/vc_accordion][vc_custom_heading text_color=&#8220;color-210407&#8243; text_size=&#8220;h4&#8243; text_weight=&#8220;600&#8243; separator_color=&#8220;yes&#8220; separator=&#8220;yes&#8220; sub_reduced=&#8220;yes&#8220; uncode_shortcode_id=&#8220;641216&#8243; text_color_type=&#8220;uncode-palette&#8220;]VERPFLEGUNG[\/vc_custom_heading][vc_accordion active_tab=&#8220;0&#8243;][vc_accordion_tab gutter_size=&#8220;2&#8243; column_padding=&#8220;2&#8243; title=&#8220;Ist das Fr\u00fchst\u00fcck inbegriffen?&#8220; tab_id=&#8220;1659357070757-5-61664384027332&#8243;][vc_column_text uncode_shortcode_id=&#8220;487968&#8243;]Das Fr\u00fchst\u00fccksbuffet ist nur dann in Ihrer Buchung enthalten, wenn Ihr Aufenthalt \u00fcber unsere Website gebucht wurde (Halbpension obligatorisch).<\/p>\n<p>Andernfalls wird das Fr\u00fchst\u00fcck zum Preis von 14\u20ac pro Person angeboten (eine vorherige Reservierung ist empfehlenswert).[\/vc_column_text][\/vc_accordion_tab][vc_accordion_tab gutter_size=&#8220;2&#8243; column_padding=&#8220;2&#8243; title=&#8220;Wie sind die Fr\u00fchst\u00fcckszeiten?&#8220; tab_id=&#8220;1659357096607-5-41664384027332&#8243;][vc_column_text uncode_shortcode_id=&#8220;337707&#8243;]Das Fr\u00fchst\u00fcck ist zwischen 8:00 und 10:00 Uhr ge\u00f6ffnet.[\/vc_column_text][\/vc_accordion_tab][vc_accordion_tab gutter_size=&#8220;2&#8243; column_padding=&#8220;2&#8243; title=&#8220;Wie ist der Zeitplan f\u00fcr das Abendessen?&#8220; tab_id=&#8220;960e0cfa-0c97-01664384027332&#8243;][vc_column_text uncode_shortcode_id=&#8220;173571&#8243;]Die Ankunft zum Abendessen erfolgt zwischen 18:45 und 20:30 Uhr.[\/vc_column_text][\/vc_accordion_tab][vc_accordion_tab gutter_size=&#8220;2&#8243; column_padding=&#8220;2&#8243; title=&#8220;Wie hoch sind die Kosten f\u00fcr das Abendessen?&#8220; tab_id=&#8220;e1e61bc1-c898-21664384027332&#8243;][vc_column_text uncode_shortcode_id=&#8220;757492&#8243;]Das Abendessen ist nur dann in Ihrer Buchung enthalten, wenn Ihr Aufenthalt \u00fcber unsere Website gebucht wurde (Halbpension ist obligatorisch).<\/p>\n<p>Andernfalls kostet das 3-G\u00e4nge-Men\u00fc \u201eTerroir\u201c 39\u20ac pro Person ohne Getr\u00e4nke und das 4-G\u00e4nge-Men\u00fc \u201eGastronomique\u201c 66\u20ac pro Person ohne Getr\u00e4nke (eine vorherige Reservierung ist empfehlenswert).[\/vc_column_text][\/vc_accordion_tab][vc_accordion_tab gutter_size=&#8220;2&#8243; column_padding=&#8220;2&#8243; title=&#8220;Bieten Sie auch vegetarische Gerichte an?&#8220; tab_id=&#8220;ae062b71-d71b-31664384027332&#8243;][vc_column_text uncode_shortcode_id=&#8220;192011&#8243;]Das Restaurant Anthon stellt sich gerne auf spezielle Di\u00e4ten ein. Bitte geben Sie dies bei Ihrer Reservierung an![\/vc_column_text][\/vc_accordion_tab][\/vc_accordion][vc_custom_heading text_color=&#8220;color-210407&#8243; text_size=&#8220;h4&#8243; text_weight=&#8220;600&#8243; text_transform=&#8220;uppercase&#8220; separator_color=&#8220;yes&#8220; separator=&#8220;yes&#8220; sub_reduced=&#8220;yes&#8220; uncode_shortcode_id=&#8220;124234&#8243; text_color_type=&#8220;uncode-palette&#8220;]Reservierung &amp; Zahlung[\/vc_custom_heading][vc_accordion active_tab=&#8220;0&#8243;][vc_accordion_tab gutter_size=&#8220;2&#8243; column_padding=&#8220;2&#8243; title=&#8220;Sind die Verf\u00fcgbarkeiten sichtbar, wenn man buchen m\u00f6chte?&#8220; tab_id=&#8220;1656338343-1-31664384027332&#8243;][vc_column_text uncode_shortcode_id=&#8220;111461&#8243;]Ja, von einem Computer aus k\u00f6nnen Sie die Verf\u00fcgbarkeit in Echtzeit abfragen, indem Sie auf &#8222;Verf\u00fcgbarkeit anzeigen&#8220; klicken.[\/vc_column_text][\/vc_accordion_tab][vc_accordion_tab gutter_size=&#8220;2&#8243; column_padding=&#8220;2&#8243; title=&#8220;Welche Zahlungsmittel gibt es?&#8220; tab_id=&#8220;11f7931f-82c4-71664384027332&#8243;][vc_column_text uncode_shortcode_id=&#8220;451323&#8243;]Bei Ihrer Buchung auf unserer Website k\u00f6nnen Sie zwischen einer sofortigen und sicheren Zahlung per Kreditkarte, einer Zahlung per Scheck, Urlaubsschecks, Connect-Schecks oder Bank\u00fcberweisung w\u00e4hlen.[\/vc_column_text][\/vc_accordion_tab][vc_accordion_tab gutter_size=&#8220;2&#8243; column_padding=&#8220;2&#8243; title=&#8220;Ist es m\u00f6glich, einen Gutschein zu kaufen?&#8220; tab_id=&#8220;f734d9e9-0cb8-81664384027332&#8243;][vc_column_text uncode_shortcode_id=&#8220;149697&#8243;]Auf unserer <a href=\"https:\/\/bleu-minuit.com\/de\/produit\/carte-cadeau\/\">Geschenkkartenseite<\/a> k\u00f6nnen Sie w\u00e4hlen, ob Sie einen Geschenkgutschein verschenken m\u00f6chten, indem Sie die gew\u00fcnschten Optionen ausw\u00e4hlen, oder einen Geschenkgutschein mit einem beliebigen Betrag.[\/vc_column_text][\/vc_accordion_tab][vc_accordion_tab gutter_size=&#8220;2&#8243; column_padding=&#8220;2&#8243; title=&#8220;Kann man den Betrag vor Ort bezahlen?&#8220; tab_id=&#8220;1728478280838-5-3&#8243;][vc_column_text uncode_shortcode_id=&#8220;205575&#8243;]Der gesamte Aufenthalt ist vor Ihrer Ankunft zu begleichen. Extras sind vor Ort bei unserem Partner zu bezahlen.[\/vc_column_text][\/vc_accordion_tab][\/vc_accordion][vc_custom_heading text_color=&#8220;color-210407&#8243; text_size=&#8220;h4&#8243; text_weight=&#8220;600&#8243; separator_color=&#8220;yes&#8220; separator=&#8220;yes&#8220; sub_reduced=&#8220;yes&#8220; uncode_shortcode_id=&#8220;141562&#8243; text_color_type=&#8220;uncode-palette&#8220;]DIE LODGES[\/vc_custom_heading][vc_accordion active_tab=&#8220;0&#8243;][vc_accordion_tab gutter_size=&#8220;2&#8243; column_padding=&#8220;2&#8243; title=&#8220;Sind Hunde erlaubt?&#8220; tab_id=&#8220;1659357151460-3-51664384027332&#8243;][vc_column_text uncode_shortcode_id=&#8220;153718&#8243;]Leider akzeptieren wir keine Hunde, auch keine kleinen! Ja, wir bei Bleu Minuit lieben Tiere, aber unsere Lodges ein bisschen weniger&#8230;[\/vc_column_text][\/vc_accordion_tab][vc_accordion_tab gutter_size=&#8220;2&#8243; column_padding=&#8220;2&#8243; title=&#8220;Was sind die Unterschiede zwischen den Lodges?&#8220; tab_id=&#8220;1659357178531-3-71664384027332&#8243;][vc_column_text uncode_shortcode_id=&#8220;514924&#8243;]Alle unsere Lodges sind in ihrer Bauweise identisch. Die M\u00f6bel und die Dekoration sind identisch. Die Lodge Petite Ourse ist mit einem Badezimmer f\u00fcr Behinderte ausgestattet. Die Lodges Lynx und Li\u00e8vre verf\u00fcgen \u00fcber eine 180x70cm gro\u00dfe Sitzbank, auf der ein Kind oder ein Jugendlicher Platz finden kann.[\/vc_column_text][\/vc_accordion_tab][vc_accordion_tab gutter_size=&#8220;2&#8243; column_padding=&#8220;2&#8243; title=&#8220;Gibt es eine WiFi-Verbindung?&#8220; tab_id=&#8220;8297509c-abe9-51664384027332&#8243;][vc_column_text uncode_shortcode_id=&#8220;206506&#8243;]Die Lodges sind mit WLAN ausgestattet. Das Netz ist ohne Code zug\u00e4nglich![\/vc_column_text][\/vc_accordion_tab][\/vc_accordion][vc_custom_heading text_color=&#8220;color-210407&#8243; text_size=&#8220;h4&#8243; text_weight=&#8220;600&#8243; text_transform=&#8220;uppercase&#8220; separator_color=&#8220;yes&#8220; separator=&#8220;yes&#8220; sub_reduced=&#8220;yes&#8220; uncode_shortcode_id=&#8220;167473&#8243; text_color_type=&#8220;uncode-palette&#8220;]Sauna und Bad in Patagonien[\/vc_custom_heading][vc_accordion active_tab=&#8220;0&#8243;][vc_accordion_tab gutter_size=&#8220;2&#8243; column_padding=&#8220;2&#8243; title=&#8220;Wie sind die \u00d6ffnungszeiten f\u00fcr das Patagonia-Bad und die Sauna?&#8220; tab_id=&#8220;1659356953098-3-81664384027332&#8243;][vc_column_text uncode_shortcode_id=&#8220;205933&#8243;]Das Anwesen verf\u00fcgt \u00fcber ein Bain de Patagonie und eine Sauna, die Ihnen zur Verf\u00fcgung stehen und im Winter von 15 bis 18 Uhr und im Sommer von 15 bis 19 Uhr ge\u00f6ffnet sind. Die \u00d6ffnungszeiten k\u00f6nnen je nach Wetter und Veranstaltungen variieren. Bei Fragen wenden Sie sich bitte an unseren Partner, das <a href=\"https:\/\/www.google.com\/search?client=safari&amp;rls=en&amp;q=hotel+anthon+obersteinbach&amp;ie=UTF-8&amp;oe=UTF-8\">Hotel-Restaurant Anthon<\/a> unter <a href=\"tel:\/\/+33388095501\">+33 3 88 09 55 01<\/a>.[\/vc_column_text][\/vc_accordion_tab][vc_accordion_tab gutter_size=&#8220;2&#8243; column_padding=&#8220;2&#8243; title=&#8220;Muss das Patagonienbad und die Sauna gebucht werden?&#8220; tab_id=&#8220;1659356984981-4-91664384027332&#8243;][vc_column_text uncode_shortcode_id=&#8220;187566&#8243;]Nein das Patagonienbad und die Sauna stehen ohne Reservierung zur Verf\u00fcgung.[\/vc_column_text][\/vc_accordion_tab][\/vc_accordion][\/vc_column][\/vc_row]<\/p>\n<\/div>","protected":false},"excerpt":{"rendered":"<p>[vc_row row_height_percent=&#8220;0&#8243; override_padding=&#8220;yes&#8220; h_padding=&#8220;2&#8243; top_padding=&#8220;0&#8243; bottom_padding=&#8220;3&#8243; back_color=&#8220;color-lxmt&#8220; overlay_alpha=&#8220;50&#8243; gutter_size=&#8220;3&#8243; column_width_percent=&#8220;100&#8243; shift_y=&#8220;0&#8243; z_index=&#8220;0&#8243;][vc_column column_width_use_pixel=&#8220;yes&#8220; gutter_size=&#8220;3&#8243; override_padding=&#8220;yes&#8220; column_padding=&#8220;3&#8243; back_color=&#8220;color-xsdn&#8220; overlay_alpha=&#8220;50&#8243; shadow=&#8220;sm&#8220; shift_x=&#8220;0&#8243; [&hellip;]<\/p>\n","protected":false},"author":1,"featured_media":0,"parent":0,"menu_order":0,"comment_status":"closed","ping_status":"closed","template":"","meta":{"footnotes":""},"class_list":["post-90889","page","type-page","status-publish","hentry"],"yoast_head":"<!-- This site is optimized with the Yoast SEO plugin v27.4 - https:\/\/yoast.com\/product\/yoast-seo-wordpress\/ -->\n<title>Infos &amp; FAQ L&#039;Arche - Bleu Minuit<\/title>\n<meta name=\"robots\" content=\"index, follow, max-snippet:-1, max-image-preview:large, max-video-preview:-1\" \/>\n<link rel=\"canonical\" href=\"https:\/\/bleu-minuit.com\/de\/infos-faq\/\" \/>\n<meta property=\"og:locale\" content=\"de_DE\" \/>\n<meta property=\"og:type\" content=\"article\" \/>\n<meta property=\"og:title\" content=\"Infos &amp; FAQ L&#039;Arche - Bleu Minuit\" \/>\n<meta property=\"og:description\" content=\"[vc_row row_height_percent=&#8220;0&#8243; override_padding=&#8220;yes&#8220; h_padding=&#8220;2&#8243; top_padding=&#8220;0&#8243; bottom_padding=&#8220;3&#8243; back_color=&#8220;color-lxmt&#8220; overlay_alpha=&#8220;50&#8243; gutter_size=&#8220;3&#8243; column_width_percent=&#8220;100&#8243; shift_y=&#8220;0&#8243; z_index=&#8220;0&#8243;][vc_column column_width_use_pixel=&#8220;yes&#8220; gutter_size=&#8220;3&#8243; override_padding=&#8220;yes&#8220; column_padding=&#8220;3&#8243; back_color=&#8220;color-xsdn&#8220; overlay_alpha=&#8220;50&#8243; shadow=&#8220;sm&#8220; shift_x=&#8220;0&#8243; [&hellip;]\" \/>\n<meta property=\"og:url\" content=\"https:\/\/bleu-minuit.com\/de\/infos-faq\/\" \/>\n<meta property=\"og:site_name\" content=\"Bleu Minuit\" \/>\n<meta property=\"article:modified_time\" content=\"2025-06-26T13:37:09+00:00\" \/>\n<meta name=\"twitter:card\" content=\"summary_large_image\" \/>\n<meta name=\"twitter:label1\" content=\"Gesch\u00e4tzte Lesezeit\" \/>\n\t<meta name=\"twitter:data1\" content=\"5\u00a0Minuten\" \/>\n<script type=\"application\/ld+json\" class=\"yoast-schema-graph\">{\"@context\":\"https:\\\/\\\/schema.org\",\"@graph\":[{\"@type\":\"WebPage\",\"@id\":\"https:\\\/\\\/bleu-minuit.com\\\/de\\\/infos-faq\\\/\",\"url\":\"https:\\\/\\\/bleu-minuit.com\\\/de\\\/infos-faq\\\/\",\"name\":\"Infos & FAQ L'Arche - Bleu Minuit\",\"isPartOf\":{\"@id\":\"https:\\\/\\\/bleu-minuit.com\\\/de\\\/#website\"},\"datePublished\":\"2022-06-27T13:40:23+00:00\",\"dateModified\":\"2025-06-26T13:37:09+00:00\",\"breadcrumb\":{\"@id\":\"https:\\\/\\\/bleu-minuit.com\\\/de\\\/infos-faq\\\/#breadcrumb\"},\"inLanguage\":\"de\",\"potentialAction\":[{\"@type\":\"ReadAction\",\"target\":[\"https:\\\/\\\/bleu-minuit.com\\\/de\\\/infos-faq\\\/\"]}]},{\"@type\":\"BreadcrumbList\",\"@id\":\"https:\\\/\\\/bleu-minuit.com\\\/de\\\/infos-faq\\\/#breadcrumb\",\"itemListElement\":[{\"@type\":\"ListItem\",\"position\":1,\"name\":\"Accueil\",\"item\":\"https:\\\/\\\/bleu-minuit.com\\\/de\\\/\"},{\"@type\":\"ListItem\",\"position\":2,\"name\":\"Infos &#038; FAQ L&rsquo;Arche\"}]},{\"@type\":\"WebSite\",\"@id\":\"https:\\\/\\\/bleu-minuit.com\\\/de\\\/#website\",\"url\":\"https:\\\/\\\/bleu-minuit.com\\\/de\\\/\",\"name\":\"Bleu Minuit\",\"description\":\"Ecolodges \u00e0 la belle \u00e9toile\",\"potentialAction\":[{\"@type\":\"SearchAction\",\"target\":{\"@type\":\"EntryPoint\",\"urlTemplate\":\"https:\\\/\\\/bleu-minuit.com\\\/de\\\/?s={search_term_string}\"},\"query-input\":{\"@type\":\"PropertyValueSpecification\",\"valueRequired\":true,\"valueName\":\"search_term_string\"}}],\"inLanguage\":\"de\"}]}<\/script>\n<!-- \/ Yoast SEO plugin. -->","yoast_head_json":{"title":"Infos & FAQ L'Arche - Bleu Minuit","robots":{"index":"index","follow":"follow","max-snippet":"max-snippet:-1","max-image-preview":"max-image-preview:large","max-video-preview":"max-video-preview:-1"},"canonical":"https:\/\/bleu-minuit.com\/de\/infos-faq\/","og_locale":"de_DE","og_type":"article","og_title":"Infos & FAQ L'Arche - Bleu Minuit","og_description":"[vc_row row_height_percent=&#8220;0&#8243; override_padding=&#8220;yes&#8220; h_padding=&#8220;2&#8243; top_padding=&#8220;0&#8243; bottom_padding=&#8220;3&#8243; back_color=&#8220;color-lxmt&#8220; overlay_alpha=&#8220;50&#8243; gutter_size=&#8220;3&#8243; column_width_percent=&#8220;100&#8243; shift_y=&#8220;0&#8243; z_index=&#8220;0&#8243;][vc_column column_width_use_pixel=&#8220;yes&#8220; gutter_size=&#8220;3&#8243; override_padding=&#8220;yes&#8220; column_padding=&#8220;3&#8243; back_color=&#8220;color-xsdn&#8220; overlay_alpha=&#8220;50&#8243; shadow=&#8220;sm&#8220; shift_x=&#8220;0&#8243; [&hellip;]","og_url":"https:\/\/bleu-minuit.com\/de\/infos-faq\/","og_site_name":"Bleu Minuit","article_modified_time":"2025-06-26T13:37:09+00:00","twitter_card":"summary_large_image","twitter_misc":{"Gesch\u00e4tzte Lesezeit":"5\u00a0Minuten"},"schema":{"@context":"https:\/\/schema.org","@graph":[{"@type":"WebPage","@id":"https:\/\/bleu-minuit.com\/de\/infos-faq\/","url":"https:\/\/bleu-minuit.com\/de\/infos-faq\/","name":"Infos & FAQ L'Arche - Bleu Minuit","isPartOf":{"@id":"https:\/\/bleu-minuit.com\/de\/#website"},"datePublished":"2022-06-27T13:40:23+00:00","dateModified":"2025-06-26T13:37:09+00:00","breadcrumb":{"@id":"https:\/\/bleu-minuit.com\/de\/infos-faq\/#breadcrumb"},"inLanguage":"de","potentialAction":[{"@type":"ReadAction","target":["https:\/\/bleu-minuit.com\/de\/infos-faq\/"]}]},{"@type":"BreadcrumbList","@id":"https:\/\/bleu-minuit.com\/de\/infos-faq\/#breadcrumb","itemListElement":[{"@type":"ListItem","position":1,"name":"Accueil","item":"https:\/\/bleu-minuit.com\/de\/"},{"@type":"ListItem","position":2,"name":"Infos &#038; FAQ L&rsquo;Arche"}]},{"@type":"WebSite","@id":"https:\/\/bleu-minuit.com\/de\/#website","url":"https:\/\/bleu-minuit.com\/de\/","name":"Bleu Minuit","description":"Ecolodges \u00e0 la belle \u00e9toile","potentialAction":[{"@type":"SearchAction","target":{"@type":"EntryPoint","urlTemplate":"https:\/\/bleu-minuit.com\/de\/?s={search_term_string}"},"query-input":{"@type":"PropertyValueSpecification","valueRequired":true,"valueName":"search_term_string"}}],"inLanguage":"de"}]}},"_links":{"self":[{"href":"https:\/\/bleu-minuit.com\/de\/wp-json\/wp\/v2\/pages\/90889","targetHints":{"allow":["GET"]}}],"collection":[{"href":"https:\/\/bleu-minuit.com\/de\/wp-json\/wp\/v2\/pages"}],"about":[{"href":"https:\/\/bleu-minuit.com\/de\/wp-json\/wp\/v2\/types\/page"}],"author":[{"embeddable":true,"href":"https:\/\/bleu-minuit.com\/de\/wp-json\/wp\/v2\/users\/1"}],"replies":[{"embeddable":true,"href":"https:\/\/bleu-minuit.com\/de\/wp-json\/wp\/v2\/comments?post=90889"}],"version-history":[{"count":17,"href":"https:\/\/bleu-minuit.com\/de\/wp-json\/wp\/v2\/pages\/90889\/revisions"}],"predecessor-version":[{"id":134320,"href":"https:\/\/bleu-minuit.com\/de\/wp-json\/wp\/v2\/pages\/90889\/revisions\/134320"}],"wp:attachment":[{"href":"https:\/\/bleu-minuit.com\/de\/wp-json\/wp\/v2\/media?parent=90889"}],"curies":[{"name":"wp","href":"https:\/\/api.w.org\/{rel}","templated":true}]}}