{"id":90976,"date":"2022-09-01T22:23:25","date_gmt":"2022-09-01T20:23:25","guid":{"rendered":"https:\/\/bleu-minuit.com\/?page_id=90976"},"modified":"2023-08-12T09:55:58","modified_gmt":"2023-08-12T07:55:58","slug":"nachhaltige-entwicklung","status":"publish","type":"page","link":"https:\/\/bleu-minuit.com\/de\/nachhaltige-entwicklung\/","title":{"rendered":"Nachhaltige Entwicklung"},"content":{"rendered":"<div class=\"wpb-content-wrapper\"><p>[vc_row row_height_percent=&#8220;0&#8243; override_padding=&#8220;yes&#8220; h_padding=&#8220;2&#8243; top_padding=&#8220;3&#8243; bottom_padding=&#8220;2&#8243; overlay_alpha=&#8220;50&#8243; gutter_size=&#8220;3&#8243; column_width_percent=&#8220;100&#8243; shift_y=&#8220;0&#8243; z_index=&#8220;0&#8243;][vc_column column_width_use_pixel=&#8220;yes&#8220; position_vertical=&#8220;middle&#8220; align_horizontal=&#8220;align_center&#8220; gutter_size=&#8220;3&#8243; overlay_alpha=&#8220;50&#8243; shift_x=&#8220;0&#8243; shift_y=&#8220;0&#8243; shift_y_down=&#8220;0&#8243; z_index=&#8220;0&#8243; medium_width=&#8220;0&#8243; mobile_width=&#8220;0&#8243; width=&#8220;1\/1&#8243; column_width_pixel=&#8220;850&#8243;][vc_custom_heading heading_semantic=&#8220;p&#8220; text_size=&#8220;h4&#8243; text_height=&#8220;fontheight-141665&#8243; uncode_shortcode_id=&#8220;198635&#8243;]Das Konzept der Lodges ist Teil eines globalen Ansatzes, bei dem der Respekt der Natur vom Entwurf bis zum Betrieb st\u00e4ndig im Vordergrund steht. So ist die nachhaltige Entwicklung untrennbar mit der Identit\u00e4t von Bleu Minuit verbunden und findet sich auch in ihren Handlungen wieder.[\/vc_custom_heading][\/vc_column][\/vc_row][vc_row unlock_row_content=&#8220;yes&#8220; row_height_percent=&#8220;0&#8243; override_padding=&#8220;yes&#8220; h_padding=&#8220;0&#8243; top_padding=&#8220;0&#8243; bottom_padding=&#8220;0&#8243; overlay_alpha=&#8220;50&#8243; gutter_size=&#8220;2&#8243; column_width_percent=&#8220;100&#8243; shift_y=&#8220;0&#8243; z_index=&#8220;0&#8243; row_name=&#8220;environnement&#8220; uncode_shortcode_id=&#8220;176671&#8243;][vc_column column_width_percent=&#8220;100&#8243; position_vertical=&#8220;middle&#8220; align_horizontal=&#8220;align_center&#8220; gutter_size=&#8220;0&#8243; override_padding=&#8220;yes&#8220; column_padding=&#8220;1&#8243; style=&#8220;dark&#8220; overlay_alpha=&#8220;90&#8243; shift_x=&#8220;0&#8243; shift_y=&#8220;0&#8243; shift_y_down=&#8220;0&#8243; z_index=&#8220;0&#8243; medium_width=&#8220;0&#8243; mobile_width=&#8220;0&#8243; width=&#8220;1\/1&#8243; uncode_shortcode_id=&#8220;967867&#8243;][vc_row_inner row_inner_height_percent=&#8220;0&#8243; overlay_color=&#8220;color-xsdn&#8220; overlay_alpha=&#8220;50&#8243; gutter_size=&#8220;0&#8243; shift_y=&#8220;0&#8243; z_index=&#8220;0&#8243; limit_content=&#8220;&#8220; uncode_shortcode_id=&#8220;125076&#8243; overlay_color_type=&#8220;uncode-palette&#8220;][vc_column_inner column_width_percent=&#8220;100&#8243; gutter_size=&#8220;3&#8243; override_padding=&#8220;yes&#8220; column_padding=&#8220;3&#8243; overlay_alpha=&#8220;50&#8243; shift_x=&#8220;0&#8243; shift_y=&#8220;0&#8243; shift_y_down=&#8220;0&#8243; z_index=&#8220;0&#8243; medium_width=&#8220;0&#8243; mobile_width=&#8220;0&#8243; width=&#8220;1\/3&#8243; uncode_shortcode_id=&#8220;112490&#8243;][vc_single_image media=&#8220;90324&#8243; media_width_percent=&#8220;100&#8243; uncode_shortcode_id=&#8220;192021&#8243;][\/vc_column_inner][vc_column_inner column_width_percent=&#8220;90&#8243; position_vertical=&#8220;middle&#8220; gutter_size=&#8220;3&#8243; back_color=&#8220;color-xsdn&#8220; overlay_alpha=&#8220;50&#8243; shift_x=&#8220;0&#8243; shift_y=&#8220;0&#8243; shift_y_down=&#8220;0&#8243; z_index=&#8220;0&#8243; medium_width=&#8220;0&#8243; mobile_width=&#8220;0&#8243; width=&#8220;2\/3&#8243; uncode_shortcode_id=&#8220;237950&#8243; back_color_type=&#8220;uncode-palette&#8220;][vc_single_image media=&#8220;79843&#8243; media_width_use_pixel=&#8220;yes&#8220; media_width_pixel=&#8220;50&#8243;][vc_custom_heading text_size=&#8220;h3&#8243; text_weight=&#8220;600&#8243; uncode_shortcode_id=&#8220;153566&#8243;]Design- und umweltvertr\u00e4gliche Lodges[\/vc_custom_heading][vc_column_text uncode_shortcode_id=&#8220;275206&#8243;]Die Lodges sind in v\u00f6lliger Harmonie mit der Umwelt konzipiert und respektieren und w\u00fcrdigen das nat\u00fcrliche und kulturelle Erbe.<\/p>\n<p>Unser Partner Novablok hat sich mit einem Compagnon du devoir zusammengetan, f\u00fchrend in der franz\u00f6sischen Handwerkskunst.<\/p>\n<p>Die verwendeten Materialien werden aus erneuerbaren, recycelbaren Rohstoffen hergestellt, deren nat\u00fcrliche Isolation aus Pressolz besteht.[\/vc_column_text][vc_button button_color=&#8220;accent&#8220; border_width=&#8220;0&#8243; link=&#8220;url:http%3A%2F%2Fnovablok.com%2Fprocedes%23savoir-faire||target:%20_blank|rel:nofollow&#8220; button_color_type=&#8220;uncode-palette&#8220; uncode_shortcode_id=&#8220;101865&#8243;]Novablok[\/vc_button][vc_empty_space empty_h=&#8220;2&#8243; mobile_visibility=&#8220;yes&#8220;][\/vc_column_inner][\/vc_row_inner][vc_row_inner row_inner_height_percent=&#8220;0&#8243; overlay_color=&#8220;color-xsdn&#8220; overlay_alpha=&#8220;50&#8243; gutter_size=&#8220;0&#8243; shift_y=&#8220;0&#8243; z_index=&#8220;0&#8243; limit_content=&#8220;&#8220; uncode_shortcode_id=&#8220;169248&#8243; overlay_color_type=&#8220;uncode-palette&#8220;][vc_column_inner column_width_use_pixel=&#8220;yes&#8220; gutter_size=&#8220;3&#8243; back_color=&#8220;color-xsdn&#8220; overlay_alpha=&#8220;50&#8243; shift_x=&#8220;0&#8243; shift_y=&#8220;0&#8243; shift_y_down=&#8220;0&#8243; z_index=&#8220;0&#8243; medium_width=&#8220;0&#8243; mobile_width=&#8220;0&#8243; width=&#8220;1\/2&#8243; column_width_pixel=&#8220;500&#8243; css=&#8220;.vc_custom_1656687445006{border-top-width: 0px !important;border-right-width: 0px !important;border-left-width: 0px !important;}&#8220; uncode_shortcode_id=&#8220;691255&#8243; back_color_type=&#8220;uncode-palette&#8220;][vc_empty_space empty_h=&#8220;2&#8243;][vc_custom_heading text_size=&#8220;h3&#8243; text_weight=&#8220;600&#8243; uncode_shortcode_id=&#8220;139443&#8243;]Abfallwirtschaft &amp; Alltagsprodukte[\/vc_custom_heading][vc_column_text uncode_shortcode_id=&#8220;110975&#8243;]Bleu Minuit legt gro\u00dfen Wert darauf, seinen Kunden haut- und umweltfreundliche W\u00e4sche und Hygieneprodukte anzubieten.<\/p>\n<p>So bieten wir unseren Kunden recycelbare Empfangsartikel, die das lokale Kulturerbe aufwerten, und Bio-K\u00f6rperpflegeprodukte an.<\/p>\n<p>Au\u00dferdem hat Bleu Minuit ein Programm zur Optimierung des Wasser- und Energieverbrauchs sowie zur M\u00fclltrennung und -verwertung entwickelt;<\/p>\n<p>Die Pflege der Lodges erfolgt mit \u00f6kologischen Produkten, die das Holz der Lodges und ihren nat\u00fcrlichen Lebensraum schonen.[\/vc_column_text][\/vc_column_inner][vc_column_inner column_width_use_pixel=&#8220;yes&#8220; gutter_size=&#8220;3&#8243; override_padding=&#8220;yes&#8220; column_padding=&#8220;2&#8243; overlay_alpha=&#8220;50&#8243; shift_x=&#8220;0&#8243; shift_y=&#8220;0&#8243; shift_y_down=&#8220;0&#8243; z_index=&#8220;0&#8243; medium_width=&#8220;0&#8243; mobile_width=&#8220;0&#8243; width=&#8220;1\/2&#8243; uncode_shortcode_id=&#8220;170612&#8243; column_width_pixel=&#8220;500&#8243;][vc_single_image media=&#8220;89242&#8243; media_width_percent=&#8220;100&#8243; uncode_shortcode_id=&#8220;202285&#8243;][vc_empty_space empty_h=&#8220;2&#8243;][vc_custom_heading text_size=&#8220;h3&#8243; text_weight=&#8220;600&#8243; uncode_shortcode_id=&#8220;120500&#8243;]Sanfte Mobilit\u00e4t[\/vc_custom_heading][vc_column_text uncode_shortcode_id=&#8220;985496&#8243;]Im Sinne einer nachhaltigen Entwicklung bevorzugt Bleu Minuit die sanfte Mobilit\u00e4t und bietet hier verschiedene nachhaltigere Alternativen, um zum Weingut zu gelangen.<\/p>\n<p>Zus\u00e4tzlich bietet das Dorf Obersteinbach, in dem sich die Lodges befinden, Ladestationen f\u00fcr Elektroautos, die sich nur wenige Meter von der Domaine Bleu Minuit entfernt befinden.[\/vc_column_text][\/vc_column_inner][\/vc_row_inner][vc_row_inner row_inner_height_percent=&#8220;0&#8243; overlay_color=&#8220;color-xsdn&#8220; overlay_alpha=&#8220;50&#8243; gutter_size=&#8220;0&#8243; shift_y=&#8220;0&#8243; z_index=&#8220;0&#8243; limit_content=&#8220;&#8220; uncode_shortcode_id=&#8220;214711&#8243; overlay_color_type=&#8220;uncode-palette&#8220;][vc_column_inner column_width_use_pixel=&#8220;yes&#8220; gutter_size=&#8220;3&#8243; back_color=&#8220;color-xsdn&#8220; overlay_alpha=&#8220;50&#8243; shift_x=&#8220;0&#8243; shift_y=&#8220;-5&#8243; shift_y_down=&#8220;0&#8243; z_index=&#8220;0&#8243; medium_width=&#8220;0&#8243; mobile_width=&#8220;0&#8243; width=&#8220;1\/2&#8243; column_width_pixel=&#8220;500&#8243; css=&#8220;.vc_custom_1656688076243{border-top-width: 0px !important;border-right-width: 0px !important;border-left-width: 0px !important;}&#8220; uncode_shortcode_id=&#8220;736249&#8243; back_color_type=&#8220;uncode-palette&#8220;][vc_single_image media=&#8220;91098&#8243; media_width_percent=&#8220;100&#8243; uncode_shortcode_id=&#8220;277659&#8243;][vc_empty_space empty_h=&#8220;2&#8243;][vc_custom_heading text_size=&#8220;h3&#8243; text_weight=&#8220;600&#8243; uncode_shortcode_id=&#8220;692819&#8243;]Unterst\u00fctzung f\u00fcr lokale Akteure[\/vc_custom_heading][vc_column_text uncode_shortcode_id=&#8220;408992&#8243;]<\/p>\n<p>Die F\u00f6rderungvon kurzen Handelswegen und lokalen Akteuren steht im Mittelpunkt unserer Philosophie: Von der Speisekarte des <a href=\"https:\/\/bleu-minuit.com\/de\/restaurant\/\">Restaurants<\/a> bis hin zu den <a href=\"https:\/\/bleu-minuit.com\/de\/lodges\/\">M\u00f6beln<\/a> achtet Bleu Minuit darauf, Qualit\u00e4tsprodukte anzubieten, die direkt von benachbarten Produzenten und Handwerkern bezogen werden.<\/p>\n<p>Die Vision der nachhaltigen Entwicklung Bleu Minuit und sein Engagement f\u00fcr den \u00d6ko-Tourismus zeigt sich auch in der Auswahl der Aktivit\u00e4ten, die den G\u00e4sten von Bleu Minuit angeboten werden. In seinem <a href=\"https:\/\/bleu-minuit.com\/de\/freizeitangebote\/\">Aktivit\u00e4tenkatalog<\/a> stellt Bleu Minuit lokale Akteure aus den Bereichen Kultur, Gastronomie, Wellness, Sport und Unterhaltung in den Vordergrund.[\/vc_column_text][vc_empty_space empty_h=&#8220;1&#8243; mobile_visibility=&#8220;yes&#8220;][\/vc_column_inner][vc_column_inner column_width_use_pixel=&#8220;yes&#8220; gutter_size=&#8220;3&#8243; override_padding=&#8220;yes&#8220; column_padding=&#8220;2&#8243; overlay_alpha=&#8220;50&#8243; shift_x=&#8220;0&#8243; shift_y=&#8220;0&#8243; shift_y_down=&#8220;0&#8243; z_index=&#8220;0&#8243; medium_width=&#8220;0&#8243; mobile_width=&#8220;0&#8243; width=&#8220;1\/2&#8243; uncode_shortcode_id=&#8220;206926&#8243; column_width_pixel=&#8220;500&#8243;][vc_empty_space empty_h=&#8220;1&#8243; mobile_visibility=&#8220;yes&#8220;][vc_custom_heading text_size=&#8220;h3&#8243; text_weight=&#8220;600&#8243; uncode_shortcode_id=&#8220;190885&#8243;]Engagement in Vereinen[\/vc_custom_heading][vc_column_text uncode_shortcode_id=&#8220;394449&#8243;]Bleu Minuit beteiligt sich an dem Projekt des Conservatoire d&#8217;Espaces Naturels de Lorraine und des R\u00e9gionaler Naturpark der Nordvogesen, Waldparzellen zu erwerben und sie der freien Entwicklung zu \u00fcberlassen.<\/p>\n<p style=\"text-align: center;\"><span style=\"color: #c49b6e;\"><a style=\"color: #c49b6e;\" href=\"https:\/\/www.helloasso.com\/associations\/conservatoire-d-espaces-naturels-de-lorraine\/formulaires\/3\">Erfahren Sie mehr \u00fcber dieses Projekt.<\/a><\/span><\/p>\n<p><strong><a style=\"color: #020241;\" href=\"https:\/\/lespiverts.org\">Les Piverts<\/a>:<\/strong> Ein Verein f\u00fcr Umwelterziehung, der sich t\u00e4glich daf\u00fcr einsetzt, alle Menschen \u00fcber den Reichtum und die Verletzlichkeit ihrer Umwelt aufzukl\u00e4ren und sie zu Verhaltens\u00e4nderungen anzuleiten.<\/p>\n<p><strong><a style=\"color: #020241;\" href=\"http:\/\/www.utileco.alsace\">Util\u00e9co<\/a>:<\/strong> Teil eines kollektiven Projekts, das zur lokalen Entwicklung und zur beruflichen Eingliederung von arbeitsmarktfernen Personen sowie zur Schaffung von Aktivit\u00e4ten im Nordelsass beitr\u00e4gt.[\/vc_column_text][vc_single_image media=&#8220;91311&#8243; media_width_percent=&#8220;100&#8243; uncode_shortcode_id=&#8220;301910&#8243;][\/vc_column_inner][\/vc_row_inner][vc_row_inner row_inner_height_percent=&#8220;0&#8243; overlay_alpha=&#8220;50&#8243; gutter_size=&#8220;1&#8243; shift_y=&#8220;0&#8243; z_index=&#8220;0&#8243; limit_content=&#8220;&#8220; uncode_shortcode_id=&#8220;198732&#8243;][vc_column_inner column_width_percent=&#8220;100&#8243; gutter_size=&#8220;3&#8243; overlay_alpha=&#8220;50&#8243; shift_x=&#8220;0&#8243; shift_y=&#8220;0&#8243; shift_y_down=&#8220;0&#8243; z_index=&#8220;0&#8243; medium_visibility=&#8220;yes&#8220; medium_width=&#8220;0&#8243; mobile_visibility=&#8220;yes&#8220; mobile_width=&#8220;0&#8243; width=&#8220;1\/4&#8243; uncode_shortcode_id=&#8220;564622&#8243;][vc_empty_space empty_h=&#8220;1&#8243;][\/vc_column_inner][vc_column_inner column_width_percent=&#8220;100&#8243; position_horizontal=&#8220;right&#8220; position_vertical=&#8220;middle&#8220; align_horizontal=&#8220;align_center&#8220; gutter_size=&#8220;3&#8243; override_padding=&#8220;yes&#8220; column_padding=&#8220;2&#8243; overlay_alpha=&#8220;50&#8243; shift_x=&#8220;0&#8243; shift_y=&#8220;0&#8243; shift_y_down=&#8220;0&#8243; z_index=&#8220;0&#8243; medium_width=&#8220;0&#8243; mobile_width=&#8220;0&#8243; width=&#8220;1\/4&#8243;][vc_button button_color=&#8220;accent&#8220; outline=&#8220;yes&#8220; border_width=&#8220;0&#8243; link=&#8220;url:https%3A%2F%2Fbleu-minuit.com%2Fde%2Fueber-uns%2F|title:Ueber%20uns&#8220; width=&#8220;200&#8243; button_color_type=&#8220;uncode-palette&#8220; uncode_shortcode_id=&#8220;112184&#8243;]\u00dcber uns[\/vc_button][\/vc_column_inner][vc_column_inner column_width_percent=&#8220;100&#8243; position_horizontal=&#8220;left&#8220; position_vertical=&#8220;middle&#8220; align_horizontal=&#8220;align_center&#8220; gutter_size=&#8220;3&#8243; override_padding=&#8220;yes&#8220; column_padding=&#8220;2&#8243; overlay_alpha=&#8220;50&#8243; shift_x=&#8220;0&#8243; shift_y=&#8220;0&#8243; shift_y_down=&#8220;0&#8243; z_index=&#8220;0&#8243; medium_width=&#8220;0&#8243; mobile_width=&#8220;0&#8243; width=&#8220;1\/4&#8243; uncode_shortcode_id=&#8220;110297&#8243;][vc_button button_color=&#8220;accent&#8220; outline=&#8220;yes&#8220; border_width=&#8220;0&#8243; link=&#8220;url:https%3A%2F%2Fbleu-minuit.com%2Fde%2Freserver-un-lodge%2F|title:R%C3%A9server|target:_blank&#8220; width=&#8220;200&#8243; button_color_type=&#8220;uncode-palette&#8220; uncode_shortcode_id=&#8220;123221&#8243;]Buchen sie[\/vc_button][\/vc_column_inner][vc_column_inner column_width_percent=&#8220;100&#8243; gutter_size=&#8220;3&#8243; overlay_alpha=&#8220;50&#8243; shift_x=&#8220;0&#8243; shift_y=&#8220;0&#8243; shift_y_down=&#8220;0&#8243; z_index=&#8220;0&#8243; medium_width=&#8220;0&#8243; mobile_width=&#8220;0&#8243; width=&#8220;1\/4&#8243; uncode_shortcode_id=&#8220;142975&#8243;][vc_empty_space empty_h=&#8220;1&#8243;][\/vc_column_inner][\/vc_row_inner][\/vc_column][\/vc_row]<\/p>\n<\/div>","protected":false},"excerpt":{"rendered":"<p>[vc_row row_height_percent=&#8220;0&#8243; override_padding=&#8220;yes&#8220; h_padding=&#8220;2&#8243; top_padding=&#8220;3&#8243; bottom_padding=&#8220;2&#8243; overlay_alpha=&#8220;50&#8243; gutter_size=&#8220;3&#8243; column_width_percent=&#8220;100&#8243; shift_y=&#8220;0&#8243; z_index=&#8220;0&#8243;][vc_column column_width_use_pixel=&#8220;yes&#8220; position_vertical=&#8220;middle&#8220; align_horizontal=&#8220;align_center&#8220; gutter_size=&#8220;3&#8243; overlay_alpha=&#8220;50&#8243; shift_x=&#8220;0&#8243; shift_y=&#8220;0&#8243; shift_y_down=&#8220;0&#8243; z_index=&#8220;0&#8243; [&hellip;]<\/p>\n","protected":false},"author":1,"featured_media":0,"parent":0,"menu_order":0,"comment_status":"closed","ping_status":"closed","template":"","meta":{"footnotes":""},"class_list":["post-90976","page","type-page","status-publish","hentry"],"yoast_head":"<!-- This site is optimized with the Yoast SEO plugin v27.3 - https:\/\/yoast.com\/product\/yoast-seo-wordpress\/ -->\n<title>Nachhaltige Entwicklung - Bleu Minuit<\/title>\n<meta name=\"robots\" content=\"index, follow, max-snippet:-1, max-image-preview:large, max-video-preview:-1\" \/>\n<link rel=\"canonical\" href=\"https:\/\/bleu-minuit.com\/de\/nachhaltige-entwicklung\/\" \/>\n<meta property=\"og:locale\" content=\"de_DE\" \/>\n<meta property=\"og:type\" content=\"article\" \/>\n<meta property=\"og:title\" content=\"Nachhaltige Entwicklung - Bleu Minuit\" \/>\n<meta property=\"og:description\" content=\"[vc_row row_height_percent=&#8220;0&#8243; override_padding=&#8220;yes&#8220; h_padding=&#8220;2&#8243; top_padding=&#8220;3&#8243; bottom_padding=&#8220;2&#8243; overlay_alpha=&#8220;50&#8243; gutter_size=&#8220;3&#8243; column_width_percent=&#8220;100&#8243; shift_y=&#8220;0&#8243; z_index=&#8220;0&#8243;][vc_column column_width_use_pixel=&#8220;yes&#8220; position_vertical=&#8220;middle&#8220; align_horizontal=&#8220;align_center&#8220; gutter_size=&#8220;3&#8243; overlay_alpha=&#8220;50&#8243; shift_x=&#8220;0&#8243; shift_y=&#8220;0&#8243; shift_y_down=&#8220;0&#8243; z_index=&#8220;0&#8243; [&hellip;]\" \/>\n<meta property=\"og:url\" content=\"https:\/\/bleu-minuit.com\/de\/nachhaltige-entwicklung\/\" \/>\n<meta property=\"og:site_name\" content=\"Bleu Minuit\" \/>\n<meta property=\"article:modified_time\" content=\"2023-08-12T07:55:58+00:00\" \/>\n<meta name=\"twitter:card\" content=\"summary_large_image\" \/>\n<meta name=\"twitter:label1\" content=\"Gesch\u00e4tzte Lesezeit\" \/>\n\t<meta name=\"twitter:data1\" content=\"4\u00a0Minuten\" \/>\n<script type=\"application\/ld+json\" class=\"yoast-schema-graph\">{\"@context\":\"https:\\\/\\\/schema.org\",\"@graph\":[{\"@type\":\"WebPage\",\"@id\":\"https:\\\/\\\/bleu-minuit.com\\\/de\\\/nachhaltige-entwicklung\\\/\",\"url\":\"https:\\\/\\\/bleu-minuit.com\\\/de\\\/nachhaltige-entwicklung\\\/\",\"name\":\"Nachhaltige Entwicklung - Bleu Minuit\",\"isPartOf\":{\"@id\":\"https:\\\/\\\/bleu-minuit.com\\\/de\\\/#website\"},\"datePublished\":\"2022-09-01T20:23:25+00:00\",\"dateModified\":\"2023-08-12T07:55:58+00:00\",\"breadcrumb\":{\"@id\":\"https:\\\/\\\/bleu-minuit.com\\\/de\\\/nachhaltige-entwicklung\\\/#breadcrumb\"},\"inLanguage\":\"de\",\"potentialAction\":[{\"@type\":\"ReadAction\",\"target\":[\"https:\\\/\\\/bleu-minuit.com\\\/de\\\/nachhaltige-entwicklung\\\/\"]}]},{\"@type\":\"BreadcrumbList\",\"@id\":\"https:\\\/\\\/bleu-minuit.com\\\/de\\\/nachhaltige-entwicklung\\\/#breadcrumb\",\"itemListElement\":[{\"@type\":\"ListItem\",\"position\":1,\"name\":\"Accueil\",\"item\":\"https:\\\/\\\/bleu-minuit.com\\\/de\\\/\"},{\"@type\":\"ListItem\",\"position\":2,\"name\":\"Nachhaltige Entwicklung\"}]},{\"@type\":\"WebSite\",\"@id\":\"https:\\\/\\\/bleu-minuit.com\\\/de\\\/#website\",\"url\":\"https:\\\/\\\/bleu-minuit.com\\\/de\\\/\",\"name\":\"Bleu Minuit\",\"description\":\"Ecolodges \u00e0 la belle \u00e9toile\",\"potentialAction\":[{\"@type\":\"SearchAction\",\"target\":{\"@type\":\"EntryPoint\",\"urlTemplate\":\"https:\\\/\\\/bleu-minuit.com\\\/de\\\/?s={search_term_string}\"},\"query-input\":{\"@type\":\"PropertyValueSpecification\",\"valueRequired\":true,\"valueName\":\"search_term_string\"}}],\"inLanguage\":\"de\"}]}<\/script>\n<!-- \/ Yoast SEO plugin. -->","yoast_head_json":{"title":"Nachhaltige Entwicklung - Bleu Minuit","robots":{"index":"index","follow":"follow","max-snippet":"max-snippet:-1","max-image-preview":"max-image-preview:large","max-video-preview":"max-video-preview:-1"},"canonical":"https:\/\/bleu-minuit.com\/de\/nachhaltige-entwicklung\/","og_locale":"de_DE","og_type":"article","og_title":"Nachhaltige Entwicklung - Bleu Minuit","og_description":"[vc_row row_height_percent=&#8220;0&#8243; override_padding=&#8220;yes&#8220; h_padding=&#8220;2&#8243; top_padding=&#8220;3&#8243; bottom_padding=&#8220;2&#8243; overlay_alpha=&#8220;50&#8243; gutter_size=&#8220;3&#8243; column_width_percent=&#8220;100&#8243; shift_y=&#8220;0&#8243; z_index=&#8220;0&#8243;][vc_column column_width_use_pixel=&#8220;yes&#8220; position_vertical=&#8220;middle&#8220; align_horizontal=&#8220;align_center&#8220; gutter_size=&#8220;3&#8243; overlay_alpha=&#8220;50&#8243; shift_x=&#8220;0&#8243; shift_y=&#8220;0&#8243; shift_y_down=&#8220;0&#8243; z_index=&#8220;0&#8243; [&hellip;]","og_url":"https:\/\/bleu-minuit.com\/de\/nachhaltige-entwicklung\/","og_site_name":"Bleu Minuit","article_modified_time":"2023-08-12T07:55:58+00:00","twitter_card":"summary_large_image","twitter_misc":{"Gesch\u00e4tzte Lesezeit":"4\u00a0Minuten"},"schema":{"@context":"https:\/\/schema.org","@graph":[{"@type":"WebPage","@id":"https:\/\/bleu-minuit.com\/de\/nachhaltige-entwicklung\/","url":"https:\/\/bleu-minuit.com\/de\/nachhaltige-entwicklung\/","name":"Nachhaltige Entwicklung - Bleu Minuit","isPartOf":{"@id":"https:\/\/bleu-minuit.com\/de\/#website"},"datePublished":"2022-09-01T20:23:25+00:00","dateModified":"2023-08-12T07:55:58+00:00","breadcrumb":{"@id":"https:\/\/bleu-minuit.com\/de\/nachhaltige-entwicklung\/#breadcrumb"},"inLanguage":"de","potentialAction":[{"@type":"ReadAction","target":["https:\/\/bleu-minuit.com\/de\/nachhaltige-entwicklung\/"]}]},{"@type":"BreadcrumbList","@id":"https:\/\/bleu-minuit.com\/de\/nachhaltige-entwicklung\/#breadcrumb","itemListElement":[{"@type":"ListItem","position":1,"name":"Accueil","item":"https:\/\/bleu-minuit.com\/de\/"},{"@type":"ListItem","position":2,"name":"Nachhaltige Entwicklung"}]},{"@type":"WebSite","@id":"https:\/\/bleu-minuit.com\/de\/#website","url":"https:\/\/bleu-minuit.com\/de\/","name":"Bleu Minuit","description":"Ecolodges \u00e0 la belle \u00e9toile","potentialAction":[{"@type":"SearchAction","target":{"@type":"EntryPoint","urlTemplate":"https:\/\/bleu-minuit.com\/de\/?s={search_term_string}"},"query-input":{"@type":"PropertyValueSpecification","valueRequired":true,"valueName":"search_term_string"}}],"inLanguage":"de"}]}},"_links":{"self":[{"href":"https:\/\/bleu-minuit.com\/de\/wp-json\/wp\/v2\/pages\/90976","targetHints":{"allow":["GET"]}}],"collection":[{"href":"https:\/\/bleu-minuit.com\/de\/wp-json\/wp\/v2\/pages"}],"about":[{"href":"https:\/\/bleu-minuit.com\/de\/wp-json\/wp\/v2\/types\/page"}],"author":[{"embeddable":true,"href":"https:\/\/bleu-minuit.com\/de\/wp-json\/wp\/v2\/users\/1"}],"replies":[{"embeddable":true,"href":"https:\/\/bleu-minuit.com\/de\/wp-json\/wp\/v2\/comments?post=90976"}],"version-history":[{"count":5,"href":"https:\/\/bleu-minuit.com\/de\/wp-json\/wp\/v2\/pages\/90976\/revisions"}],"predecessor-version":[{"id":93678,"href":"https:\/\/bleu-minuit.com\/de\/wp-json\/wp\/v2\/pages\/90976\/revisions\/93678"}],"wp:attachment":[{"href":"https:\/\/bleu-minuit.com\/de\/wp-json\/wp\/v2\/media?parent=90976"}],"curies":[{"name":"wp","href":"https:\/\/api.w.org\/{rel}","templated":true}]}}