{"id":91510,"date":"2022-09-01T21:01:51","date_gmt":"2022-09-01T19:01:51","guid":{"rendered":"https:\/\/bleu-minuit.com\/?page_id=91510"},"modified":"2022-09-01T21:18:47","modified_gmt":"2022-09-01T19:18:47","slug":"restaurant","status":"publish","type":"page","link":"https:\/\/bleu-minuit.com\/de\/restaurant\/","title":{"rendered":"Restaurant"},"content":{"rendered":"<div class=\"wpb-content-wrapper\"><p>[vc_row][vc_column column_width_percent=&#8220;80&#8243; align_horizontal=&#8220;align_center&#8220; gutter_size=&#8220;3&#8243; overlay_alpha=&#8220;50&#8243; shift_x=&#8220;0&#8243; shift_y=&#8220;0&#8243; shift_y_down=&#8220;0&#8243; z_index=&#8220;0&#8243; medium_width=&#8220;0&#8243; mobile_width=&#8220;0&#8243; width=&#8220;1\/1&#8243; uncode_shortcode_id=&#8220;841965&#8243;][vc_custom_heading text_size=&#8220;h4&#8243; uncode_shortcode_id=&#8220;181125&#8243;]In Harmonie mit der Natur von der D\u00e4mmerung bis zum Sonnenaufgang, zwischen Erde und Himmel, verbinden die Bleu Minuit Lodges Eleganz und Komfort. Eine ganz neue Erfahrung, die sich auf dem Teller mit unserem Partner, dem Restaurant Anthon, fortsetzt.[\/vc_custom_heading][\/vc_column][\/vc_row][vc_row unlock_row=&#8220;&#8220; row_height_percent=&#8220;0&#8243; override_padding=&#8220;yes&#8220; h_padding=&#8220;5&#8243; top_padding=&#8220;3&#8243; bottom_padding=&#8220;3&#8243; overlay_alpha=&#8220;50&#8243; gutter_size=&#8220;3&#8243; column_width_percent=&#8220;100&#8243; shift_y=&#8220;0&#8243; z_index=&#8220;2&#8243; bottom_divider=&#8220;swoosh-opacity&#8220; uncode_shortcode_id=&#8220;180603&#8243;][vc_column column_width_percent=&#8220;100&#8243; position_vertical=&#8220;middle&#8220; align_horizontal=&#8220;align_center&#8220; gutter_size=&#8220;3&#8243; back_color=&#8220;color-xsdn&#8220; overlay_alpha=&#8220;50&#8243; shift_x=&#8220;0&#8243; shift_y=&#8220;0&#8243; shift_y_down=&#8220;0&#8243; shift_y_down_fixed=&#8220;yes&#8220; z_index=&#8220;0&#8243; medium_width=&#8220;0&#8243; align_mobile=&#8220;align_center_mobile&#8220; mobile_width=&#8220;0&#8243; shadow=&#8220;std&#8220; width=&#8220;1\/1&#8243; uncode_shortcode_id=&#8220;157294&#8243; back_color_type=&#8220;uncode-palette&#8220;][vc_row_inner limit_content=&#8220;&#8220;][vc_column_inner column_width_percent=&#8220;79&#8243; align_horizontal=&#8220;align_center&#8220; gutter_size=&#8220;3&#8243; override_padding=&#8220;yes&#8220; column_padding=&#8220;0&#8243; overlay_alpha=&#8220;50&#8243; shift_x=&#8220;0&#8243; shift_y=&#8220;0&#8243; shift_y_down=&#8220;0&#8243; z_index=&#8220;0&#8243; medium_width=&#8220;0&#8243; mobile_width=&#8220;0&#8243; width=&#8220;1\/1&#8243; uncode_shortcode_id=&#8220;923564&#8243;][vc_custom_heading text_color=&#8220;accent&#8220; heading_semantic=&#8220;h3&#8243; text_size=&#8220;h3&#8243; text_weight=&#8220;500&#8243; text_italic=&#8220;yes&#8220; uncode_shortcode_id=&#8220;619357&#8243; text_color_type=&#8220;uncode-palette&#8220;]Genie\u00dfen Sie vom Fr\u00fchst\u00fcck bis zum Abendessen ein unvergessliches kulinarisches Erlebnis.[\/vc_custom_heading][vc_custom_heading 0=&#8220;&#8220; 1=&#8220;href=&#8222;&#96;&#96;https:\/\/bleu-minuit.com\/georges-flaig-chef-et-gerant-de-lhotel-restaurant-anthon\/&#96;&#96;&#8222;>Georges&#8220; 2=&#8220;Flaig<\/a>,&#8220; 3=&#8220;Chefkoch&#8220; 4=&#8220;des&#8220; 5=&#8220;Restaurants&#8220; 6=&#8220;Anthon,&#8220; 7=&#8220;interpretiert&#8220; 8=&#8220;in&#8220; 9=&#8220;seinen&#8220; 10=&#8220;K\u00fcchen&#8220; 11=&#8220;traditionelle&#8220; 12=&#8220;els\u00e4ssische&#8220; 13=&#8220;Gerichte&#8220; 14=&#8220;neu&#8220; 15=&#8220;und&#8220; 16=&#8220;praktiziert&#8220; 17=&#8220;eine&#8220; 18=&#8220;K\u00fcche,&#8220; 19=&#8220;die&#8220; 20=&#8220;er&#8220; 21=&#8220;gerne&#8220; 22=&#8220;als&#8220; 23=&#8220;&#8222;freie&#8220; 24=&#8220;K\u00fcche&#8222;&#8220; 25=&#8220;bezeichnet.&#8222;&#8220; text_font=&#8220;font-212680&#8243; text_size=&#8220;h3&#8243; text_weight=&#8220;600&#8243; text_transform=&#8220;uppercase&#8220; separator=&#8220;yes&#8220; separator_color=&#8220;yes&#8220; sub_reduced=&#8220;yes&#8220; uncode_shortcode_id=&#8220;101889&#8243; text_color_type=&#8220;uncode-palette&#8220; text_color_solid=&#8220;#ff0000&#8243;]Die els\u00e4ssische Gastronomie neu interpretiert[\/vc_custom_heading][vc_single_image media=&#8220;91051&#8243; media_width_percent=&#8220;100&#8243; alignment=&#8220;center&#8220; shadow=&#8220;yes&#8220; shadow_weight=&#8220;lg&#8220; uncode_shortcode_id=&#8220;119977&#8243;][\/vc_column_inner][\/vc_row_inner][\/vc_column][\/vc_row][vc_row][vc_column column_width_use_pixel=&#8220;yes&#8220; align_horizontal=&#8220;align_center&#8220; gutter_size=&#8220;3&#8243; overlay_alpha=&#8220;50&#8243; shift_x=&#8220;0&#8243; shift_y=&#8220;0&#8243; shift_y_down=&#8220;0&#8243; z_index=&#8220;0&#8243; medium_width=&#8220;0&#8243; mobile_width=&#8220;0&#8243; width=&#8220;1\/1&#8243; uncode_shortcode_id=&#8220;452291&#8243; column_width_pixel=&#8220;800&#8243;][vc_custom_heading text_font=&#8220;font-212680&#8243; text_size=&#8220;h3&#8243; text_weight=&#8220;600&#8243; text_transform=&#8220;uppercase&#8220; separator=&#8220;yes&#8220; separator_color=&#8220;yes&#8220; sub_reduced=&#8220;yes&#8220; uncode_shortcode_id=&#8220;202637&#8243; text_color_type=&#8220;uncode-palette&#8220; text_color_solid=&#8220;#ff0000&#8243; subheading=&#8220;Die Philosophie von Bleu Minuit und ihre Vision von nachhaltiger Entwicklung findet sich auch auf dem Teller wieder. Bei Anthon wird alles mit lokalen und saisonalen Produkten hausgemacht: Brot, Geb\u00e4ck, Joghurt, Marmeladen, Eis&#8230;.<br \/>\nDas Restaurant bezieht seine Produkte von Erzeugern aus der Region, um eine au\u00dfergew\u00f6hnliche Qualit\u00e4t und einen hervorragenden Geschmack zu gew\u00e4hrleisten.&#8220;]Eine lokale K\u00fcche[\/vc_custom_heading][\/vc_column][\/vc_row][vc_row unlock_row_content=&#8220;yes&#8220; row_height_percent=&#8220;0&#8243; override_padding=&#8220;yes&#8220; h_padding=&#8220;0&#8243; top_padding=&#8220;2&#8243; bottom_padding=&#8220;2&#8243; overlay_alpha=&#8220;50&#8243; gutter_size=&#8220;3&#8243; column_width_percent=&#8220;100&#8243; shift_y=&#8220;0&#8243; z_index=&#8220;0&#8243; uncode_shortcode_id=&#8220;570236&#8243;][vc_column column_width_percent=&#8220;100&#8243; align_horizontal=&#8220;align_center&#8220; gutter_size=&#8220;3&#8243; overlay_alpha=&#8220;50&#8243; shift_x=&#8220;0&#8243; shift_y=&#8220;0&#8243; shift_y_down=&#8220;0&#8243; z_index=&#8220;0&#8243; medium_width=&#8220;0&#8243; mobile_width=&#8220;0&#8243; width=&#8220;1\/1&#8243; uncode_shortcode_id=&#8220;970917&#8243;][vc_gallery el_id=&#8220;gallery-207663&#8243; type=&#8220;carousel&#8220; medias=&#8220;90964,91124,90955,91121,90961,91118,90937,90967,90949,90946,85437,90943,90940,90952,86792,86786,85427&#8243; carousel_lg=&#8220;6&#8243; carousel_md=&#8220;4&#8243; carousel_sm=&#8220;2&#8243; thumb_size=&#8220;one-one&#8220; gutter_size=&#8220;1&#8243; media_items=&#8220;media|lightbox|original&#8220; carousel_interval=&#8220;3000&#8243; carousel_navspeed=&#8220;400&#8243; carousel_loop=&#8220;yes&#8220; carousel_nav=&#8220;yes&#8220; carousel_nav_mobile=&#8220;yes&#8220; stage_padding=&#8220;0&#8243; single_overlay_opacity=&#8220;50&#8243; single_padding=&#8220;2&#8243; uncode_shortcode_id=&#8220;193630&#8243;][\/vc_column][\/vc_row][vc_row row_height_percent=&#8220;0&#8243; override_padding=&#8220;yes&#8220; h_padding=&#8220;2&#8243; top_padding=&#8220;1&#8243; bottom_padding=&#8220;1&#8243; overlay_alpha=&#8220;50&#8243; gutter_size=&#8220;3&#8243; column_width_percent=&#8220;100&#8243; shift_y=&#8220;0&#8243; z_index=&#8220;0&#8243; uncode_shortcode_id=&#8220;240160&#8243;][vc_column column_width_percent=&#8220;91&#8243; align_horizontal=&#8220;align_center&#8220; gutter_size=&#8220;3&#8243; overlay_alpha=&#8220;50&#8243; shift_x=&#8220;0&#8243; shift_y=&#8220;0&#8243; shift_y_down=&#8220;0&#8243; z_index=&#8220;0&#8243; medium_width=&#8220;0&#8243; mobile_width=&#8220;0&#8243; width=&#8220;1\/1&#8243; uncode_shortcode_id=&#8220;154891&#8243;][vc_column_text text_lead=&#8220;small&#8220; uncode_shortcode_id=&#8220;122072&#8243;]<em>*Di\u00e4ten: Vegetarisch, Unvertr\u00e4glichkeit, bei Buchung angeben, das Restaurant Anthon passt sich gerne an Ihre Ern\u00e4hrung an.<\/em>[\/vc_column_text][\/vc_column][\/vc_row][vc_row row_height_percent=&#8220;0&#8243; override_padding=&#8220;yes&#8220; h_padding=&#8220;2&#8243; top_padding=&#8220;5&#8243; bottom_padding=&#8220;5&#8243; overlay_alpha=&#8220;90&#8243; gutter_size=&#8220;3&#8243; column_width_percent=&#8220;100&#8243; shift_y=&#8220;0&#8243; z_index=&#8220;0&#8243; uncode_shortcode_id=&#8220;143219&#8243; back_color_type=&#8220;uncode-gradient&#8220; back_color_gradient=&#8220;{&#8222;css&#8222;:&#8222;background: linear-gradient(to bottom , rgb(255, 255, 255) 30% , rgb(232, 232, 232) 100%);&#8222;,&#8222;sliders&#8222;:`{`{&#8222;color&#8222;:&#8222;rgb(255, 255, 255)&#8222;,&#8222;position&#8222;:30},{&#8222;color&#8222;:&#8222;rgb(232, 232, 232)&#8222;,&#8222;position&#8222;:100}`}`,&#8222;type&#8222;:&#8222;linear&#8222;,&#8222;direction&#8222;:&#8222;top&#8222;}&#8220;][vc_column column_width_use_pixel=&#8220;yes&#8220; align_horizontal=&#8220;align_center&#8220; gutter_size=&#8220;3&#8243; overlay_alpha=&#8220;50&#8243; shift_x=&#8220;0&#8243; shift_y=&#8220;0&#8243; z_index=&#8220;0&#8243; medium_width=&#8220;0&#8243; css_animation=&#8220;alpha-anim&#8220; animation_delay=&#8220;200&#8243; width=&#8220;1\/1&#8243;][vc_row_inner row_inner_height_percent=&#8220;0&#8243; overlay_alpha=&#8220;50&#8243; gutter_size=&#8220;3&#8243; shift_y=&#8220;0&#8243; limit_content=&#8220;&#8220;][vc_column_inner column_width_use_pixel=&#8220;yes&#8220; align_horizontal=&#8220;align_center&#8220; gutter_size=&#8220;3&#8243; overlay_alpha=&#8220;50&#8243; shift_x=&#8220;0&#8243; shift_y=&#8220;0&#8243; z_index=&#8220;0&#8243; medium_width=&#8220;0&#8243; mobile_width=&#8220;0&#8243; width=&#8220;1\/1&#8243; column_width_pixel=&#8220;700&#8243;][vc_custom_heading heading_semantic=&#8220;h3&#8243; text_size=&#8220;h3&#8243; text_weight=&#8220;600&#8243; text_transform=&#8220;uppercase&#8220; separator=&#8220;yes&#8220; separator_color=&#8220;yes&#8220; sub_lead=&#8220;yes&#8220; sub_reduced=&#8220;yes&#8220; uncode_shortcode_id=&#8220;581364&#8243;]restaurant[\/vc_custom_heading][\/vc_column_inner][\/vc_row_inner][vc_row_inner limit_content=&#8220;&#8220;][vc_column_inner column_width_percent=&#8220;100&#8243; gutter_size=&#8220;3&#8243; override_padding=&#8220;yes&#8220; column_padding=&#8220;3&#8243; back_color=&#8220;color-xsdn&#8220; overlay_alpha=&#8220;50&#8243; shift_x=&#8220;0&#8243; shift_y=&#8220;0&#8243; shift_y_down=&#8220;0&#8243; z_index=&#8220;0&#8243; medium_width=&#8220;0&#8243; mobile_width=&#8220;0&#8243; shadow=&#8220;sm&#8220; width=&#8220;1\/3&#8243; uncode_shortcode_id=&#8220;260400&#8243; back_color_type=&#8220;uncode-palette&#8220;][vc_custom_heading text_color=&#8220;color-vyce&#8220; text_size=&#8220;h3&#8243; text_weight=&#8220;400&#8243; uncode_shortcode_id=&#8220;702857&#8243; text_color_type=&#8220;uncode-palette&#8220;]Fr\u00fchst\u00fcck[\/vc_custom_heading][vc_separator sep_color=&#8220;&#8220; uncode_shortcode_id=&#8220;833652&#8243;][vc_column_text uncode_shortcode_id=&#8220;981400&#8243;]Sie k\u00f6nnen von <strong>8:00 bis 10:00 Uhr<\/strong> im Restaurant Anthon fr\u00fchst\u00fccken.<\/p>\n<p>Es wird Ihnen ein Gourmet-Buffet aus lokalen Produkten zum Preis von <strong>14\u20ac pro Person<\/strong> angeboten.[\/vc_column_text][\/vc_column_inner][vc_column_inner column_width_percent=&#8220;100&#8243; gutter_size=&#8220;3&#8243; override_padding=&#8220;yes&#8220; column_padding=&#8220;3&#8243; back_color=&#8220;color-xsdn&#8220; overlay_alpha=&#8220;50&#8243; shift_x=&#8220;0&#8243; shift_y=&#8220;0&#8243; shift_y_down=&#8220;0&#8243; z_index=&#8220;0&#8243; medium_width=&#8220;0&#8243; mobile_width=&#8220;0&#8243; shadow=&#8220;sm&#8220; width=&#8220;1\/3&#8243; uncode_shortcode_id=&#8220;109432&#8243; back_color_type=&#8220;uncode-palette&#8220;][vc_custom_heading text_color=&#8220;color-vyce&#8220; text_size=&#8220;h3&#8243; text_weight=&#8220;400&#8243; uncode_shortcode_id=&#8220;145465&#8243; text_color_type=&#8220;uncode-palette&#8220;]Mittag- &amp; Abendessen[\/vc_custom_heading][vc_separator sep_color=&#8220;&#8220; uncode_shortcode_id=&#8220;833652&#8243;][vc_column_text uncode_shortcode_id=&#8220;146273&#8243;]Ganz nach Ihrem Belieben empf\u00e4ngt Sie das Restaurant Anthon von <strong>Mittwochabend bis Sonntagabend<\/strong> zum Mittag- oder Abendessen. Es ist m\u00f6glich, von <strong>12:00 bis 14:00 Uhr<\/strong> im Restaurant zu Mittag zu essen.<br \/>\nDie Ankunft zum Abendessen erfolgt zwischen <strong>18:45 und 20:30 Uhr<\/strong>.[\/vc_column_text][\/vc_column_inner][vc_column_inner column_width_percent=&#8220;100&#8243; gutter_size=&#8220;3&#8243; override_padding=&#8220;yes&#8220; column_padding=&#8220;3&#8243; back_color=&#8220;color-xsdn&#8220; overlay_alpha=&#8220;50&#8243; shift_x=&#8220;0&#8243; shift_y=&#8220;0&#8243; shift_y_down=&#8220;0&#8243; z_index=&#8220;0&#8243; medium_width=&#8220;0&#8243; mobile_width=&#8220;0&#8243; shadow=&#8220;sm&#8220; width=&#8220;1\/3&#8243; uncode_shortcode_id=&#8220;119836&#8243; back_color_type=&#8220;uncode-palette&#8220;][vc_custom_heading text_color=&#8220;color-vyce&#8220; text_size=&#8220;h3&#8243; text_weight=&#8220;400&#8243; uncode_shortcode_id=&#8220;133967&#8243; text_color_type=&#8220;uncode-palette&#8220;]Das Men\u00fc[\/vc_custom_heading][vc_separator sep_color=&#8220;&#8220; uncode_shortcode_id=&#8220;833652&#8243;][vc_column_text uncode_shortcode_id=&#8220;132652&#8243;]Das regionale Men\u00fc mit 3 G\u00e4ngen kostet 36\u20ac pro Person.<\/p>\n<p>Das gastronomische Men\u00fc mit 4 G\u00e4ngen kostet 58\u20ac pro Person.<\/p>\n<p style=\"text-align: center;\"><em>Eine Reservierung wird empfohlen. <\/em><\/p>\n<p>Um sich einen Eindruck vom Men\u00fc zu verschaffen, besuchen Sie <a href=\"http:\/\/www.restaurant-anthon.fr\/fr\/page\/la-carte\">die Website unseres Partners<\/a> (Preise nicht vertraglich bindend).[\/vc_column_text][\/vc_column_inner][\/vc_row_inner][vc_button button_color=&#8220;accent&#8220; border_width=&#8220;0&#8243; link=&#8220;url:https%3A%2F%2Fbleu-minuit.com%2Fde%2Freserver-un-lodge%2F|title:Buchen%20sie%20ihre%20lodge|target:_blank&#8220; button_color_type=&#8220;uncode-palette&#8220; uncode_shortcode_id=&#8220;513884&#8243; button_color_solid=&#8220;#ff0000&#8243;]Buchen sie[\/vc_button][\/vc_column][\/vc_row]<\/p>\n<\/div>","protected":false},"excerpt":{"rendered":"<p>[vc_row][vc_column column_width_percent=&#8220;80&#8243; align_horizontal=&#8220;align_center&#8220; gutter_size=&#8220;3&#8243; overlay_alpha=&#8220;50&#8243; shift_x=&#8220;0&#8243; shift_y=&#8220;0&#8243; shift_y_down=&#8220;0&#8243; z_index=&#8220;0&#8243; medium_width=&#8220;0&#8243; mobile_width=&#8220;0&#8243; width=&#8220;1\/1&#8243; uncode_shortcode_id=&#8220;841965&#8243;][vc_custom_heading text_size=&#8220;h4&#8243; uncode_shortcode_id=&#8220;181125&#8243;]In Harmonie mit der Natur von [&hellip;]<\/p>\n","protected":false},"author":1,"featured_media":0,"parent":0,"menu_order":0,"comment_status":"closed","ping_status":"closed","template":"","meta":{"footnotes":""},"class_list":["post-91510","page","type-page","status-publish","hentry"],"yoast_head":"<!-- This site is optimized with the Yoast SEO plugin v27.3 - https:\/\/yoast.com\/product\/yoast-seo-wordpress\/ -->\n<title>Restaurant - Bleu Minuit<\/title>\n<meta name=\"robots\" content=\"index, follow, max-snippet:-1, max-image-preview:large, max-video-preview:-1\" \/>\n<link rel=\"canonical\" href=\"https:\/\/bleu-minuit.com\/de\/restaurant\/\" \/>\n<meta property=\"og:locale\" content=\"de_DE\" \/>\n<meta property=\"og:type\" content=\"article\" \/>\n<meta property=\"og:title\" content=\"Restaurant - Bleu Minuit\" \/>\n<meta property=\"og:description\" content=\"[vc_row][vc_column column_width_percent=&#8220;80&#8243; align_horizontal=&#8220;align_center&#8220; gutter_size=&#8220;3&#8243; overlay_alpha=&#8220;50&#8243; shift_x=&#8220;0&#8243; shift_y=&#8220;0&#8243; shift_y_down=&#8220;0&#8243; z_index=&#8220;0&#8243; medium_width=&#8220;0&#8243; mobile_width=&#8220;0&#8243; width=&#8220;1\/1&#8243; uncode_shortcode_id=&#8220;841965&#8243;][vc_custom_heading text_size=&#8220;h4&#8243; uncode_shortcode_id=&#8220;181125&#8243;]In Harmonie mit der Natur von [&hellip;]\" \/>\n<meta property=\"og:url\" content=\"https:\/\/bleu-minuit.com\/de\/restaurant\/\" \/>\n<meta property=\"og:site_name\" content=\"Bleu Minuit\" \/>\n<meta property=\"article:modified_time\" content=\"2022-09-01T19:18:47+00:00\" \/>\n<meta name=\"twitter:card\" content=\"summary_large_image\" \/>\n<meta name=\"twitter:label1\" content=\"Gesch\u00e4tzte Lesezeit\" \/>\n\t<meta name=\"twitter:data1\" content=\"4\u00a0Minuten\" \/>\n<script type=\"application\/ld+json\" class=\"yoast-schema-graph\">{\"@context\":\"https:\\\/\\\/schema.org\",\"@graph\":[{\"@type\":\"WebPage\",\"@id\":\"https:\\\/\\\/bleu-minuit.com\\\/de\\\/restaurant\\\/\",\"url\":\"https:\\\/\\\/bleu-minuit.com\\\/de\\\/restaurant\\\/\",\"name\":\"Restaurant - Bleu Minuit\",\"isPartOf\":{\"@id\":\"https:\\\/\\\/bleu-minuit.com\\\/de\\\/#website\"},\"datePublished\":\"2022-09-01T19:01:51+00:00\",\"dateModified\":\"2022-09-01T19:18:47+00:00\",\"breadcrumb\":{\"@id\":\"https:\\\/\\\/bleu-minuit.com\\\/de\\\/restaurant\\\/#breadcrumb\"},\"inLanguage\":\"de\",\"potentialAction\":[{\"@type\":\"ReadAction\",\"target\":[\"https:\\\/\\\/bleu-minuit.com\\\/de\\\/restaurant\\\/\"]}]},{\"@type\":\"BreadcrumbList\",\"@id\":\"https:\\\/\\\/bleu-minuit.com\\\/de\\\/restaurant\\\/#breadcrumb\",\"itemListElement\":[{\"@type\":\"ListItem\",\"position\":1,\"name\":\"Accueil\",\"item\":\"https:\\\/\\\/bleu-minuit.com\\\/de\\\/\"},{\"@type\":\"ListItem\",\"position\":2,\"name\":\"Restaurant\"}]},{\"@type\":\"WebSite\",\"@id\":\"https:\\\/\\\/bleu-minuit.com\\\/de\\\/#website\",\"url\":\"https:\\\/\\\/bleu-minuit.com\\\/de\\\/\",\"name\":\"Bleu Minuit\",\"description\":\"Ecolodges \u00e0 la belle \u00e9toile\",\"potentialAction\":[{\"@type\":\"SearchAction\",\"target\":{\"@type\":\"EntryPoint\",\"urlTemplate\":\"https:\\\/\\\/bleu-minuit.com\\\/de\\\/?s={search_term_string}\"},\"query-input\":{\"@type\":\"PropertyValueSpecification\",\"valueRequired\":true,\"valueName\":\"search_term_string\"}}],\"inLanguage\":\"de\"}]}<\/script>\n<!-- \/ Yoast SEO plugin. -->","yoast_head_json":{"title":"Restaurant - Bleu Minuit","robots":{"index":"index","follow":"follow","max-snippet":"max-snippet:-1","max-image-preview":"max-image-preview:large","max-video-preview":"max-video-preview:-1"},"canonical":"https:\/\/bleu-minuit.com\/de\/restaurant\/","og_locale":"de_DE","og_type":"article","og_title":"Restaurant - Bleu Minuit","og_description":"[vc_row][vc_column column_width_percent=&#8220;80&#8243; align_horizontal=&#8220;align_center&#8220; gutter_size=&#8220;3&#8243; overlay_alpha=&#8220;50&#8243; shift_x=&#8220;0&#8243; shift_y=&#8220;0&#8243; shift_y_down=&#8220;0&#8243; z_index=&#8220;0&#8243; medium_width=&#8220;0&#8243; mobile_width=&#8220;0&#8243; width=&#8220;1\/1&#8243; uncode_shortcode_id=&#8220;841965&#8243;][vc_custom_heading text_size=&#8220;h4&#8243; uncode_shortcode_id=&#8220;181125&#8243;]In Harmonie mit der Natur von [&hellip;]","og_url":"https:\/\/bleu-minuit.com\/de\/restaurant\/","og_site_name":"Bleu Minuit","article_modified_time":"2022-09-01T19:18:47+00:00","twitter_card":"summary_large_image","twitter_misc":{"Gesch\u00e4tzte Lesezeit":"4\u00a0Minuten"},"schema":{"@context":"https:\/\/schema.org","@graph":[{"@type":"WebPage","@id":"https:\/\/bleu-minuit.com\/de\/restaurant\/","url":"https:\/\/bleu-minuit.com\/de\/restaurant\/","name":"Restaurant - Bleu Minuit","isPartOf":{"@id":"https:\/\/bleu-minuit.com\/de\/#website"},"datePublished":"2022-09-01T19:01:51+00:00","dateModified":"2022-09-01T19:18:47+00:00","breadcrumb":{"@id":"https:\/\/bleu-minuit.com\/de\/restaurant\/#breadcrumb"},"inLanguage":"de","potentialAction":[{"@type":"ReadAction","target":["https:\/\/bleu-minuit.com\/de\/restaurant\/"]}]},{"@type":"BreadcrumbList","@id":"https:\/\/bleu-minuit.com\/de\/restaurant\/#breadcrumb","itemListElement":[{"@type":"ListItem","position":1,"name":"Accueil","item":"https:\/\/bleu-minuit.com\/de\/"},{"@type":"ListItem","position":2,"name":"Restaurant"}]},{"@type":"WebSite","@id":"https:\/\/bleu-minuit.com\/de\/#website","url":"https:\/\/bleu-minuit.com\/de\/","name":"Bleu Minuit","description":"Ecolodges \u00e0 la belle \u00e9toile","potentialAction":[{"@type":"SearchAction","target":{"@type":"EntryPoint","urlTemplate":"https:\/\/bleu-minuit.com\/de\/?s={search_term_string}"},"query-input":{"@type":"PropertyValueSpecification","valueRequired":true,"valueName":"search_term_string"}}],"inLanguage":"de"}]}},"_links":{"self":[{"href":"https:\/\/bleu-minuit.com\/de\/wp-json\/wp\/v2\/pages\/91510","targetHints":{"allow":["GET"]}}],"collection":[{"href":"https:\/\/bleu-minuit.com\/de\/wp-json\/wp\/v2\/pages"}],"about":[{"href":"https:\/\/bleu-minuit.com\/de\/wp-json\/wp\/v2\/types\/page"}],"author":[{"embeddable":true,"href":"https:\/\/bleu-minuit.com\/de\/wp-json\/wp\/v2\/users\/1"}],"replies":[{"embeddable":true,"href":"https:\/\/bleu-minuit.com\/de\/wp-json\/wp\/v2\/comments?post=91510"}],"version-history":[{"count":4,"href":"https:\/\/bleu-minuit.com\/de\/wp-json\/wp\/v2\/pages\/91510\/revisions"}],"predecessor-version":[{"id":91518,"href":"https:\/\/bleu-minuit.com\/de\/wp-json\/wp\/v2\/pages\/91510\/revisions\/91518"}],"wp:attachment":[{"href":"https:\/\/bleu-minuit.com\/de\/wp-json\/wp\/v2\/media?parent=91510"}],"curies":[{"name":"wp","href":"https:\/\/api.w.org\/{rel}","templated":true}]}}