{"id":132315,"date":"2024-10-10T12:00:18","date_gmt":"2024-10-10T10:00:18","guid":{"rendered":"https:\/\/bleu-minuit.com\/?page_id=132315"},"modified":"2024-10-10T12:07:11","modified_gmt":"2024-10-10T10:07:11","slug":"infos-faq-la-rive-etoilee-anglais-thezillieu","status":"publish","type":"page","link":"https:\/\/bleu-minuit.com\/en\/infos-faq-la-rive-etoilee-anglais-thezillieu\/","title":{"rendered":"Infos &#038; FAQ La Rive \u00c9toil\u00e9e, Th\u00e9zillieu"},"content":{"rendered":"<div class=\"wpb-content-wrapper\"><p>[vc_row row_height_percent=&#8221;0&#8243; override_padding=&#8221;yes&#8221; h_padding=&#8221;2&#8243; top_padding=&#8221;1&#8243; bottom_padding=&#8221;3&#8243; back_image=&#8221;79457&#8243; back_position=&#8221;center top&#8221; parallax=&#8221;yes&#8221; kburns=&#8221;yes&#8221; overlay_color=&#8221;color-210407&#8243; overlay_alpha=&#8221;80&#8243; gutter_size=&#8221;3&#8243; column_width_percent=&#8221;100&#8243; border_color=&#8221;accent&#8221; border_style=&#8221;solid&#8221; shift_y=&#8221;0&#8243; z_index=&#8221;0&#8243; el_class=&#8221;header-home&#8221; css=&#8221;.vc_custom_1714053508814{border-top-width: 0px !important;border-right-width: 0px !important;border-bottom-width: 6px !important;border-left-width: 0px !important;}&#8221; uncode_shortcode_id=&#8221;594562&#8243; row_height_pixel=&#8221;200&#8243; overlay_color_type=&#8221;uncode-palette&#8221; border_color_type=&#8221;uncode-palette&#8221;][vc_column column_width_percent=&#8221;100&#8243; position_vertical=&#8221;middle&#8221; align_horizontal=&#8221;align_center&#8221; gutter_size=&#8221;1&#8243; style=&#8221;dark&#8221; overlay_alpha=&#8221;50&#8243; shift_x=&#8221;0&#8243; shift_y=&#8221;0&#8243; shift_y_down=&#8221;0&#8243; z_index=&#8221;0&#8243; medium_width=&#8221;0&#8243; mobile_width=&#8221;0&#8243; width=&#8221;1\/1&#8243; uncode_shortcode_id=&#8221;123346&#8243;][vc_empty_space empty_h=&#8221;2&#8243;][vc_custom_heading text_color=&#8221;color-xsdn&#8221; text_weight=&#8221;700&#8243; uncode_shortcode_id=&#8221;271587&#8243; text_color_type=&#8221;uncode-palette&#8221;]La Rive \u00c9toil\u00e9e, Th\u00e9zillieu[\/vc_custom_heading][\/vc_column][\/vc_row][vc_row row_height_percent=&#8221;0&#8243; override_padding=&#8221;yes&#8221; h_padding=&#8221;3&#8243; top_padding=&#8221;0&#8243; bottom_padding=&#8221;3&#8243; back_color=&#8221;color-lxmt&#8221; overlay_alpha=&#8221;50&#8243; gutter_size=&#8221;3&#8243; column_width_percent=&#8221;100&#8243; shift_y=&#8221;0&#8243; z_index=&#8221;0&#8243; uncode_shortcode_id=&#8221;175213&#8243; back_color_type=&#8221;uncode-palette&#8221;][vc_column column_width_use_pixel=&#8221;yes&#8221; gutter_size=&#8221;3&#8243; override_padding=&#8221;yes&#8221; column_padding=&#8221;3&#8243; back_color=&#8221;color-xsdn&#8221; overlay_alpha=&#8221;50&#8243; shift_x=&#8221;0&#8243; shift_y=&#8221;-2&#8243; shift_y_down=&#8221;0&#8243; z_index=&#8221;0&#8243; medium_width=&#8221;0&#8243; mobile_width=&#8221;0&#8243; width=&#8221;1\/1&#8243; uncode_shortcode_id=&#8221;100126&#8243; back_color_type=&#8221;uncode-palette&#8221; column_width_pixel=&#8221;900&#8243;][vc_row_inner limit_content=&#8221;&#8221;][vc_column_inner column_width_percent=&#8221;100&#8243; align_horizontal=&#8221;align_center&#8221; gutter_size=&#8221;3&#8243; overlay_alpha=&#8221;50&#8243; shift_x=&#8221;0&#8243; shift_y=&#8221;0&#8243; shift_y_down=&#8221;0&#8243; z_index=&#8221;0&#8243; medium_width=&#8221;0&#8243; mobile_width=&#8221;0&#8243; width=&#8221;1\/1&#8243; uncode_shortcode_id=&#8221;251946&#8243;][vc_custom_heading text_size=&#8221;h4&#8243; text_weight=&#8221;600&#8243; uncode_shortcode_id=&#8221;205821&#8243;]You&#8217;re sure to find the answers to all your questions here!<br \/>\nAnd if not, you can always <a href=\"https:\/\/bleu-minuit.com\/contacter-bleu-minuit\">contact us here<\/a> ![\/vc_custom_heading][\/vc_column_inner][\/vc_row_inner][vc_custom_heading text_color=&#8221;color-210407&#8243; text_size=&#8221;h4&#8243; text_weight=&#8221;600&#8243; separator_color=&#8221;yes&#8221; separator=&#8221;yes&#8221; sub_reduced=&#8221;yes&#8221; uncode_shortcode_id=&#8221;160682&#8243; text_color_type=&#8221;uncode-palette&#8221;]FIND US[\/vc_custom_heading][vc_accordion active_tab=&#8221;0&#8243;][vc_accordion_tab gutter_size=&#8221;2&#8243; column_padding=&#8221;2&#8243; title=&#8221;Where is Bleu Minuit La Rive \u00c9toil\u00e9e ? &#8221; tab_id=&#8221;1656337503-1-781728551993452&#8243;][vc_column_text uncode_shortcode_id=&#8221;185206&#8243;]Bleu Minuit La Rive \u00c9toil\u00e9e is located on the Hauteville plateau: 324 Chemin du Camping, 01110 Plateau d&#8217;Hauteville[\/vc_column_text][vc_column_text uncode_shortcode_id=&#8221;936467&#8243;]<iframe style=\"border: 0;\" data-src=\"https:\/\/www.google.com\/maps\/embed?pb=!1m18!1m12!1m3!1d2777.226219653193!2d5.5877932999999995!3d45.88678849999999!2m3!1f0!2f0!3f0!3m2!1i1024!2i768!4f13.1!3m3!1m2!1s0x478b432585ba61b7%3A0x24dff44d2c1313fe!2sBleu%20Minuit%20La%20Rive%20%C3%89toil%C3%A9e!5e0!3m2!1sfr!2sfr!4v1717060285956!5m2!1sfr!2sfr\" width=\"600\" height=\"450\" allowfullscreen=\"allowfullscreen\" src=\"data:image\/svg+xml;base64,PHN2ZyB3aWR0aD0iMSIgaGVpZ2h0PSIxIiB4bWxucz0iaHR0cDovL3d3dy53My5vcmcvMjAwMC9zdmciPjwvc3ZnPg==\" class=\"lazyload\" data-load-mode=\"1\"><\/iframe>[\/vc_column_text][\/vc_accordion_tab][vc_accordion_tab gutter_size=&#8221;2&#8243; column_padding=&#8221;2&#8243; title=&#8221;How do I get to the estate ?&#8221; tab_id=&#8221;1656337503-2-851728551993452&#8243;][vc_column_text uncode_shortcode_id=&#8221;172129&#8243;]We&#8217;re still working on a soft mobility itinerary&#8230;[\/vc_column_text][\/vc_accordion_tab][\/vc_accordion][vc_custom_heading text_color=&#8221;color-210407&#8243; text_size=&#8221;h4&#8243; text_weight=&#8221;600&#8243; separator_color=&#8221;yes&#8221; separator=&#8221;yes&#8221; sub_reduced=&#8221;yes&#8221; uncode_shortcode_id=&#8221;602486&#8243; text_color_type=&#8221;uncode-palette&#8221;]ARRIVAL &amp; DEPARTURE TIMES[\/vc_custom_heading][vc_accordion active_tab=&#8221;0&#8243;][vc_accordion_tab gutter_size=&#8221;2&#8243; column_padding=&#8221;2&#8243; title=&#8221;What time can we arrive ?&#8221; tab_id=&#8221;1656337779-1-891728551993452&#8243;][vc_column_text uncode_shortcode_id=&#8221;102019&#8243;]Our lodges are available from 3pm.<br \/>\nWould you like to arrive earlier ? You can leave your car in the car park and enjoy a stroll around the estate while you wait for your lodge to be ready.[\/vc_column_text][\/vc_accordion_tab][vc_accordion_tab gutter_size=&#8221;2&#8243; column_padding=&#8221;2&#8243; title=&#8221;Where is the on-site reception ?&#8221; tab_id=&#8221;1656337779-2-811728551993452&#8243;][vc_column_text uncode_shortcode_id=&#8221;129683&#8243;]You will be welcomed directly on the main building level. We look forward to welcoming you! You can contact us directly on <a href=\"tel:+(33)367101560\">+33 3 67 10 15 60<\/a>[\/vc_column_text][\/vc_accordion_tab][vc_accordion_tab gutter_size=&#8221;2&#8243; column_padding=&#8221;2&#8243; title=&#8221;What time is the departure ?&#8221; tab_id=&#8221;5a461757-82f6-71728551993452&#8243;][vc_column_text uncode_shortcode_id=&#8221;204365&#8243;]Departure is at 11am. Late departures are possible on request and at an additional cost. Want to leave the estate afterwards? You can leave your car in the car park and continue to enjoy the estate and the region ![\/vc_column_text][\/vc_accordion_tab][\/vc_accordion][vc_custom_heading text_color=&#8221;color-210407&#8243; text_size=&#8221;h4&#8243; text_weight=&#8221;600&#8243; separator_color=&#8221;yes&#8221; separator=&#8221;yes&#8221; sub_reduced=&#8221;yes&#8221; uncode_shortcode_id=&#8221;130903&#8243; text_color_type=&#8221;uncode-palette&#8221;]RESTAURATION[\/vc_custom_heading][vc_accordion active_tab=&#8221;0&#8243;][vc_accordion_tab gutter_size=&#8221;2&#8243; column_padding=&#8221;2&#8243; title=&#8221;Is breakfast included ?&#8221; tab_id=&#8221;1659357070757-5-61728551993452&#8243;][vc_column_text uncode_shortcode_id=&#8221;116302&#8243;]Breakfast is not included in the price of your overnight stay. From 8.30am, it will be served in a basket in the little hut in front of your lodge. It costs 12\u20ac per person.[\/vc_column_text][\/vc_accordion_tab][\/vc_accordion][vc_custom_heading text_color=&#8221;color-210407&#8243; text_size=&#8221;h4&#8243; text_weight=&#8221;600&#8243; separator_color=&#8221;yes&#8221; separator=&#8221;yes&#8221; sub_reduced=&#8221;yes&#8221; uncode_shortcode_id=&#8221;991050&#8243; text_color_type=&#8221;uncode-palette&#8221;]BOOKING AND PAYMENT[\/vc_custom_heading][vc_accordion active_tab=&#8221;0&#8243;][vc_accordion_tab gutter_size=&#8221;2&#8243; column_padding=&#8221;2&#8243; title=&#8221;Are availabilities visible when booking ?&#8221; tab_id=&#8221;1656338343-1-31728551993452&#8243;][vc_column_text uncode_shortcode_id=&#8221;122473&#8243;]Yes, from a computer you can check availability in real time by clicking on \u2018Show availability\u2019.[\/vc_column_text][\/vc_accordion_tab][vc_accordion_tab gutter_size=&#8221;2&#8243; column_padding=&#8221;2&#8243; title=&#8221;Can we pay on the day ?&#8221; tab_id=&#8221;1656338343-2-111728551993452&#8243;][vc_column_text uncode_shortcode_id=&#8221;109504&#8243;]Yes, you will be asked for a 30% deposit and a credit card imprint.[\/vc_column_text][\/vc_accordion_tab][vc_accordion_tab gutter_size=&#8221;2&#8243; column_padding=&#8221;2&#8243; title=&#8221;What payment methods are available ?&#8221; tab_id=&#8221;11f7931f-82c4-71728551993452&#8243;][vc_column_text uncode_shortcode_id=&#8221;949906&#8243;]When you book on our website, you can choose between instant and secure payment by credit card, payment by cheque, holiday vouchers, connect vouchers or bank transfer.[\/vc_column_text][\/vc_accordion_tab][vc_accordion_tab gutter_size=&#8221;2&#8243; column_padding=&#8221;2&#8243; title=&#8221;Is it possible to buy a gift voucher ?&#8221; tab_id=&#8221;f734d9e9-0cb8-81728551993452&#8243;][vc_column_text uncode_shortcode_id=&#8221;193744&#8243;]By going to our <a href=\"https:\/\/bleu-minuit.com\/produit\/carte-cadeau\/\">Gift Card<\/a> page you can choose between offering a gift voucher by selecting the options of your choice or a gift voucher of any amount.[\/vc_column_text][\/vc_accordion_tab][vc_accordion_tab gutter_size=&#8221;2&#8243; column_padding=&#8221;2&#8243; title=&#8221;What are the rates ?&#8221; tab_id=&#8221;09ae2d88-2fe3-51728551993452&#8243;][vc_column_text uncode_shortcode_id=&#8221;779844&#8243;]Overnight stays start from 230\u20ac and 12\u20ac per person for breakfast.[\/vc_column_text][\/vc_accordion_tab][\/vc_accordion][vc_custom_heading text_color=&#8221;color-210407&#8243; text_size=&#8221;h4&#8243; text_weight=&#8221;600&#8243; separator_color=&#8221;yes&#8221; separator=&#8221;yes&#8221; sub_reduced=&#8221;yes&#8221; uncode_shortcode_id=&#8221;110107&#8243; text_color_type=&#8221;uncode-palette&#8221;]THE LODGES[\/vc_custom_heading][vc_accordion active_tab=&#8221;0&#8243;][vc_accordion_tab gutter_size=&#8221;2&#8243; column_padding=&#8221;2&#8243; title=&#8221;Are dogs allowed ?&#8221; tab_id=&#8221;1659357151460-3-51728551993452&#8243;][vc_column_text uncode_shortcode_id=&#8221;150298&#8243;]Yes, at Bleu Minuit we love dogs, and so do our lodges! Two lodges will be able to accommodate dogs. (1 duo lodge and 1 family lodge)[\/vc_column_text][\/vc_accordion_tab][vc_accordion_tab gutter_size=&#8221;2&#8243; column_padding=&#8221;2&#8243; title=&#8221;What are the differences between lodges ?&#8221; tab_id=&#8221;1659357178531-3-71728551993452&#8243;][vc_column_text uncode_shortcode_id=&#8221;159925&#8243;]All our lodges are identical in construction and furnishings.<br \/>\nThe differences lie in the location, with lodges on land and on water.<br \/>\nThe surface area of the lodges also differs between the couple and family lodges, with 24m2 for the couple lodges and 27m2 for the family lodges.<br \/>\nTwo lodges are also dedicated to PRMs and have been built to make it easier for them to get around! (1 PRM couple + 1 PRM family)[\/vc_column_text][\/vc_accordion_tab][vc_accordion_tab gutter_size=&#8221;2&#8243; column_padding=&#8221;2&#8243; title=&#8221;Is there a wifi connection ?&#8221; tab_id=&#8221;8297509c-abe9-51728551993452&#8243;][vc_column_text uncode_shortcode_id=&#8221;468318&#8243;]Not yet, but we&#8217;re working on it! But you want to disconnect, don&#8217;t you ?[\/vc_column_text][\/vc_accordion_tab][\/vc_accordion][\/vc_column][\/vc_row]<\/p>\n<\/div>","protected":false},"excerpt":{"rendered":"<p>[vc_row row_height_percent=&#8221;0&#8243; override_padding=&#8221;yes&#8221; h_padding=&#8221;2&#8243; top_padding=&#8221;1&#8243; bottom_padding=&#8221;3&#8243; back_image=&#8221;79457&#8243; back_position=&#8221;center top&#8221; parallax=&#8221;yes&#8221; kburns=&#8221;yes&#8221; overlay_color=&#8221;color-210407&#8243; overlay_alpha=&#8221;80&#8243; gutter_size=&#8221;3&#8243; column_width_percent=&#8221;100&#8243; border_color=&#8221;accent&#8221; border_style=&#8221;solid&#8221; shift_y=&#8221;0&#8243; z_index=&#8221;0&#8243; el_class=&#8221;header-home&#8221; [&hellip;]<\/p>\n","protected":false},"author":1,"featured_media":0,"parent":0,"menu_order":0,"comment_status":"closed","ping_status":"closed","template":"","meta":{"footnotes":""},"class_list":["post-132315","page","type-page","status-publish","hentry"],"yoast_head":"<!-- This site is optimized with the Yoast SEO plugin v27.4 - https:\/\/yoast.com\/product\/yoast-seo-wordpress\/ -->\n<title>Infos &amp; FAQ La Rive \u00c9toil\u00e9e, Th\u00e9zillieu - Bleu Minuit<\/title>\n<meta name=\"robots\" content=\"index, follow, max-snippet:-1, max-image-preview:large, max-video-preview:-1\" \/>\n<link rel=\"canonical\" href=\"https:\/\/bleu-minuit.com\/en\/infos-faq-la-rive-etoilee-anglais-thezillieu\/\" \/>\n<meta property=\"og:locale\" content=\"en_US\" \/>\n<meta property=\"og:type\" content=\"article\" \/>\n<meta property=\"og:title\" content=\"Infos &amp; FAQ La Rive \u00c9toil\u00e9e, Th\u00e9zillieu - Bleu Minuit\" \/>\n<meta property=\"og:description\" content=\"[vc_row row_height_percent=&#8221;0&#8243; override_padding=&#8221;yes&#8221; h_padding=&#8221;2&#8243; top_padding=&#8221;1&#8243; bottom_padding=&#8221;3&#8243; back_image=&#8221;79457&#8243; back_position=&#8221;center top&#8221; parallax=&#8221;yes&#8221; kburns=&#8221;yes&#8221; overlay_color=&#8221;color-210407&#8243; overlay_alpha=&#8221;80&#8243; gutter_size=&#8221;3&#8243; column_width_percent=&#8221;100&#8243; border_color=&#8221;accent&#8221; border_style=&#8221;solid&#8221; shift_y=&#8221;0&#8243; z_index=&#8221;0&#8243; el_class=&#8221;header-home&#8221; [&hellip;]\" \/>\n<meta property=\"og:url\" content=\"https:\/\/bleu-minuit.com\/en\/infos-faq-la-rive-etoilee-anglais-thezillieu\/\" \/>\n<meta property=\"og:site_name\" content=\"Bleu Minuit\" \/>\n<meta property=\"article:modified_time\" content=\"2024-10-10T10:07:11+00:00\" \/>\n<meta name=\"twitter:card\" content=\"summary_large_image\" \/>\n<meta name=\"twitter:label1\" content=\"Est. reading time\" \/>\n\t<meta name=\"twitter:data1\" content=\"4 minutes\" \/>\n<script type=\"application\/ld+json\" class=\"yoast-schema-graph\">{\"@context\":\"https:\\\/\\\/schema.org\",\"@graph\":[{\"@type\":\"WebPage\",\"@id\":\"https:\\\/\\\/bleu-minuit.com\\\/en\\\/infos-faq-la-rive-etoilee-anglais-thezillieu\\\/\",\"url\":\"https:\\\/\\\/bleu-minuit.com\\\/en\\\/infos-faq-la-rive-etoilee-anglais-thezillieu\\\/\",\"name\":\"Infos & FAQ La Rive \u00c9toil\u00e9e, Th\u00e9zillieu - Bleu Minuit\",\"isPartOf\":{\"@id\":\"https:\\\/\\\/bleu-minuit.com\\\/en\\\/#website\"},\"datePublished\":\"2024-10-10T10:00:18+00:00\",\"dateModified\":\"2024-10-10T10:07:11+00:00\",\"breadcrumb\":{\"@id\":\"https:\\\/\\\/bleu-minuit.com\\\/en\\\/infos-faq-la-rive-etoilee-anglais-thezillieu\\\/#breadcrumb\"},\"inLanguage\":\"en-US\",\"potentialAction\":[{\"@type\":\"ReadAction\",\"target\":[\"https:\\\/\\\/bleu-minuit.com\\\/en\\\/infos-faq-la-rive-etoilee-anglais-thezillieu\\\/\"]}]},{\"@type\":\"BreadcrumbList\",\"@id\":\"https:\\\/\\\/bleu-minuit.com\\\/en\\\/infos-faq-la-rive-etoilee-anglais-thezillieu\\\/#breadcrumb\",\"itemListElement\":[{\"@type\":\"ListItem\",\"position\":1,\"name\":\"Accueil\",\"item\":\"https:\\\/\\\/bleu-minuit.com\\\/en\\\/\"},{\"@type\":\"ListItem\",\"position\":2,\"name\":\"Infos &#038; FAQ La Rive \u00c9toil\u00e9e, Th\u00e9zillieu\"}]},{\"@type\":\"WebSite\",\"@id\":\"https:\\\/\\\/bleu-minuit.com\\\/en\\\/#website\",\"url\":\"https:\\\/\\\/bleu-minuit.com\\\/en\\\/\",\"name\":\"Bleu Minuit\",\"description\":\"Ecolodges \u00e0 la belle \u00e9toile\",\"potentialAction\":[{\"@type\":\"SearchAction\",\"target\":{\"@type\":\"EntryPoint\",\"urlTemplate\":\"https:\\\/\\\/bleu-minuit.com\\\/en\\\/?s={search_term_string}\"},\"query-input\":{\"@type\":\"PropertyValueSpecification\",\"valueRequired\":true,\"valueName\":\"search_term_string\"}}],\"inLanguage\":\"en-US\"}]}<\/script>\n<!-- \/ Yoast SEO plugin. -->","yoast_head_json":{"title":"Infos & FAQ La Rive \u00c9toil\u00e9e, Th\u00e9zillieu - Bleu Minuit","robots":{"index":"index","follow":"follow","max-snippet":"max-snippet:-1","max-image-preview":"max-image-preview:large","max-video-preview":"max-video-preview:-1"},"canonical":"https:\/\/bleu-minuit.com\/en\/infos-faq-la-rive-etoilee-anglais-thezillieu\/","og_locale":"en_US","og_type":"article","og_title":"Infos & FAQ La Rive \u00c9toil\u00e9e, Th\u00e9zillieu - Bleu Minuit","og_description":"[vc_row row_height_percent=&#8221;0&#8243; override_padding=&#8221;yes&#8221; h_padding=&#8221;2&#8243; top_padding=&#8221;1&#8243; bottom_padding=&#8221;3&#8243; back_image=&#8221;79457&#8243; back_position=&#8221;center top&#8221; parallax=&#8221;yes&#8221; kburns=&#8221;yes&#8221; overlay_color=&#8221;color-210407&#8243; overlay_alpha=&#8221;80&#8243; gutter_size=&#8221;3&#8243; column_width_percent=&#8221;100&#8243; border_color=&#8221;accent&#8221; border_style=&#8221;solid&#8221; shift_y=&#8221;0&#8243; z_index=&#8221;0&#8243; el_class=&#8221;header-home&#8221; [&hellip;]","og_url":"https:\/\/bleu-minuit.com\/en\/infos-faq-la-rive-etoilee-anglais-thezillieu\/","og_site_name":"Bleu Minuit","article_modified_time":"2024-10-10T10:07:11+00:00","twitter_card":"summary_large_image","twitter_misc":{"Est. reading time":"4 minutes"},"schema":{"@context":"https:\/\/schema.org","@graph":[{"@type":"WebPage","@id":"https:\/\/bleu-minuit.com\/en\/infos-faq-la-rive-etoilee-anglais-thezillieu\/","url":"https:\/\/bleu-minuit.com\/en\/infos-faq-la-rive-etoilee-anglais-thezillieu\/","name":"Infos & FAQ La Rive \u00c9toil\u00e9e, Th\u00e9zillieu - Bleu Minuit","isPartOf":{"@id":"https:\/\/bleu-minuit.com\/en\/#website"},"datePublished":"2024-10-10T10:00:18+00:00","dateModified":"2024-10-10T10:07:11+00:00","breadcrumb":{"@id":"https:\/\/bleu-minuit.com\/en\/infos-faq-la-rive-etoilee-anglais-thezillieu\/#breadcrumb"},"inLanguage":"en-US","potentialAction":[{"@type":"ReadAction","target":["https:\/\/bleu-minuit.com\/en\/infos-faq-la-rive-etoilee-anglais-thezillieu\/"]}]},{"@type":"BreadcrumbList","@id":"https:\/\/bleu-minuit.com\/en\/infos-faq-la-rive-etoilee-anglais-thezillieu\/#breadcrumb","itemListElement":[{"@type":"ListItem","position":1,"name":"Accueil","item":"https:\/\/bleu-minuit.com\/en\/"},{"@type":"ListItem","position":2,"name":"Infos &#038; FAQ La Rive \u00c9toil\u00e9e, Th\u00e9zillieu"}]},{"@type":"WebSite","@id":"https:\/\/bleu-minuit.com\/en\/#website","url":"https:\/\/bleu-minuit.com\/en\/","name":"Bleu Minuit","description":"Ecolodges \u00e0 la belle \u00e9toile","potentialAction":[{"@type":"SearchAction","target":{"@type":"EntryPoint","urlTemplate":"https:\/\/bleu-minuit.com\/en\/?s={search_term_string}"},"query-input":{"@type":"PropertyValueSpecification","valueRequired":true,"valueName":"search_term_string"}}],"inLanguage":"en-US"}]}},"_links":{"self":[{"href":"https:\/\/bleu-minuit.com\/en\/wp-json\/wp\/v2\/pages\/132315","targetHints":{"allow":["GET"]}}],"collection":[{"href":"https:\/\/bleu-minuit.com\/en\/wp-json\/wp\/v2\/pages"}],"about":[{"href":"https:\/\/bleu-minuit.com\/en\/wp-json\/wp\/v2\/types\/page"}],"author":[{"embeddable":true,"href":"https:\/\/bleu-minuit.com\/en\/wp-json\/wp\/v2\/users\/1"}],"replies":[{"embeddable":true,"href":"https:\/\/bleu-minuit.com\/en\/wp-json\/wp\/v2\/comments?post=132315"}],"version-history":[{"count":5,"href":"https:\/\/bleu-minuit.com\/en\/wp-json\/wp\/v2\/pages\/132315\/revisions"}],"predecessor-version":[{"id":133204,"href":"https:\/\/bleu-minuit.com\/en\/wp-json\/wp\/v2\/pages\/132315\/revisions\/133204"}],"wp:attachment":[{"href":"https:\/\/bleu-minuit.com\/en\/wp-json\/wp\/v2\/media?parent=132315"}],"curies":[{"name":"wp","href":"https:\/\/api.w.org\/{rel}","templated":true}]}}