{"id":86984,"date":"2020-02-06T16:42:59","date_gmt":"2020-02-06T15:42:59","guid":{"rendered":"http:\/\/bleu-minuit.com\/?page_id=86984"},"modified":"2023-08-09T19:27:03","modified_gmt":"2023-08-09T17:27:03","slug":"a-propos","status":"publish","type":"page","link":"https:\/\/bleu-minuit.com\/en\/a-propos\/","title":{"rendered":"About Us"},"content":{"rendered":"<div class=\"wpb-content-wrapper\"><p>[vc_row row_height_percent=&#8221;0&#8243; override_padding=&#8221;yes&#8221; h_padding=&#8221;2&#8243; top_padding=&#8221;3&#8243; bottom_padding=&#8221;3&#8243; back_color=&#8221;color-xsdn&#8221; overlay_alpha=&#8221;50&#8243; gutter_size=&#8221;3&#8243; column_width_percent=&#8221;100&#8243; shift_y=&#8221;0&#8243; z_index=&#8221;0&#8243;][vc_column column_width_percent=&#8221;100&#8243; position_vertical=&#8221;middle&#8221; align_horizontal=&#8221;align_center&#8221; gutter_size=&#8221;4&#8243; overlay_alpha=&#8221;50&#8243; shift_x=&#8221;0&#8243; shift_y=&#8221;0&#8243; shift_y_down=&#8221;0&#8243; z_index=&#8221;0&#8243; medium_width=&#8221;0&#8243; mobile_width=&#8221;0&#8243; width=&#8221;1\/1&#8243;][vc_row_inner limit_content=&#8221;&#8221;][vc_column_inner column_width_use_pixel=&#8221;yes&#8221; align_horizontal=&#8221;align_center&#8221; gutter_size=&#8221;2&#8243; overlay_alpha=&#8221;50&#8243; shift_x=&#8221;0&#8243; shift_y=&#8221;0&#8243; shift_y_down=&#8221;0&#8243; z_index=&#8221;0&#8243; medium_width=&#8221;0&#8243; mobile_width=&#8221;0&#8243; width=&#8221;1\/1&#8243; column_width_pixel=&#8221;920&#8243;][vc_custom_heading heading_semantic=&#8221;h3&#8243; text_size=&#8221;h3&#8243; text_weight=&#8221;600&#8243; text_height=&#8221;fontheight-141665&#8243; sub_lead=&#8221;yes&#8221; sub_reduced=&#8221;yes&#8221;]In a few words[\/vc_custom_heading][vc_custom_heading heading_semantic=&#8221;h3&#8243; text_size=&#8221;h4&#8243; text_height=&#8221;fontheight-141665&#8243; sub_lead=&#8221;small&#8221; uncode_shortcode_id=&#8221;200554&#8243;]Bleu Minuit was born from the desire of its 2 founders: to leave for a few hours or a few days the city, the stress and the pollution.<\/p>\n<p>&nbsp;<\/p>\n<p><strong><span style=\"color: #c49b6e;\">Sleep with your head in the stars without sacrificing comfort. <\/span><\/strong><\/p>\n<p>&nbsp;<\/p>\n<p>We didn&#8217;t find what we were looking for&#8230; and we knew we weren&#8217;t alone in this quest&#8230; so we decided to take the challenge and create this unique experience.[\/vc_custom_heading][\/vc_column_inner][\/vc_row_inner][\/vc_column][\/vc_row][vc_row row_height_percent=&#8221;0&#8243; override_padding=&#8221;yes&#8221; h_padding=&#8221;2&#8243; top_padding=&#8221;3&#8243; bottom_padding=&#8221;3&#8243; back_color=&#8221;color-lxmt&#8221; overlay_alpha=&#8221;50&#8243; gutter_size=&#8221;3&#8243; column_width_percent=&#8221;100&#8243; shift_y=&#8221;0&#8243; z_index=&#8221;10&#8243;][vc_column column_width_percent=&#8221;100&#8243; position_vertical=&#8221;middle&#8221; align_horizontal=&#8221;align_center&#8221; gutter_size=&#8221;2&#8243; override_padding=&#8221;yes&#8221; column_padding=&#8221;0&#8243; overlay_alpha=&#8221;50&#8243; shift_x=&#8221;0&#8243; shift_y=&#8221;0&#8243; shift_y_down=&#8221;0&#8243; z_index=&#8221;0&#8243; medium_width=&#8221;0&#8243; mobile_width=&#8221;0&#8243; width=&#8221;1\/1&#8243;][vc_row_inner row_inner_height_percent=&#8221;0&#8243; overlay_alpha=&#8221;50&#8243; equal_height=&#8221;yes&#8221; gutter_size=&#8221;3&#8243; shift_y=&#8221;0&#8243; z_index=&#8221;0&#8243; limit_content=&#8221;&#8221;][vc_column_inner column_width_percent=&#8221;100&#8243; align_horizontal=&#8221;align_center&#8221; gutter_size=&#8221;3&#8243; override_padding=&#8221;yes&#8221; column_padding=&#8221;2&#8243; expand_height=&#8221;yes&#8221; back_color=&#8221;color-xsdn&#8221; overlay_alpha=&#8221;50&#8243; shift_x=&#8221;0&#8243; shift_y=&#8221;0&#8243; shift_y_down=&#8221;0&#8243; z_index=&#8221;0&#8243; medium_width=&#8221;0&#8243; mobile_width=&#8221;0&#8243; shadow=&#8221;std&#8221; width=&#8221;1\/2&#8243;][vc_single_image media=&#8221;80621&#8243; media_width_use_pixel=&#8221;yes&#8221; media_ratio=&#8221;one-one&#8221; alignment=&#8221;center&#8221; shape=&#8221;img-circle&#8221; border=&#8221;yes&#8221; media_width_pixel=&#8221;140&#8243;][vc_custom_heading heading_semantic=&#8221;h3&#8243; text_size=&#8221;h3&#8243; text_weight=&#8221;600&#8243; separator=&#8221;yes&#8221; separator_color=&#8221;yes&#8221; sub_lead=&#8221;yes&#8221; sub_reduced=&#8221;yes&#8221; subheading=&#8221;17 years with the L&#8217;Or\u00e9al group in CSR and the Foundation. Vice-president of the association Pro Bono Lab. Holder of two masters in international law.&#8221; uncode_shortcode_id=&#8221;408765&#8243;]H\u00e9l\u00e8ne Trautmann<br \/>\n<span style=\"color: #808080; font-size: 18px;\"><em>President and Founder\u00a0<\/em><\/span>[\/vc_custom_heading][vc_icon icon=&#8221;fa fa-mail&#8221; icon_color=&#8221;accent&#8221; size=&#8221;fa-2x&#8221; link=&#8221;url:mailto%3Ahelene%40bleu-minuit.com||target:%20_blank|rel:nofollow&#8221;][\/vc_icon][vc_empty_space empty_h=&#8221;1&#8243;][vc_column_text uncode_shortcode_id=&#8221;558527&#8243; css=&#8221;.vc_custom_1656446483454{margin-top: -1px !important;}&#8221;]<\/p>\n<h5><a href=\"mailto:helene@bleu-minuit.com\">helene@bleu-minuit.com<\/a><\/h5>\n<p>[\/vc_column_text][\/vc_column_inner][vc_column_inner column_width_percent=&#8221;100&#8243; align_horizontal=&#8221;align_center&#8221; gutter_size=&#8221;3&#8243; override_padding=&#8221;yes&#8221; column_padding=&#8221;2&#8243; expand_height=&#8221;yes&#8221; back_color=&#8221;color-xsdn&#8221; overlay_alpha=&#8221;50&#8243; shift_x=&#8221;0&#8243; shift_y=&#8221;0&#8243; shift_y_down=&#8221;0&#8243; z_index=&#8221;0&#8243; medium_width=&#8221;0&#8243; mobile_width=&#8221;0&#8243; shadow=&#8221;std&#8221; width=&#8221;1\/2&#8243;][vc_single_image media=&#8221;80622&#8243; media_width_use_pixel=&#8221;yes&#8221; media_ratio=&#8221;one-one&#8221; alignment=&#8221;center&#8221; shape=&#8221;img-circle&#8221; border=&#8221;yes&#8221; media_width_pixel=&#8221;140&#8243;][vc_custom_heading heading_semantic=&#8221;h3&#8243; text_size=&#8221;h3&#8243; text_weight=&#8221;600&#8243; separator=&#8221;yes&#8221; separator_color=&#8221;yes&#8221; sub_lead=&#8221;yes&#8221; sub_reduced=&#8221;yes&#8221; subheading=&#8221;Over 20 years in capital markets. Graduate of Centrale Paris and holder of a Harvard Business School MBA. Author of several books on finance.&#8221; uncode_shortcode_id=&#8221;152298&#8243;]St\u00e9phane Reverre<br \/>\n<span style=\"color: #808080; font-size: 18px;\"><em>Director of Finance and co-founder<\/em><\/span>[\/vc_custom_heading][vc_icon icon=&#8221;fa fa-mail&#8221; icon_color=&#8221;accent&#8221; size=&#8221;fa-2x&#8221; link=&#8221;url:mailto%3Astephane%40bleu-minuit.com||target:%20_blank|rel:nofollow&#8221;][\/vc_icon][vc_empty_space empty_h=&#8221;1&#8243;][vc_column_text uncode_shortcode_id=&#8221;407497&#8243; css=&#8221;.vc_custom_1656446473671{margin-top: -1px !important;}&#8221;]<\/p>\n<h5><a href=\"mailto:stephane@bleu-minuit.com\">stephane@bleu-minuit.com<\/a><\/h5>\n<p>[\/vc_column_text][\/vc_column_inner][\/vc_row_inner][vc_row_inner row_inner_height_percent=&#8221;0&#8243; overlay_alpha=&#8221;50&#8243; equal_height=&#8221;yes&#8221; gutter_size=&#8221;3&#8243; shift_y=&#8221;0&#8243; z_index=&#8221;0&#8243; limit_content=&#8221;&#8221;][vc_column_inner column_width_percent=&#8221;100&#8243; align_horizontal=&#8221;align_center&#8221; gutter_size=&#8221;3&#8243; override_padding=&#8221;yes&#8221; column_padding=&#8221;2&#8243; expand_height=&#8221;yes&#8221; back_color=&#8221;color-xsdn&#8221; overlay_alpha=&#8221;50&#8243; shift_x=&#8221;0&#8243; shift_y=&#8221;0&#8243; shift_y_down=&#8221;0&#8243; z_index=&#8221;0&#8243; medium_width=&#8221;0&#8243; mobile_width=&#8221;0&#8243; shadow=&#8221;std&#8221; width=&#8221;1\/2&#8243;][vc_single_image media=&#8221;91090&#8243; media_width_use_pixel=&#8221;yes&#8221; media_ratio=&#8221;one-one&#8221; alignment=&#8221;center&#8221; shape=&#8221;img-circle&#8221; border=&#8221;yes&#8221; media_width_pixel=&#8221;140&#8243; uncode_shortcode_id=&#8221;149845&#8243;][vc_custom_heading heading_semantic=&#8221;h3&#8243; text_size=&#8221;h3&#8243; text_weight=&#8221;600&#8243; separator=&#8221;yes&#8221; separator_color=&#8221;yes&#8221; sub_reduced=&#8221;yes&#8221; subheading=&#8221;With a master&#8217;s degree in communication, Lou joined the team in September 2021 and manages the Bleu Minuit communication strategy and press relations.&#8221; uncode_shortcode_id=&#8221;770689&#8243;]Lou Blanquefort<br \/>\n<span style=\"color: #808080; font-size: 18px;\"><em>Communication manager<\/em><\/span>[\/vc_custom_heading][vc_icon icon=&#8221;fa fa-mail&#8221; icon_color=&#8221;accent&#8221; size=&#8221;fa-2x&#8221; text_size=&#8221;h5&#8243; text_reduced=&#8221;yes&#8221; link=&#8221;url:mailto%3Alou.b%40bleu-minuit.com|target:_blank|rel:nofollow&#8221; uncode_shortcode_id=&#8221;183203&#8243; icon_color_type=&#8221;uncode-palette&#8221;][\/vc_icon][vc_empty_space empty_h=&#8221;1&#8243;][vc_column_text uncode_shortcode_id=&#8221;690472&#8243; css=&#8221;.vc_custom_1656446457839{margin-top: -1px !important;}&#8221;]<\/p>\n<h5><a href=\"mailto:lou.b@bleu-minuit.com\">lou.b@bleu-minuit.com<\/a><\/h5>\n<p>[\/vc_column_text][\/vc_column_inner][vc_column_inner column_width_percent=&#8221;100&#8243; align_horizontal=&#8221;align_center&#8221; gutter_size=&#8221;3&#8243; override_padding=&#8221;yes&#8221; column_padding=&#8221;2&#8243; expand_height=&#8221;yes&#8221; back_color=&#8221;color-xsdn&#8221; overlay_alpha=&#8221;50&#8243; shift_x=&#8221;0&#8243; shift_y=&#8221;0&#8243; shift_y_down=&#8221;0&#8243; z_index=&#8221;0&#8243; medium_width=&#8221;0&#8243; mobile_width=&#8221;0&#8243; shadow=&#8221;std&#8221; width=&#8221;1\/2&#8243;][vc_single_image media=&#8221;91087&#8243; media_width_use_pixel=&#8221;yes&#8221; media_ratio=&#8221;one-one&#8221; alignment=&#8221;center&#8221; shape=&#8221;img-circle&#8221; border=&#8221;yes&#8221; media_width_pixel=&#8221;140&#8243; uncode_shortcode_id=&#8221;774850&#8243;][vc_custom_heading heading_semantic=&#8221;h3&#8243; text_size=&#8221;h3&#8243; text_weight=&#8221;600&#8243; separator=&#8221;yes&#8221; separator_color=&#8221;yes&#8221; sub_reduced=&#8221;yes&#8221; subheading=&#8221;Lou Prunier is on an apprenticeship contract since September 2021 and assists Bleu Minuit with customer management and administrative tasks.&#8221; uncode_shortcode_id=&#8221;967801&#8243;]Lou Prunier<br \/>\n<span style=\"color: #808080; font-size: 18px;\"><em>Assistante Manager <\/em><\/span>[\/vc_custom_heading][vc_icon icon=&#8221;fa fa-mail&#8221; icon_color=&#8221;accent&#8221; size=&#8221;fa-2x&#8221; link=&#8221;url:mailto%3Alou.p%40bleu-minuit.com|target:_blank|rel:nofollow&#8221; uncode_shortcode_id=&#8221;233395&#8243; icon_color_type=&#8221;uncode-palette&#8221;][\/vc_icon][vc_empty_space empty_h=&#8221;1&#8243;][vc_column_text uncode_shortcode_id=&#8221;290999&#8243; css=&#8221;.vc_custom_1656446435791{margin-top: -1px !important;}&#8221;]<\/p>\n<h5><a href=\"mailto:lou.p@bleu-minuit.com\">lou.p@bleu-minuit.com<\/a><\/h5>\n<p>[\/vc_column_text][\/vc_column_inner][\/vc_row_inner][vc_empty_space empty_h=&#8221;2&#8243;][vc_separator sep_color=&#8221;,Default&#8221;][vc_empty_space empty_h=&#8221;2&#8243;][vc_row_inner limit_content=&#8221;&#8221;][vc_column_inner column_width_use_pixel=&#8221;yes&#8221; align_horizontal=&#8221;align_center&#8221; gutter_size=&#8221;3&#8243; overlay_alpha=&#8221;50&#8243; shift_x=&#8221;0&#8243; shift_y=&#8221;0&#8243; shift_y_down=&#8221;0&#8243; z_index=&#8221;0&#8243; medium_width=&#8221;0&#8243; mobile_width=&#8221;0&#8243; width=&#8221;1\/1&#8243; column_width_pixel=&#8221;900&#8243;][vc_column_text uncode_shortcode_id=&#8221;117339&#8243;]We are honored to introduce our Expert Advisory Board.<br \/>\nTheir mission?<br \/>\nTo share their experience, provide recommendations and advice on various issues related to our business through their expertise and knowledge of the hospitality industry and sustainable development.[\/vc_column_text][\/vc_column_inner][\/vc_row_inner][vc_empty_space empty_h=&#8221;2&#8243;][vc_row_inner row_inner_height_percent=&#8221;0&#8243; overlay_alpha=&#8221;50&#8243; equal_height=&#8221;yes&#8221; gutter_size=&#8221;2&#8243; shift_y=&#8221;0&#8243; z_index=&#8221;0&#8243; limit_content=&#8221;&#8221;][vc_column_inner column_width_use_pixel=&#8221;yes&#8221; align_horizontal=&#8221;align_center&#8221; gutter_size=&#8221;2&#8243; back_color=&#8221;color-xsdn&#8221; overlay_alpha=&#8221;50&#8243; shift_x=&#8221;0&#8243; shift_y=&#8221;0&#8243; shift_y_down=&#8221;0&#8243; z_index=&#8221;0&#8243; medium_width=&#8221;0&#8243; mobile_width=&#8221;0&#8243; shadow=&#8221;sm&#8221; width=&#8221;1\/3&#8243; column_width_pixel=&#8221;900&#8243;][vc_single_image media=&#8221;80768&#8243; media_width_use_pixel=&#8221;yes&#8221; media_ratio=&#8221;one-one&#8221; alignment=&#8221;center&#8221; shape=&#8221;img-circle&#8221; border=&#8221;yes&#8221; media_width_pixel=&#8221;140&#8243;][vc_custom_heading heading_semantic=&#8221;h4&#8243; text_size=&#8221;h4&#8243; text_weight=&#8221;600&#8243; separator=&#8221;yes&#8221; separator_color=&#8221;yes&#8221; sub_reduced=&#8221;yes&#8221; subheading=&#8221;CEO, Ambre Marketing&#8221;]Claire Davy[\/vc_custom_heading][\/vc_column_inner][vc_column_inner column_width_percent=&#8221;100&#8243; align_horizontal=&#8221;align_center&#8221; gutter_size=&#8221;2&#8243; back_color=&#8221;color-xsdn&#8221; overlay_alpha=&#8221;50&#8243; shift_x=&#8221;0&#8243; shift_y=&#8221;0&#8243; shift_y_down=&#8221;0&#8243; z_index=&#8221;0&#8243; medium_width=&#8221;0&#8243; mobile_width=&#8221;0&#8243; shadow=&#8221;sm&#8221; width=&#8221;1\/3&#8243;][vc_single_image media=&#8221;81801&#8243; media_width_use_pixel=&#8221;yes&#8221; media_ratio=&#8221;one-one&#8221; alignment=&#8221;center&#8221; shape=&#8221;img-circle&#8221; border=&#8221;yes&#8221; media_width_pixel=&#8221;140&#8243;][vc_custom_heading heading_semantic=&#8221;h4&#8243; text_size=&#8221;h4&#8243; text_weight=&#8221;600&#8243; separator=&#8221;yes&#8221; separator_color=&#8221;yes&#8221; sub_reduced=&#8221;yes&#8221; subheading=&#8221;Director, Sustainable Development Operations, L\u2019Or\u00e9al&#8221;]Fr\u00e9d\u00e9ric Heinrich[\/vc_custom_heading][\/vc_column_inner][vc_column_inner column_width_percent=&#8221;100&#8243; align_horizontal=&#8221;align_center&#8221; gutter_size=&#8221;2&#8243; back_color=&#8221;color-xsdn&#8221; overlay_alpha=&#8221;50&#8243; shift_x=&#8221;0&#8243; shift_y=&#8221;0&#8243; shift_y_down=&#8221;0&#8243; z_index=&#8221;0&#8243; medium_width=&#8221;0&#8243; mobile_width=&#8221;0&#8243; shadow=&#8221;sm&#8221; width=&#8221;1\/3&#8243;][vc_single_image media=&#8221;80775&#8243; media_width_use_pixel=&#8221;yes&#8221; media_ratio=&#8221;one-one&#8221; alignment=&#8221;center&#8221; shape=&#8221;img-circle&#8221; border=&#8221;yes&#8221; media_width_pixel=&#8221;140&#8243;][vc_custom_heading heading_semantic=&#8221;h4&#8243; text_size=&#8221;h4&#8243; text_weight=&#8221;600&#8243; separator=&#8221;yes&#8221; separator_color=&#8221;yes&#8221; sub_reduced=&#8221;yes&#8221; subheading=&#8221;President, The Art of HR &#8211; Human Resources Consultant.&#8221; uncode_shortcode_id=&#8221;154674&#8243;]Cyril Lardennois[\/vc_custom_heading][\/vc_column_inner][\/vc_row_inner][vc_row_inner row_inner_height_percent=&#8221;0&#8243; overlay_alpha=&#8221;50&#8243; equal_height=&#8221;yes&#8221; gutter_size=&#8221;2&#8243; shift_y=&#8221;0&#8243; z_index=&#8221;0&#8243; limit_content=&#8221;&#8221;][vc_column_inner column_width_percent=&#8221;100&#8243; align_horizontal=&#8221;align_center&#8221; gutter_size=&#8221;2&#8243; back_color=&#8221;color-xsdn&#8221; overlay_alpha=&#8221;50&#8243; shift_x=&#8221;0&#8243; shift_y=&#8221;0&#8243; shift_y_down=&#8221;0&#8243; z_index=&#8221;0&#8243; medium_width=&#8221;0&#8243; mobile_width=&#8221;0&#8243; shadow=&#8221;sm&#8221; width=&#8221;1\/3&#8243;][vc_single_image media=&#8221;80772&#8243; media_width_use_pixel=&#8221;yes&#8221; media_ratio=&#8221;one-one&#8221; alignment=&#8221;center&#8221; shape=&#8221;img-circle&#8221; border=&#8221;yes&#8221; media_width_pixel=&#8221;140&#8243;][vc_custom_heading heading_semantic=&#8221;h4&#8243; text_size=&#8221;h4&#8243; text_weight=&#8221;600&#8243; separator=&#8221;yes&#8221; separator_color=&#8221;yes&#8221; sub_reduced=&#8221;yes&#8221; subheading=&#8221;Web Asset Manager &#8211; Novaxia Investissement&#8221; uncode_shortcode_id=&#8221;505845&#8243;]H\u00e9l\u00e8ne Maillet[\/vc_custom_heading][\/vc_column_inner][vc_column_inner column_width_percent=&#8221;100&#8243; align_horizontal=&#8221;align_center&#8221; gutter_size=&#8221;2&#8243; back_color=&#8221;color-xsdn&#8221; overlay_alpha=&#8221;50&#8243; shift_x=&#8221;0&#8243; shift_y=&#8221;0&#8243; shift_y_down=&#8221;0&#8243; z_index=&#8221;0&#8243; medium_width=&#8221;0&#8243; mobile_width=&#8221;0&#8243; shadow=&#8221;sm&#8221; width=&#8221;1\/3&#8243;][vc_single_image media=&#8221;80771&#8243; media_width_use_pixel=&#8221;yes&#8221; media_ratio=&#8221;one-one&#8221; alignment=&#8221;center&#8221; shape=&#8221;img-circle&#8221; border=&#8221;yes&#8221; media_width_pixel=&#8221;140&#8243;][vc_custom_heading heading_semantic=&#8221;h4&#8243; text_size=&#8221;h4&#8243; text_weight=&#8221;600&#8243; separator=&#8221;yes&#8221; separator_color=&#8221;yes&#8221; sub_reduced=&#8221;yes&#8221; subheading=&#8221;Director of Operations, Courtyard by Marriott Paris Roissy CDG&#8221; uncode_shortcode_id=&#8221;201616&#8243;]Cyrille Pawelko[\/vc_custom_heading][\/vc_column_inner][vc_column_inner column_width_percent=&#8221;100&#8243; align_horizontal=&#8221;align_center&#8221; gutter_size=&#8221;2&#8243; overlay_alpha=&#8221;50&#8243; shift_x=&#8221;0&#8243; shift_y=&#8221;0&#8243; shift_y_down=&#8221;0&#8243; z_index=&#8221;0&#8243; medium_width=&#8221;0&#8243; mobile_width=&#8221;0&#8243; width=&#8221;1\/3&#8243;][\/vc_column_inner][\/vc_row_inner][\/vc_column][\/vc_row]<\/p>\n<\/div>","protected":false},"excerpt":{"rendered":"<p>[vc_row row_height_percent=&#8221;0&#8243; override_padding=&#8221;yes&#8221; h_padding=&#8221;2&#8243; top_padding=&#8221;3&#8243; bottom_padding=&#8221;3&#8243; back_color=&#8221;color-xsdn&#8221; overlay_alpha=&#8221;50&#8243; gutter_size=&#8221;3&#8243; column_width_percent=&#8221;100&#8243; shift_y=&#8221;0&#8243; z_index=&#8221;0&#8243;][vc_column column_width_percent=&#8221;100&#8243; position_vertical=&#8221;middle&#8221; align_horizontal=&#8221;align_center&#8221; gutter_size=&#8221;4&#8243; overlay_alpha=&#8221;50&#8243; shift_x=&#8221;0&#8243; shift_y=&#8221;0&#8243; shift_y_down=&#8221;0&#8243; [&hellip;]<\/p>\n","protected":false},"author":5,"featured_media":0,"parent":0,"menu_order":0,"comment_status":"closed","ping_status":"closed","template":"","meta":{"footnotes":""},"class_list":["post-86984","page","type-page","status-publish","hentry"],"yoast_head":"<!-- This site is optimized with the Yoast SEO plugin v27.4 - https:\/\/yoast.com\/product\/yoast-seo-wordpress\/ -->\n<title>About Us - Bleu Minuit<\/title>\n<meta name=\"description\" content=\"About Bleu Minuit\" \/>\n<meta name=\"robots\" content=\"index, follow, max-snippet:-1, max-image-preview:large, max-video-preview:-1\" \/>\n<link rel=\"canonical\" href=\"https:\/\/bleu-minuit.com\/en\/a-propos\/\" \/>\n<meta property=\"og:locale\" content=\"en_US\" \/>\n<meta property=\"og:type\" content=\"article\" \/>\n<meta property=\"og:title\" content=\"About Us - Bleu Minuit\" \/>\n<meta property=\"og:description\" content=\"About Bleu Minuit\" \/>\n<meta property=\"og:url\" content=\"https:\/\/bleu-minuit.com\/en\/a-propos\/\" \/>\n<meta property=\"og:site_name\" content=\"Bleu Minuit\" \/>\n<meta property=\"article:modified_time\" content=\"2023-08-09T17:27:03+00:00\" \/>\n<meta name=\"twitter:card\" content=\"summary_large_image\" \/>\n<meta name=\"twitter:label1\" content=\"Est. reading time\" \/>\n\t<meta name=\"twitter:data1\" content=\"4 minutes\" \/>\n<script type=\"application\/ld+json\" class=\"yoast-schema-graph\">{\"@context\":\"https:\\\/\\\/schema.org\",\"@graph\":[{\"@type\":\"WebPage\",\"@id\":\"https:\\\/\\\/bleu-minuit.com\\\/en\\\/a-propos\\\/\",\"url\":\"https:\\\/\\\/bleu-minuit.com\\\/en\\\/a-propos\\\/\",\"name\":\"About Us - Bleu Minuit\",\"isPartOf\":{\"@id\":\"https:\\\/\\\/bleu-minuit.com\\\/en\\\/#website\"},\"datePublished\":\"2020-02-06T15:42:59+00:00\",\"dateModified\":\"2023-08-09T17:27:03+00:00\",\"description\":\"About Bleu Minuit\",\"breadcrumb\":{\"@id\":\"https:\\\/\\\/bleu-minuit.com\\\/en\\\/a-propos\\\/#breadcrumb\"},\"inLanguage\":\"en-US\",\"potentialAction\":[{\"@type\":\"ReadAction\",\"target\":[\"https:\\\/\\\/bleu-minuit.com\\\/en\\\/a-propos\\\/\"]}]},{\"@type\":\"BreadcrumbList\",\"@id\":\"https:\\\/\\\/bleu-minuit.com\\\/en\\\/a-propos\\\/#breadcrumb\",\"itemListElement\":[{\"@type\":\"ListItem\",\"position\":1,\"name\":\"Accueil\",\"item\":\"https:\\\/\\\/bleu-minuit.com\\\/en\\\/\"},{\"@type\":\"ListItem\",\"position\":2,\"name\":\"About Us\"}]},{\"@type\":\"WebSite\",\"@id\":\"https:\\\/\\\/bleu-minuit.com\\\/en\\\/#website\",\"url\":\"https:\\\/\\\/bleu-minuit.com\\\/en\\\/\",\"name\":\"Bleu Minuit\",\"description\":\"Ecolodges \u00e0 la belle \u00e9toile\",\"potentialAction\":[{\"@type\":\"SearchAction\",\"target\":{\"@type\":\"EntryPoint\",\"urlTemplate\":\"https:\\\/\\\/bleu-minuit.com\\\/en\\\/?s={search_term_string}\"},\"query-input\":{\"@type\":\"PropertyValueSpecification\",\"valueRequired\":true,\"valueName\":\"search_term_string\"}}],\"inLanguage\":\"en-US\"}]}<\/script>\n<!-- \/ Yoast SEO plugin. -->","yoast_head_json":{"title":"About Us - Bleu Minuit","description":"About Bleu Minuit","robots":{"index":"index","follow":"follow","max-snippet":"max-snippet:-1","max-image-preview":"max-image-preview:large","max-video-preview":"max-video-preview:-1"},"canonical":"https:\/\/bleu-minuit.com\/en\/a-propos\/","og_locale":"en_US","og_type":"article","og_title":"About Us - Bleu Minuit","og_description":"About Bleu Minuit","og_url":"https:\/\/bleu-minuit.com\/en\/a-propos\/","og_site_name":"Bleu Minuit","article_modified_time":"2023-08-09T17:27:03+00:00","twitter_card":"summary_large_image","twitter_misc":{"Est. reading time":"4 minutes"},"schema":{"@context":"https:\/\/schema.org","@graph":[{"@type":"WebPage","@id":"https:\/\/bleu-minuit.com\/en\/a-propos\/","url":"https:\/\/bleu-minuit.com\/en\/a-propos\/","name":"About Us - Bleu Minuit","isPartOf":{"@id":"https:\/\/bleu-minuit.com\/en\/#website"},"datePublished":"2020-02-06T15:42:59+00:00","dateModified":"2023-08-09T17:27:03+00:00","description":"About Bleu Minuit","breadcrumb":{"@id":"https:\/\/bleu-minuit.com\/en\/a-propos\/#breadcrumb"},"inLanguage":"en-US","potentialAction":[{"@type":"ReadAction","target":["https:\/\/bleu-minuit.com\/en\/a-propos\/"]}]},{"@type":"BreadcrumbList","@id":"https:\/\/bleu-minuit.com\/en\/a-propos\/#breadcrumb","itemListElement":[{"@type":"ListItem","position":1,"name":"Accueil","item":"https:\/\/bleu-minuit.com\/en\/"},{"@type":"ListItem","position":2,"name":"About Us"}]},{"@type":"WebSite","@id":"https:\/\/bleu-minuit.com\/en\/#website","url":"https:\/\/bleu-minuit.com\/en\/","name":"Bleu Minuit","description":"Ecolodges \u00e0 la belle \u00e9toile","potentialAction":[{"@type":"SearchAction","target":{"@type":"EntryPoint","urlTemplate":"https:\/\/bleu-minuit.com\/en\/?s={search_term_string}"},"query-input":{"@type":"PropertyValueSpecification","valueRequired":true,"valueName":"search_term_string"}}],"inLanguage":"en-US"}]}},"_links":{"self":[{"href":"https:\/\/bleu-minuit.com\/en\/wp-json\/wp\/v2\/pages\/86984","targetHints":{"allow":["GET"]}}],"collection":[{"href":"https:\/\/bleu-minuit.com\/en\/wp-json\/wp\/v2\/pages"}],"about":[{"href":"https:\/\/bleu-minuit.com\/en\/wp-json\/wp\/v2\/types\/page"}],"author":[{"embeddable":true,"href":"https:\/\/bleu-minuit.com\/en\/wp-json\/wp\/v2\/users\/5"}],"replies":[{"embeddable":true,"href":"https:\/\/bleu-minuit.com\/en\/wp-json\/wp\/v2\/comments?post=86984"}],"version-history":[{"count":18,"href":"https:\/\/bleu-minuit.com\/en\/wp-json\/wp\/v2\/pages\/86984\/revisions"}],"predecessor-version":[{"id":93305,"href":"https:\/\/bleu-minuit.com\/en\/wp-json\/wp\/v2\/pages\/86984\/revisions\/93305"}],"wp:attachment":[{"href":"https:\/\/bleu-minuit.com\/en\/wp-json\/wp\/v2\/media?parent=86984"}],"curies":[{"name":"wp","href":"https:\/\/api.w.org\/{rel}","templated":true}]}}