{"id":91949,"date":"2023-08-04T16:14:19","date_gmt":"2023-08-04T14:14:19","guid":{"rendered":"https:\/\/bleu-minuit.com\/?page_id=91949"},"modified":"2023-08-11T23:29:04","modified_gmt":"2023-08-11T21:29:04","slug":"les-elements-naturels","status":"publish","type":"page","link":"https:\/\/bleu-minuit.com\/en\/les-elements-naturels\/","title":{"rendered":"Les \u00e9l\u00e9ments naturels"},"content":{"rendered":"<div class=\"wpb-content-wrapper\"><p>[vc_row row_height_percent=&#8221;0&#8243; override_padding=&#8221;yes&#8221; h_padding=&#8221;2&#8243; top_padding=&#8221;3&#8243; bottom_padding=&#8221;2&#8243; overlay_alpha=&#8221;50&#8243; gutter_size=&#8221;3&#8243; column_width_percent=&#8221;100&#8243; shift_y=&#8221;0&#8243; z_index=&#8221;0&#8243;][vc_column column_width_use_pixel=&#8221;yes&#8221; position_vertical=&#8221;middle&#8221; align_horizontal=&#8221;align_center&#8221; gutter_size=&#8221;3&#8243; overlay_alpha=&#8221;50&#8243; shift_x=&#8221;0&#8243; shift_y=&#8221;0&#8243; shift_y_down=&#8221;0&#8243; z_index=&#8221;0&#8243; medium_width=&#8221;0&#8243; mobile_width=&#8221;0&#8243; width=&#8221;1\/1&#8243; column_width_pixel=&#8221;850&#8243;][vc_custom_heading heading_semantic=&#8221;h3&#8243; text_size=&#8221;h4&#8243; text_height=&#8221;fontheight-141665&#8243; uncode_shortcode_id=&#8221;191573&#8243;]L\u2019eau, la terre, l\u2019air, le feu.<br \/>\nCes quatre \u00e9l\u00e9ments composent l\u2019univers qui nous entoure, et donc la vie. S\u2019ouvrir \u00e0 ces quatre cl\u00e9s, les avoir dans notre paysage, les toucher du doigt, les ressentir de tous nos sens, voil\u00e0 l\u2019essentiel !<br \/>\nLes trois nouveaux lodges Bleu Minuit, install\u00e9s dans le parc du spa Sulzbald, vous invitent \u00e0 vous reconnecter \u00e0 ces \u00e9l\u00e9ments.[\/vc_custom_heading][vc_row_inner row_inner_height_percent=&#8221;0&#8243; overlay_alpha=&#8221;50&#8243; equal_height=&#8221;yes&#8221; gutter_size=&#8221;1&#8243; shift_y=&#8221;0&#8243; z_index=&#8221;0&#8243; limit_content=&#8221;&#8221;][vc_column_inner column_width_percent=&#8221;100&#8243; position_vertical=&#8221;middle&#8221; align_horizontal=&#8221;align_center&#8221; gutter_size=&#8221;3&#8243; overlay_alpha=&#8221;50&#8243; shift_x=&#8221;0&#8243; shift_y=&#8221;0&#8243; shift_y_down=&#8221;0&#8243; z_index=&#8221;0&#8243; medium_width=&#8221;0&#8243; mobile_width=&#8221;1&#8243; width=&#8221;1\/6&#8243;][vc_single_image media=&#8221;91955&#8243; media_width_use_pixel=&#8221;yes&#8221; alignment=&#8221;center&#8221; media_width_pixel=&#8221;50&#8243; media_link=&#8221;url:https%3A%2F%2Fbleu-minuit.com%2Fconcept%2F%23vue|||&#8221; uncode_shortcode_id=&#8221;158624&#8243;][\/vc_column_inner][vc_column_inner column_width_percent=&#8221;100&#8243; position_vertical=&#8221;middle&#8221; align_horizontal=&#8221;align_center&#8221; gutter_size=&#8221;3&#8243; overlay_alpha=&#8221;50&#8243; shift_x=&#8221;0&#8243; shift_y=&#8221;0&#8243; shift_y_down=&#8221;0&#8243; z_index=&#8221;0&#8243; medium_width=&#8221;0&#8243; mobile_width=&#8221;1&#8243; width=&#8221;1\/6&#8243;][vc_single_image media=&#8221;91958&#8243; media_width_use_pixel=&#8221;yes&#8221; alignment=&#8221;center&#8221; media_width_pixel=&#8221;43&#8243; media_link=&#8221;url:https%3A%2F%2Fbleu-minuit.com%2Fconcept%2F%23ouie|||&#8221; uncode_shortcode_id=&#8221;927093&#8243;][\/vc_column_inner][vc_column_inner column_width_percent=&#8221;100&#8243; position_vertical=&#8221;middle&#8221; align_horizontal=&#8221;align_center&#8221; gutter_size=&#8221;3&#8243; overlay_alpha=&#8221;50&#8243; shift_x=&#8221;0&#8243; shift_y=&#8221;0&#8243; shift_y_down=&#8221;0&#8243; z_index=&#8221;0&#8243; medium_width=&#8221;0&#8243; mobile_width=&#8221;1&#8243; width=&#8221;1\/6&#8243;][vc_single_image media=&#8221;91967&#8243; media_width_percent=&#8221;70&#8243; alignment=&#8221;center&#8221; media_link=&#8221;url:https%3A%2F%2Fbleu-minuit.com%2Fconcept%2F%23gout|||&#8221; uncode_shortcode_id=&#8221;162233&#8243;][\/vc_column_inner][vc_column_inner column_width_percent=&#8221;100&#8243; position_vertical=&#8221;middle&#8221; align_horizontal=&#8221;align_center&#8221; gutter_size=&#8221;3&#8243; overlay_alpha=&#8221;50&#8243; shift_x=&#8221;0&#8243; shift_y=&#8221;0&#8243; shift_y_down=&#8221;0&#8243; z_index=&#8221;0&#8243; medium_width=&#8221;0&#8243; mobile_width=&#8221;1&#8243; width=&#8221;1\/6&#8243;][vc_single_image media=&#8221;91961&#8243; media_width_use_pixel=&#8221;yes&#8221; alignment=&#8221;center&#8221; media_width_pixel=&#8221;43&#8243; media_link=&#8221;url:https%3A%2F%2Fbleu-minuit.com%2Fconcept%2F%23odorat|||&#8221; uncode_shortcode_id=&#8221;160762&#8243;][\/vc_column_inner][vc_column_inner column_width_percent=&#8221;100&#8243; position_vertical=&#8221;middle&#8221; align_horizontal=&#8221;align_center&#8221; gutter_size=&#8221;3&#8243; overlay_alpha=&#8221;50&#8243; shift_x=&#8221;0&#8243; shift_y=&#8221;0&#8243; shift_y_down=&#8221;0&#8243; z_index=&#8221;0&#8243; medium_width=&#8221;0&#8243; mobile_width=&#8221;1&#8243; width=&#8221;1\/6&#8243;][vc_single_image media=&#8221;91964&#8243; media_width_use_pixel=&#8221;yes&#8221; alignment=&#8221;center&#8221; media_width_pixel=&#8221;35&#8243; media_link=&#8221;url:https%3A%2F%2Fbleu-minuit.com%2Fconcept%2F%23touche|||&#8221; uncode_shortcode_id=&#8221;148976&#8243;][\/vc_column_inner][\/vc_row_inner][\/vc_column][\/vc_row][vc_row unlock_row_content=&#8221;yes&#8221; row_height_percent=&#8221;0&#8243; override_padding=&#8221;yes&#8221; h_padding=&#8221;0&#8243; top_padding=&#8221;0&#8243; bottom_padding=&#8221;0&#8243; back_color=&#8221;color-xsdn&#8221; overlay_alpha=&#8221;50&#8243; equal_height=&#8221;yes&#8221; gutter_size=&#8221;0&#8243; column_width_percent=&#8221;100&#8243; shift_y=&#8221;0&#8243; z_index=&#8221;0&#8243; row_name=&#8221;vue&#8221;][vc_column column_width_percent=&#8221;100&#8243; gutter_size=&#8221;3&#8243; back_image=&#8221;92812&#8243; parallax=&#8221;yes&#8221; overlay_alpha=&#8221;50&#8243; shift_x=&#8221;0&#8243; shift_y=&#8221;0&#8243; shift_y_down=&#8221;0&#8243; z_index=&#8221;0&#8243; medium_width=&#8221;0&#8243; mobile_width=&#8221;0&#8243; width=&#8221;1\/2&#8243; uncode_shortcode_id=&#8221;273138&#8243;][vc_empty_space empty_h=&#8221;5&#8243; desktop_visibility=&#8221;yes&#8221; medium_visibility=&#8221;yes&#8221;][\/vc_column][vc_column column_width_use_pixel=&#8221;yes&#8221; position_vertical=&#8221;middle&#8221; gutter_size=&#8221;2&#8243; override_padding=&#8221;yes&#8221; column_padding=&#8221;2&#8243; overlay_alpha=&#8221;50&#8243; shift_x=&#8221;0&#8243; shift_y=&#8221;0&#8243; shift_y_down=&#8221;0&#8243; z_index=&#8221;0&#8243; medium_width=&#8221;0&#8243; mobile_width=&#8221;0&#8243; width=&#8221;1\/2&#8243; column_width_pixel=&#8221;540&#8243;][vc_empty_space empty_h=&#8221;1&#8243; mobile_visibility=&#8221;yes&#8221;][vc_single_image media=&#8221;91955&#8243; media_width_use_pixel=&#8221;yes&#8221; media_width_pixel=&#8221;80&#8243; uncode_shortcode_id=&#8221;988452&#8243;][vc_custom_heading heading_semantic=&#8221;h3&#8243; text_size=&#8221;h3&#8243; text_weight=&#8221;600&#8243; text_height=&#8221;fontheight-141665&#8243; sub_reduced=&#8221;yes&#8221; subheading=&#8221;Commen\u00e7ons par l\u2019eau, qui symbolise nos \u00e9motions.<\/p>\n<p>Ici, celle de la source Saint Amand jaillit apr\u00e8s s\u2019\u00eatre charg\u00e9e en min\u00e9raux et oligo-\u00e9l\u00e9ments dans un d\u00e9dale de roches. Montaigne et Louis XIV lui-m\u00eame, s\u2019y seraient ressourc\u00e9s en leur temps.<\/p>\n<p>Tomb\u00e9 dans l\u2019oubli, le spa reprend vie peu \u00e0 peu depuis quelques ann\u00e9es, sous l\u2019impulsion de Catherine Kraemer, g\u00e9rante depuis 2014 (lien vers le portrait).<br \/>\nLes occupants des lodges Bleu Minuit pourront ainsi d\u00e9couvrir les nombreux soins propos\u00e9s dans ce cadre, et offrir \u00e0 leur corps et leur esprit un moment de bien \u00eatre.&#8221; uncode_shortcode_id=&#8221;110356&#8243; text_color_type=&#8221;uncode-palette&#8221; text_color_solid=&#8221;#ff0000&#8243;]\u00c9largir son champ de vision[\/vc_custom_heading][vc_empty_space empty_h=&#8221;3&#8243; mobile_visibility=&#8221;yes&#8221;][\/vc_column][\/vc_row][vc_row unlock_row_content=&#8221;yes&#8221; row_height_percent=&#8221;0&#8243; override_padding=&#8221;yes&#8221; h_padding=&#8221;0&#8243; top_padding=&#8221;0&#8243; bottom_padding=&#8221;0&#8243; back_color=&#8221;color-lxmt&#8221; overlay_alpha=&#8221;50&#8243; equal_height=&#8221;yes&#8221; gutter_size=&#8221;0&#8243; column_width_percent=&#8221;100&#8243; shift_y=&#8221;0&#8243; z_index=&#8221;0&#8243; row_height_pixel=&#8221;ouie&#8221; row_name=&#8221;ouie&#8221;][vc_column column_width_use_pixel=&#8221;yes&#8221; position_vertical=&#8221;middle&#8221; gutter_size=&#8221;2&#8243; override_padding=&#8221;yes&#8221; column_padding=&#8221;2&#8243; overlay_alpha=&#8221;50&#8243; shift_x=&#8221;0&#8243; shift_y=&#8221;0&#8243; shift_y_down=&#8221;0&#8243; z_index=&#8221;0&#8243; medium_width=&#8221;0&#8243; mobile_width=&#8221;0&#8243; width=&#8221;1\/2&#8243; column_width_pixel=&#8221;540&#8243;][vc_empty_space empty_h=&#8221;2&#8243; mobile_visibility=&#8221;yes&#8221;][vc_single_image media=&#8221;91958&#8243; media_width_use_pixel=&#8221;yes&#8221; media_width_pixel=&#8221;70&#8243; uncode_shortcode_id=&#8221;573370&#8243;][vc_custom_heading heading_semantic=&#8221;h3&#8243; text_size=&#8221;h3&#8243; text_weight=&#8221;600&#8243; text_height=&#8221;fontheight-141665&#8243; sub_reduced=&#8221;yes&#8221; subheading=&#8221;Apr\u00e8s l\u2019eau, la terre, qui symbolise notre corps. Bleu Minuit propose des lodges en harmonie avec la nature et l\u2019environnement.<\/p>\n<p>Entour\u00e9s d\u2019arbres, ils sont construits de mani\u00e8re \u00e9co-responsable, sur la base de la conception passive, dans des mat\u00e9riaux nobles issus de ressources renouvelables et recyclables. Le bardage ext\u00e9rieur est en pin du nord, prot\u00e9g\u00e9 naturellement par carbonisation, selon une technique d\u2019origine japonaise.<br \/>\nPartout, le bois vous y entoure, du plancher au parement de la douche, de la terrasse aux chevets, et vous procure une sensation de confort et de chaleur.<\/p>\n<p>Mais la terre, ici, c\u2019est aussi le vin.<br \/>\nEntre Marlenheim, au nord, et Molsheim, au sud, le vignoble de Wolxheim se situe sur la fameuse route des vins d\u2019Alsace, et son Altenberg est l\u2019un des 51 grands crus du vignoble d\u2019Alsace.<\/p>\n<p>Profitez de votre s\u00e9jour pour d\u00e9couvrir ce fruit de la terre, parce qu\u2019il n\u2019y a pas que l\u2019eau dans la vie !&#8221; uncode_shortcode_id=&#8221;195426&#8243; text_color_type=&#8221;uncode-palette&#8221; text_color_solid=&#8221;#ff0000&#8243;]\u00c9couter ses envies[\/vc_custom_heading][vc_empty_space empty_h=&#8221;3&#8243; mobile_visibility=&#8221;yes&#8221;][\/vc_column][vc_column column_width_percent=&#8221;100&#8243; gutter_size=&#8221;3&#8243; back_image=&#8221;93206&#8243; parallax=&#8221;yes&#8221; overlay_alpha=&#8221;50&#8243; shift_x=&#8221;0&#8243; shift_y=&#8221;0&#8243; shift_y_down=&#8221;0&#8243; z_index=&#8221;0&#8243; medium_width=&#8221;0&#8243; mobile_width=&#8221;0&#8243; width=&#8221;1\/2&#8243; uncode_shortcode_id=&#8221;104308&#8243;][vc_empty_space empty_h=&#8221;5&#8243; desktop_visibility=&#8221;yes&#8221; medium_visibility=&#8221;yes&#8221;][\/vc_column][\/vc_row][vc_row unlock_row_content=&#8221;yes&#8221; row_height_percent=&#8221;0&#8243; override_padding=&#8221;yes&#8221; h_padding=&#8221;0&#8243; top_padding=&#8221;0&#8243; bottom_padding=&#8221;0&#8243; back_color=&#8221;color-xsdn&#8221; overlay_alpha=&#8221;50&#8243; equal_height=&#8221;yes&#8221; gutter_size=&#8221;0&#8243; column_width_percent=&#8221;100&#8243; shift_y=&#8221;0&#8243; z_index=&#8221;0&#8243; row_name=&#8221;gout&#8221;][vc_column column_width_percent=&#8221;100&#8243; gutter_size=&#8221;3&#8243; back_image=&#8221;93213&#8243; parallax=&#8221;yes&#8221; overlay_alpha=&#8221;50&#8243; shift_x=&#8221;0&#8243; shift_y=&#8221;0&#8243; shift_y_down=&#8221;0&#8243; z_index=&#8221;0&#8243; medium_width=&#8221;0&#8243; mobile_width=&#8221;0&#8243; width=&#8221;1\/2&#8243; uncode_shortcode_id=&#8221;958115&#8243;][vc_empty_space empty_h=&#8221;5&#8243; desktop_visibility=&#8221;yes&#8221; medium_visibility=&#8221;yes&#8221;][\/vc_column][vc_column column_width_use_pixel=&#8221;yes&#8221; position_vertical=&#8221;middle&#8221; gutter_size=&#8221;2&#8243; override_padding=&#8221;yes&#8221; column_padding=&#8221;2&#8243; overlay_alpha=&#8221;50&#8243; shift_x=&#8221;0&#8243; shift_y=&#8221;0&#8243; shift_y_down=&#8221;0&#8243; z_index=&#8221;0&#8243; medium_width=&#8221;0&#8243; mobile_width=&#8221;0&#8243; width=&#8221;1\/2&#8243; column_width_pixel=&#8221;540&#8243;][vc_empty_space empty_h=&#8221;1&#8243; mobile_visibility=&#8221;yes&#8221;][vc_single_image media=&#8221;91961&#8243; media_width_use_pixel=&#8221;yes&#8221; media_width_pixel=&#8221;80&#8243; uncode_shortcode_id=&#8221;181915&#8243;][vc_custom_heading heading_semantic=&#8221;h3&#8243; text_size=&#8221;h3&#8243; text_weight=&#8221;600&#8243; text_height=&#8221;fontheight-141665&#8243; sub_reduced=&#8221;yes&#8221; subheading=&#8221;Apr\u00e8s l\u2019eau et la terre, de l\u2019air ! Il symbolise l\u2019esprit.<\/p>\n<p>Prenez-le, humez-le, respirez-le profond\u00e9ment, laissez-le vous envahir.<br \/>\nDans votre lodge, il est l\u00e0, visible par les jeux de transparence, qui s\u2019invite par les baies vitr\u00e9es, la verri\u00e8re de la douche et celle z\u00e9nithale qui coiffe votre lit.<\/p>\n<p>Vous \u00eates bien dans votre bulle d\u2019air !<br \/>\nEt quand la nuit tombe, par cette m\u00eame verri\u00e8re, s\u2019ouvre le spectacle de l\u2019espace, infini, avec sa multitude d\u2019\u00e9toiles.&#8221; uncode_shortcode_id=&#8221;586003&#8243; text_color_type=&#8221;uncode-palette&#8221; text_color_solid=&#8221;#ff0000&#8243;]Retrouver les go\u00fbts simples[\/vc_custom_heading][vc_empty_space empty_h=&#8221;3&#8243; mobile_visibility=&#8221;yes&#8221;][\/vc_column][\/vc_row][vc_row unlock_row_content=&#8221;yes&#8221; row_height_percent=&#8221;0&#8243; override_padding=&#8221;yes&#8221; h_padding=&#8221;0&#8243; top_padding=&#8221;0&#8243; bottom_padding=&#8221;0&#8243; back_color=&#8221;color-xsdn&#8221; overlay_alpha=&#8221;50&#8243; equal_height=&#8221;yes&#8221; gutter_size=&#8221;0&#8243; column_width_percent=&#8221;100&#8243; shift_y=&#8221;0&#8243; z_index=&#8221;0&#8243;][vc_column column_width_use_pixel=&#8221;yes&#8221; position_vertical=&#8221;middle&#8221; gutter_size=&#8221;3&#8243; overlay_alpha=&#8221;50&#8243; shift_x=&#8221;0&#8243; shift_y=&#8221;0&#8243; shift_y_down=&#8221;0&#8243; z_index=&#8221;0&#8243; medium_width=&#8221;0&#8243; mobile_visibility=&#8221;yes&#8221; mobile_width=&#8221;0&#8243; width=&#8221;1\/2&#8243; column_width_pixel=&#8221;540&#8243;][vc_empty_space empty_h=&#8221;2&#8243; mobile_visibility=&#8221;yes&#8221;][vc_single_image media=&#8221;91964&#8243; media_width_use_pixel=&#8221;yes&#8221; media_width_pixel=&#8221;80&#8243; uncode_shortcode_id=&#8221;209599&#8243;][vc_custom_heading heading_semantic=&#8221;h3&#8243; text_size=&#8221;h3&#8243; text_weight=&#8221;600&#8243; text_height=&#8221;fontheight-141665&#8243; sub_reduced=&#8221;yes&#8221; subheading=&#8221;Place enfin au feu, qui symbolise l\u2019\u00e9nergie.<br \/>\nCelle du soleil bien s\u00fbr, qui p\u00e9n\u00e8tre votre lodge. Vivez \u00e0 son rythme, laissez-le prendre le pouvoir et vous r\u00e9chauffer \u00e0 sa guise.<\/p>\n<p>Et si, quand le soleil sera parti \u00e9clairer une autre partie de la terre, la chaleur de son feu vous manque, le po\u00eale \u00e0 bois prendra le relais !&#8221; uncode_shortcode_id=&#8221;476622&#8243; text_color_type=&#8221;uncode-palette&#8221; text_color_solid=&#8221;#ff0000&#8243;]Laisser parler l&#8217;intuition[\/vc_custom_heading][vc_empty_space empty_h=&#8221;3&#8243; mobile_visibility=&#8221;yes&#8221;][\/vc_column][vc_column column_width_percent=&#8221;100&#8243; gutter_size=&#8221;3&#8243; back_image=&#8221;93209&#8243; parallax=&#8221;yes&#8221; overlay_alpha=&#8221;50&#8243; shift_x=&#8221;0&#8243; shift_y=&#8221;0&#8243; shift_y_down=&#8221;0&#8243; z_index=&#8221;0&#8243; medium_width=&#8221;0&#8243; mobile_width=&#8221;0&#8243; width=&#8221;1\/2&#8243; uncode_shortcode_id=&#8221;128927&#8243;][vc_empty_space empty_h=&#8221;5&#8243; desktop_visibility=&#8221;yes&#8221; medium_visibility=&#8221;yes&#8221;][\/vc_column][\/vc_row][vc_row row_height_percent=&#8221;0&#8243; override_padding=&#8221;yes&#8221; h_padding=&#8221;2&#8243; top_padding=&#8221;2&#8243; bottom_padding=&#8221;2&#8243; back_color=&#8221;accent&#8221; overlay_alpha=&#8221;50&#8243; gutter_size=&#8221;3&#8243; column_width_percent=&#8221;100&#8243; shift_y=&#8221;0&#8243; z_index=&#8221;0&#8243; row_name=&#8221;odorat&#8221;][vc_column column_width_percent=&#8221;91&#8243; position_vertical=&#8221;middle&#8221; align_horizontal=&#8221;align_center&#8221; gutter_size=&#8221;3&#8243; override_padding=&#8221;yes&#8221; column_padding=&#8221;2&#8243; style=&#8221;dark&#8221; overlay_alpha=&#8221;50&#8243; shift_x=&#8221;0&#8243; shift_y=&#8221;0&#8243; shift_y_down=&#8221;0&#8243; z_index=&#8221;0&#8243; medium_width=&#8221;0&#8243; mobile_width=&#8221;0&#8243; width=&#8221;1\/1&#8243; uncode_shortcode_id=&#8221;160578&#8243;][vc_custom_heading heading_semantic=&#8221;h3&#8243; text_size=&#8221;h3&#8243; text_weight=&#8221;600&#8243; text_height=&#8221;fontheight-141665&#8243; sub_lead=&#8221;yes&#8221; sub_reduced=&#8221;yes&#8221; subheading=&#8221;L\u2019eau, la terre, l\u2019air et le feu\u2026<br \/>\nMais le tableau des \u00e9l\u00e9ments ne serait pas complet sans le cinqui\u00e8me, l\u2019\u00e9ther, qui serait \u00e0 l\u2019origine des quatre autres, qui les harmonise et les d\u00e9passe. En somme, tout ce qu\u2019on ne voit pas, qui nous transcende, qui nous permet de nos reconnecter \u00e0 nous m\u00eame.<\/p>\n<p>C\u2019est l\u2019ambition de Bleu Minuit : proposer un voyage qui soit aussi int\u00e9rieur !&#8221; uncode_shortcode_id=&#8221;145478&#8243; text_color_type=&#8221;uncode-palette&#8221; text_color_solid=&#8221;#ff0000&#8243;]Sentir et ressentir[\/vc_custom_heading][\/vc_column][\/vc_row]<\/p>\n<\/div>","protected":false},"excerpt":{"rendered":"<p>[vc_row row_height_percent=&#8221;0&#8243; override_padding=&#8221;yes&#8221; h_padding=&#8221;2&#8243; top_padding=&#8221;3&#8243; bottom_padding=&#8221;2&#8243; overlay_alpha=&#8221;50&#8243; gutter_size=&#8221;3&#8243; column_width_percent=&#8221;100&#8243; shift_y=&#8221;0&#8243; z_index=&#8221;0&#8243;][vc_column column_width_use_pixel=&#8221;yes&#8221; position_vertical=&#8221;middle&#8221; align_horizontal=&#8221;align_center&#8221; gutter_size=&#8221;3&#8243; overlay_alpha=&#8221;50&#8243; shift_x=&#8221;0&#8243; shift_y=&#8221;0&#8243; shift_y_down=&#8221;0&#8243; z_index=&#8221;0&#8243; [&hellip;]<\/p>\n","protected":false},"author":5,"featured_media":0,"parent":0,"menu_order":0,"comment_status":"closed","ping_status":"closed","template":"","meta":{"footnotes":""},"class_list":["post-91949","page","type-page","status-publish","hentry"],"yoast_head":"<!-- This site is optimized with the Yoast SEO plugin v27.4 - https:\/\/yoast.com\/product\/yoast-seo-wordpress\/ -->\n<title>Les \u00e9l\u00e9ments naturels - Bleu Minuit<\/title>\n<meta name=\"description\" content=\"Le concept Bleu Minuit\" \/>\n<meta name=\"robots\" content=\"index, follow, max-snippet:-1, max-image-preview:large, max-video-preview:-1\" \/>\n<link rel=\"canonical\" href=\"https:\/\/bleu-minuit.com\/en\/les-elements-naturels\/\" \/>\n<meta property=\"og:locale\" content=\"en_US\" \/>\n<meta property=\"og:type\" content=\"article\" \/>\n<meta property=\"og:title\" content=\"Les \u00e9l\u00e9ments naturels - Bleu Minuit\" \/>\n<meta property=\"og:description\" content=\"Le concept Bleu Minuit\" \/>\n<meta property=\"og:url\" content=\"https:\/\/bleu-minuit.com\/en\/les-elements-naturels\/\" \/>\n<meta property=\"og:site_name\" content=\"Bleu Minuit\" \/>\n<meta property=\"article:modified_time\" content=\"2023-08-11T21:29:04+00:00\" \/>\n<meta name=\"twitter:card\" content=\"summary_large_image\" \/>\n<meta name=\"twitter:label1\" content=\"Est. reading time\" \/>\n\t<meta name=\"twitter:data1\" content=\"5 minutes\" \/>\n<script type=\"application\/ld+json\" class=\"yoast-schema-graph\">{\"@context\":\"https:\\\/\\\/schema.org\",\"@graph\":[{\"@type\":\"WebPage\",\"@id\":\"https:\\\/\\\/bleu-minuit.com\\\/en\\\/les-elements-naturels\\\/\",\"url\":\"https:\\\/\\\/bleu-minuit.com\\\/en\\\/les-elements-naturels\\\/\",\"name\":\"Les \u00e9l\u00e9ments naturels - Bleu Minuit\",\"isPartOf\":{\"@id\":\"https:\\\/\\\/bleu-minuit.com\\\/en\\\/#website\"},\"datePublished\":\"2023-08-04T14:14:19+00:00\",\"dateModified\":\"2023-08-11T21:29:04+00:00\",\"description\":\"Le concept Bleu Minuit\",\"breadcrumb\":{\"@id\":\"https:\\\/\\\/bleu-minuit.com\\\/en\\\/les-elements-naturels\\\/#breadcrumb\"},\"inLanguage\":\"en-US\",\"potentialAction\":[{\"@type\":\"ReadAction\",\"target\":[\"https:\\\/\\\/bleu-minuit.com\\\/en\\\/les-elements-naturels\\\/\"]}]},{\"@type\":\"BreadcrumbList\",\"@id\":\"https:\\\/\\\/bleu-minuit.com\\\/en\\\/les-elements-naturels\\\/#breadcrumb\",\"itemListElement\":[{\"@type\":\"ListItem\",\"position\":1,\"name\":\"Accueil\",\"item\":\"https:\\\/\\\/bleu-minuit.com\\\/en\\\/\"},{\"@type\":\"ListItem\",\"position\":2,\"name\":\"Les \u00e9l\u00e9ments naturels\"}]},{\"@type\":\"WebSite\",\"@id\":\"https:\\\/\\\/bleu-minuit.com\\\/en\\\/#website\",\"url\":\"https:\\\/\\\/bleu-minuit.com\\\/en\\\/\",\"name\":\"Bleu Minuit\",\"description\":\"Ecolodges \u00e0 la belle \u00e9toile\",\"potentialAction\":[{\"@type\":\"SearchAction\",\"target\":{\"@type\":\"EntryPoint\",\"urlTemplate\":\"https:\\\/\\\/bleu-minuit.com\\\/en\\\/?s={search_term_string}\"},\"query-input\":{\"@type\":\"PropertyValueSpecification\",\"valueRequired\":true,\"valueName\":\"search_term_string\"}}],\"inLanguage\":\"en-US\"}]}<\/script>\n<!-- \/ Yoast SEO plugin. -->","yoast_head_json":{"title":"Les \u00e9l\u00e9ments naturels - Bleu Minuit","description":"Le concept Bleu Minuit","robots":{"index":"index","follow":"follow","max-snippet":"max-snippet:-1","max-image-preview":"max-image-preview:large","max-video-preview":"max-video-preview:-1"},"canonical":"https:\/\/bleu-minuit.com\/en\/les-elements-naturels\/","og_locale":"en_US","og_type":"article","og_title":"Les \u00e9l\u00e9ments naturels - Bleu Minuit","og_description":"Le concept Bleu Minuit","og_url":"https:\/\/bleu-minuit.com\/en\/les-elements-naturels\/","og_site_name":"Bleu Minuit","article_modified_time":"2023-08-11T21:29:04+00:00","twitter_card":"summary_large_image","twitter_misc":{"Est. reading time":"5 minutes"},"schema":{"@context":"https:\/\/schema.org","@graph":[{"@type":"WebPage","@id":"https:\/\/bleu-minuit.com\/en\/les-elements-naturels\/","url":"https:\/\/bleu-minuit.com\/en\/les-elements-naturels\/","name":"Les \u00e9l\u00e9ments naturels - Bleu Minuit","isPartOf":{"@id":"https:\/\/bleu-minuit.com\/en\/#website"},"datePublished":"2023-08-04T14:14:19+00:00","dateModified":"2023-08-11T21:29:04+00:00","description":"Le concept Bleu Minuit","breadcrumb":{"@id":"https:\/\/bleu-minuit.com\/en\/les-elements-naturels\/#breadcrumb"},"inLanguage":"en-US","potentialAction":[{"@type":"ReadAction","target":["https:\/\/bleu-minuit.com\/en\/les-elements-naturels\/"]}]},{"@type":"BreadcrumbList","@id":"https:\/\/bleu-minuit.com\/en\/les-elements-naturels\/#breadcrumb","itemListElement":[{"@type":"ListItem","position":1,"name":"Accueil","item":"https:\/\/bleu-minuit.com\/en\/"},{"@type":"ListItem","position":2,"name":"Les \u00e9l\u00e9ments naturels"}]},{"@type":"WebSite","@id":"https:\/\/bleu-minuit.com\/en\/#website","url":"https:\/\/bleu-minuit.com\/en\/","name":"Bleu Minuit","description":"Ecolodges \u00e0 la belle \u00e9toile","potentialAction":[{"@type":"SearchAction","target":{"@type":"EntryPoint","urlTemplate":"https:\/\/bleu-minuit.com\/en\/?s={search_term_string}"},"query-input":{"@type":"PropertyValueSpecification","valueRequired":true,"valueName":"search_term_string"}}],"inLanguage":"en-US"}]}},"_links":{"self":[{"href":"https:\/\/bleu-minuit.com\/en\/wp-json\/wp\/v2\/pages\/91949","targetHints":{"allow":["GET"]}}],"collection":[{"href":"https:\/\/bleu-minuit.com\/en\/wp-json\/wp\/v2\/pages"}],"about":[{"href":"https:\/\/bleu-minuit.com\/en\/wp-json\/wp\/v2\/types\/page"}],"author":[{"embeddable":true,"href":"https:\/\/bleu-minuit.com\/en\/wp-json\/wp\/v2\/users\/5"}],"replies":[{"embeddable":true,"href":"https:\/\/bleu-minuit.com\/en\/wp-json\/wp\/v2\/comments?post=91949"}],"version-history":[{"count":2,"href":"https:\/\/bleu-minuit.com\/en\/wp-json\/wp\/v2\/pages\/91949\/revisions"}],"predecessor-version":[{"id":93586,"href":"https:\/\/bleu-minuit.com\/en\/wp-json\/wp\/v2\/pages\/91949\/revisions\/93586"}],"wp:attachment":[{"href":"https:\/\/bleu-minuit.com\/en\/wp-json\/wp\/v2\/media?parent=91949"}],"curies":[{"name":"wp","href":"https:\/\/api.w.org\/{rel}","templated":true}]}}